{"id":715223,"date":"2025-08-27T17:27:37","date_gmt":"2025-08-27T14:27:37","guid":{"rendered":"https:\/\/roveyayinevi.com.tr\/index.php\/urun\/okuma-egitimi\/"},"modified":"2026-04-16T02:23:23","modified_gmt":"2026-04-15T23:23:23","slug":"okuma-egitimi","status":"publish","type":"product","link":"https:\/\/roveyayinevi.com.tr\/index.php\/urun\/okuma-egitimi\/","title":{"rendered":"Okuma E\u011fitimi"},"content":{"rendered":"<p>\u00d6\u011fretim s\u00fcrecini y\u00f6nlendiren ve bu s\u00fcrecin \u00f6nemli bir par\u00e7as\u0131 olan \u00f6\u011fretmenlerin, okuma becerisinin kazand\u0131r\u0131lmas\u0131nda da etkin rol oynad\u0131klar\u0131 bilinmektedir. Okuma becerisinin \u00e7e\u015fitli y\u00f6nlerden ele al\u0131nmas\u0131 ve bunun e\u011fitim-\u00f6\u011fretim s\u00fcre\u00e7lerine dahil edilmesi olduk\u00e7a \u00f6nemlidir. Bu kitapta okuma becerisi, okuma becerisi ile ilgili y\u00f6ntemler ve teknikler, okuma becerisinin kazand\u0131r\u0131lmas\u0131nda kar\u015f\u0131la\u015f\u0131lan g\u00fc\u00e7l\u00fckler ve \u00e7\u00f6z\u00fcm \u00f6nerileri\u2026 (son zamanlarda ger\u00e7ekle\u015ftirilen ara\u015ft\u0131rmalar ve incelemeler sonucunda elde edilen) yeni bilgiler \u0131\u015f\u0131\u011f\u0131nda dikkatlere sunulmaktad\u0131r.<\/p>\n","protected":false},"excerpt":{"rendered":"<p>\u00d6\u011fretim s\u00fcrecini y\u00f6nlendiren ve bu s\u00fcrecin \u00f6nemli bir par\u00e7as\u0131 olan \u00f6\u011fretmenlerin, okuma becerisinin kazand\u0131r\u0131lmas\u0131nda da etkin rol oynad\u0131klar\u0131 bilinmektedir. Okuma becerisinin \u00e7e\u015fitli y\u00f6nlerden ele al\u0131nmas\u0131 ve<span class=\"excerpt-hellip\"> [\u2026]<\/span><\/p>\n","protected":false},"featured_media":0,"template":"","meta":{"_monsterinsights_skip_tracking":false,"_monsterinsights_sitenote_active":false,"_monsterinsights_sitenote_note":"","_monsterinsights_sitenote_category":0},"product_brand":[],"product_cat":[12573,12566],"product_tag":[],"class_list":{"0":"post-715223","1":"product","2":"type-product","3":"status-publish","5":"product_cat-akademik-kitaplar","6":"product_cat-egitim","7":"pa_cilt-ciltsiz","8":"pa_tur-kitap","9":"pa_yayinevi-ani-yayincilik","10":"pa_yazar-kolektif","12":"first","13":"instock","14":"sale","15":"shipping-taxable","16":"purchasable","17":"product-type-simple"},"_links":{"self":[{"href":"https:\/\/roveyayinevi.com.tr\/index.php\/wp-json\/wp\/v2\/product\/715223","targetHints":{"allow":["GET"]}}],"collection":[{"href":"https:\/\/roveyayinevi.com.tr\/index.php\/wp-json\/wp\/v2\/product"}],"about":[{"href":"https:\/\/roveyayinevi.com.tr\/index.php\/wp-json\/wp\/v2\/types\/product"}],"wp:attachment":[{"href":"https:\/\/roveyayinevi.com.tr\/index.php\/wp-json\/wp\/v2\/media?parent=715223"}],"wp:term":[{"taxonomy":"product_brand","embeddable":true,"href":"https:\/\/roveyayinevi.com.tr\/index.php\/wp-json\/wp\/v2\/product_brand?post=715223"},{"taxonomy":"product_cat","embeddable":true,"href":"https:\/\/roveyayinevi.com.tr\/index.php\/wp-json\/wp\/v2\/product_cat?post=715223"},{"taxonomy":"product_tag","embeddable":true,"href":"https:\/\/roveyayinevi.com.tr\/index.php\/wp-json\/wp\/v2\/product_tag?post=715223"}],"curies":[{"name":"wp","href":"https:\/\/api.w.org\/{rel}","templated":true}]}}