{"id":715221,"date":"2025-08-27T17:27:36","date_gmt":"2025-08-27T14:27:36","guid":{"rendered":"https:\/\/roveyayinevi.com.tr\/index.php\/urun\/nicel-karar-yontemlerinde-guncel-kararlar-teori-ve-uygulama\/"},"modified":"2026-04-16T02:23:23","modified_gmt":"2026-04-15T23:23:23","slug":"nicel-karar-yontemlerinde-guncel-kararlar-teori-ve-uygulama","status":"publish","type":"product","link":"https:\/\/roveyayinevi.com.tr\/index.php\/urun\/nicel-karar-yontemlerinde-guncel-kararlar-teori-ve-uygulama\/","title":{"rendered":"Nicel Karar Y\u00f6ntemlerinde G\u00fcncel Kararlar &#8211; Teori ve Uygulama"},"content":{"rendered":"<p>Veri Zarflama Analizinde \u00c7apraz Etkinlik De\u011ferlendirmesi Network Veri Zarflama Analizi Avrupa \u00dclkelerinin Deniz Ticareti Bak\u0131m\u0131ndan Etkinlik Analizi Dinamik Programlama \u0130le Otomatik K\u0131lavuzlu Ara\u00e7 Rotalama K\u0131z ve Erkek \u00c7ocuklar\u0131n\u0131 Spora Y\u00f6nelten Fakt\u00f6rlerin CHAID Analizi ile belirlenmesi Geometrik Programlama ile personel se\u00e7imi Optimizasyonu H\u0131v-1 enfeksiyonu geli\u015fiminin par\u00e7ac\u0131k S\u00fcr\u00fc Optimizasyonu ve Evrimsel oyun teorisi Yakla\u015f\u0131mlar\u0131yla \u0130ncelenmesi S\u00fcrd\u00fcr\u00fclebilir  Kalk\u0131nma Hedefleri4 Do\u011frultusunda \u00dclkelerin De\u011ferlendirilmesi \u00c7ok Kriterli Karar vermede Aral\u0131k Tip 2 bulan\u0131k Yakla\u015f\u0131m Personel Se\u00e7iminde Aras ve Moora Y\u00f6ntemlerinin Kar\u015f\u0131la\u015ft\u0131r\u0131lmas\u0131 bir \u00fcretim firmas\u0131nda uygulama <\/p>\n","protected":false},"excerpt":{"rendered":"<p>Veri Zarflama Analizinde \u00c7apraz Etkinlik De\u011ferlendirmesi Network Veri Zarflama Analizi Avrupa \u00dclkelerinin Deniz Ticareti Bak\u0131m\u0131ndan Etkinlik Analizi Dinamik Programlama \u0130le Otomatik K\u0131lavuzlu Ara\u00e7 Rotalama K\u0131z ve<span class=\"excerpt-hellip\"> [\u2026]<\/span><\/p>\n","protected":false},"featured_media":0,"template":"","meta":{"_monsterinsights_skip_tracking":false,"_monsterinsights_sitenote_active":false,"_monsterinsights_sitenote_note":"","_monsterinsights_sitenote_category":0},"product_brand":[],"product_cat":[13043,14381],"product_tag":[],"class_list":{"0":"post-715221","1":"product","2":"type-product","3":"status-publish","5":"product_cat-ekonomi","6":"product_cat-isletme-muhasebe-maliye","7":"pa_cilt-ciltsiz","8":"pa_tur-kitap","9":"pa_yayinevi-gazi-kitabevi","10":"pa_yazar-kolektif","12":"first","13":"instock","14":"sale","15":"shipping-taxable","16":"purchasable","17":"product-type-simple"},"_links":{"self":[{"href":"https:\/\/roveyayinevi.com.tr\/index.php\/wp-json\/wp\/v2\/product\/715221","targetHints":{"allow":["GET"]}}],"collection":[{"href":"https:\/\/roveyayinevi.com.tr\/index.php\/wp-json\/wp\/v2\/product"}],"about":[{"href":"https:\/\/roveyayinevi.com.tr\/index.php\/wp-json\/wp\/v2\/types\/product"}],"wp:attachment":[{"href":"https:\/\/roveyayinevi.com.tr\/index.php\/wp-json\/wp\/v2\/media?parent=715221"}],"wp:term":[{"taxonomy":"product_brand","embeddable":true,"href":"https:\/\/roveyayinevi.com.tr\/index.php\/wp-json\/wp\/v2\/product_brand?post=715221"},{"taxonomy":"product_cat","embeddable":true,"href":"https:\/\/roveyayinevi.com.tr\/index.php\/wp-json\/wp\/v2\/product_cat?post=715221"},{"taxonomy":"product_tag","embeddable":true,"href":"https:\/\/roveyayinevi.com.tr\/index.php\/wp-json\/wp\/v2\/product_tag?post=715221"}],"curies":[{"name":"wp","href":"https:\/\/api.w.org\/{rel}","templated":true}]}}