{"id":715220,"date":"2025-08-27T17:27:35","date_gmt":"2025-08-27T14:27:35","guid":{"rendered":"https:\/\/roveyayinevi.com.tr\/index.php\/urun\/dugumler-ve-haclar\/"},"modified":"2026-04-16T02:23:23","modified_gmt":"2026-04-15T23:23:23","slug":"dugumler-ve-haclar","status":"publish","type":"product","link":"https:\/\/roveyayinevi.com.tr\/index.php\/urun\/dugumler-ve-haclar\/","title":{"rendered":"D\u00fc\u011f\u00fcmler ve Ha\u00e7lar"},"content":{"rendered":"<p>Hem de Edinburgh\u2019da. Demek istiyorum ki, Edinburgh\u2019da b\u00f6yle bir \u015fey olaca\u011f\u0131 asla akl\u0131n\u0131za gelmez, de\u011fil mi&#8230;?\u201d \u2018B\u00f6yle bir \u015fey\u2019, iki gen\u00e7 k\u0131z\u0131n vah\u015fi bir \u015fekilde ka\u00e7\u0131r\u0131l\u0131\u015f\u0131 ve \u00f6ld\u00fcr\u00fcl\u00fc\u015f\u00fc. Eski bir asker olan Dedektif Rebus, art\u0131k an\u0131lar\u0131ndan ka\u00e7an, ald\u0131\u011f\u0131 garip mektuplara ald\u0131rmayan ayr\u0131ks\u0131, anla\u015f\u0131lmas\u0131 zor bir polistir. \u00dc\u00e7\u00fcnc\u00fc gen\u00e7 k\u0131z da kaybolunca ayn\u0131 ak\u0131bete u\u011frad\u0131\u011f\u0131 d\u00fc\u015f\u00fcn\u00fcl\u00fcr ve pek \u00e7ok polisle birlikte Rebus da katilin pe\u015fine d\u00fc\u015fer. \u00c7ok ge\u00e7meden mesajlar gelmeye ba\u015flar: D\u00fc\u011f\u00fcml\u00fc ipler ve kibrit \u00e7\u00f6p\u00fcnden yap\u0131lma ha\u00e7lar. Ancak Rebus\u2019un olayla ili\u015fkisi farkl\u0131d\u0131r; o yaln\u0131zca katili yakalamaya \u00e7al\u0131\u015fan bir polis de\u011fil, bu yapbozun par\u00e7alar\u0131n\u0131 bir araya getirip olay\u0131 \u00e7\u00f6zebilecek tek ki\u015fidir.  Dedektif Rebus dizisi, ba\u015ftan sona birinci s\u0131n\u0131f bir \u00e7al\u0131\u015fma&#8230; Rankin m\u00fckemmel bir \u015fekilde yaratt\u0131\u011f\u0131 kahraman\u0131n\u0131 \u0130sko\u00e7ya\u2019daki mek\u00e2nlar\u0131n ve diyaloglar\u0131n \u00e7arp\u0131c\u0131 hakikili\u011fiyle birle\u015ftirmi\u015f. The Times <\/p>\n","protected":false},"excerpt":{"rendered":"<p>Hem de Edinburgh\u2019da. Demek istiyorum ki, Edinburgh\u2019da b\u00f6yle bir \u015fey olaca\u011f\u0131 asla akl\u0131n\u0131za gelmez, de\u011fil mi&#8230;?\u201d \u2018B\u00f6yle bir \u015fey\u2019, iki gen\u00e7 k\u0131z\u0131n vah\u015fi bir \u015fekilde ka\u00e7\u0131r\u0131l\u0131\u015f\u0131<span class=\"excerpt-hellip\"> [\u2026]<\/span><\/p>\n","protected":false},"featured_media":0,"template":"","meta":{"_monsterinsights_skip_tracking":false,"_monsterinsights_sitenote_active":false,"_monsterinsights_sitenote_note":"","_monsterinsights_sitenote_category":0},"product_brand":[],"product_cat":[12291,15445],"product_tag":[],"class_list":{"0":"post-715220","1":"product","2":"type-product","3":"status-publish","5":"product_cat-edebiyat","6":"product_cat-polisiye","7":"pa_cilt-ciltsiz","8":"pa_tur-kitap","9":"pa_yayinevi-alfa-yayinlari","10":"pa_yazar-ian-rankin","12":"first","13":"instock","14":"sale","15":"shipping-taxable","16":"purchasable","17":"product-type-simple"},"_links":{"self":[{"href":"https:\/\/roveyayinevi.com.tr\/index.php\/wp-json\/wp\/v2\/product\/715220","targetHints":{"allow":["GET"]}}],"collection":[{"href":"https:\/\/roveyayinevi.com.tr\/index.php\/wp-json\/wp\/v2\/product"}],"about":[{"href":"https:\/\/roveyayinevi.com.tr\/index.php\/wp-json\/wp\/v2\/types\/product"}],"wp:attachment":[{"href":"https:\/\/roveyayinevi.com.tr\/index.php\/wp-json\/wp\/v2\/media?parent=715220"}],"wp:term":[{"taxonomy":"product_brand","embeddable":true,"href":"https:\/\/roveyayinevi.com.tr\/index.php\/wp-json\/wp\/v2\/product_brand?post=715220"},{"taxonomy":"product_cat","embeddable":true,"href":"https:\/\/roveyayinevi.com.tr\/index.php\/wp-json\/wp\/v2\/product_cat?post=715220"},{"taxonomy":"product_tag","embeddable":true,"href":"https:\/\/roveyayinevi.com.tr\/index.php\/wp-json\/wp\/v2\/product_tag?post=715220"}],"curies":[{"name":"wp","href":"https:\/\/api.w.org\/{rel}","templated":true}]}}