{"id":715216,"date":"2025-08-27T17:27:33","date_gmt":"2025-08-27T14:27:33","guid":{"rendered":"https:\/\/roveyayinevi.com.tr\/index.php\/urun\/bebeginiz-uykuyu-cok-sevecek\/"},"modified":"2026-04-16T02:23:23","modified_gmt":"2026-04-15T23:23:23","slug":"bebeginiz-uykuyu-cok-sevecek","status":"publish","type":"product","link":"https:\/\/roveyayinevi.com.tr\/index.php\/urun\/bebeginiz-uykuyu-cok-sevecek\/","title":{"rendered":"Bebe\u011finiz Uykuyu \u00c7ok Sevecek"},"content":{"rendered":"<p>Tam kendinizi s\u0131cac\u0131k yata\u011f\u0131n\u0131za b\u0131rakt\u0131n\u0131z yine bir a\u011flama sesi\u2026 Karn\u0131 tok, gaz\u0131 yok. Alt\u0131 temiz, pi\u015fik yok. Kucakta p\u0131\u015fp\u0131\u015f, ayakta salla, yata\u011f\u0131na yat\u0131r, kald\u0131r, yine yat\u0131r. Olmad\u0131 odada gezdir. En sevdi\u011fi oyunca\u011f\u0131 eline tutu\u015ftur, pencereden bakt\u0131r. Her gece saatlerce \u00e7\u0131rp\u0131n ve sonunda pes et.Her y\u00f6ntemi denemenize ra\u011fmen sonu\u00e7 huzursuz, mutsuz bir bebek ve zombiye d\u00f6n\u00fc\u015fm\u00fc\u015f bir anne mi? Bunu tersine \u00e7evirmek ve kesintisiz gece uykular\u0131na sahip olmak m\u00fcmk\u00fcn.Uyku dan\u0131\u015fman\u0131 Sinem Gerger Ak\u0131nal\u2019la uykuyla ilgili t\u00fcm kafa kar\u0131\u015ft\u0131r\u0131c\u0131 sorular rafa kalk\u0131yor. Bebekten bebe\u011fe, anneden anneye de\u011fi\u015fen y\u00f6ntemlerle, s\u0131n\u0131rlar\u0131n\u0131z\u0131 zorlamadan ve sinirlerinizi y\u0131pratmadan sizi rahatlatacak ve bilin\u00e7lendirecek bir kitapla tan\u0131\u015fmaya haz\u0131r olun. Bir de cin gibi etrafa bakan o minik g\u00f6zlerin bir anda kapan\u0131p bebe\u011finizin dinlendirici bir uykuya dalmas\u0131n\u0131n size ya\u015fataca\u011f\u0131 huzura! \u00c7\u00fcnk\u00fc art\u0131k bebe\u011finiz uykuyu \u00e7ok sevecek!\u201cDili ve yakla\u015f\u0131m\u0131 yumu\u015fac\u0131k, anla\u015f\u0131l\u0131r, g\u00fcvenilir, bebe\u011finiz ve kendiniz i\u00e7in do\u011fru adres.\u201d- Ebru Akel\u201cUykuya ge\u00e7i\u015fi kolayla\u015ft\u0131rman\u0131z, bebe\u011finizin kendi uyku ritmini olu\u015fturmas\u0131n\u0131 sa\u011flayacak, b\u00fcy\u00fcme ve geli\u015fimini destekleyecektir. Her \u00e7ocu\u011fun uyku d\u00fczeni farkl\u0131d\u0131r. \u0130\u015fte yavrunuzun kendi d\u00fczenini ke\u015ffetmesine yard\u0131mc\u0131 olacak bir kitap\u2026\u201d<\/p>\n","protected":false},"excerpt":{"rendered":"<p>Tam kendinizi s\u0131cac\u0131k yata\u011f\u0131n\u0131za b\u0131rakt\u0131n\u0131z yine bir a\u011flama sesi\u2026 Karn\u0131 tok, gaz\u0131 yok. Alt\u0131 temiz, pi\u015fik yok. Kucakta p\u0131\u015fp\u0131\u015f, ayakta salla, yata\u011f\u0131na yat\u0131r, kald\u0131r, yine yat\u0131r.<span class=\"excerpt-hellip\"> [\u2026]<\/span><\/p>\n","protected":false},"featured_media":0,"template":"","meta":{"_monsterinsights_skip_tracking":false,"_monsterinsights_sitenote_active":false,"_monsterinsights_sitenote_note":"","_monsterinsights_sitenote_category":0},"product_brand":[],"product_cat":[12324],"product_tag":[],"class_list":{"0":"post-715216","1":"product","2":"type-product","3":"status-publish","5":"product_cat-sosyoloji","6":"pa_cilt-ciltsiz","7":"pa_tur-kitap","8":"pa_yayinevi-koridor-yayincilik","9":"pa_yazar-sinem-gerger-akinal","11":"first","12":"instock","13":"sale","14":"shipping-taxable","15":"purchasable","16":"product-type-simple"},"_links":{"self":[{"href":"https:\/\/roveyayinevi.com.tr\/index.php\/wp-json\/wp\/v2\/product\/715216","targetHints":{"allow":["GET"]}}],"collection":[{"href":"https:\/\/roveyayinevi.com.tr\/index.php\/wp-json\/wp\/v2\/product"}],"about":[{"href":"https:\/\/roveyayinevi.com.tr\/index.php\/wp-json\/wp\/v2\/types\/product"}],"wp:attachment":[{"href":"https:\/\/roveyayinevi.com.tr\/index.php\/wp-json\/wp\/v2\/media?parent=715216"}],"wp:term":[{"taxonomy":"product_brand","embeddable":true,"href":"https:\/\/roveyayinevi.com.tr\/index.php\/wp-json\/wp\/v2\/product_brand?post=715216"},{"taxonomy":"product_cat","embeddable":true,"href":"https:\/\/roveyayinevi.com.tr\/index.php\/wp-json\/wp\/v2\/product_cat?post=715216"},{"taxonomy":"product_tag","embeddable":true,"href":"https:\/\/roveyayinevi.com.tr\/index.php\/wp-json\/wp\/v2\/product_tag?post=715216"}],"curies":[{"name":"wp","href":"https:\/\/api.w.org\/{rel}","templated":true}]}}