{"id":715215,"date":"2025-08-27T17:27:32","date_gmt":"2025-08-27T14:27:32","guid":{"rendered":"https:\/\/roveyayinevi.com.tr\/index.php\/urun\/kedi-kafasi\/"},"modified":"2026-04-16T02:23:23","modified_gmt":"2026-04-15T23:23:23","slug":"kedi-kafasi","status":"publish","type":"product","link":"https:\/\/roveyayinevi.com.tr\/index.php\/urun\/kedi-kafasi\/","title":{"rendered":"Kedi Kafas\u0131"},"content":{"rendered":"<p>&#8220;Kedi zek\u00e2s\u0131 hafife al\u0131nm\u0131\u015ft\u0131r.\u201dKedilerin \u00e7o\u011fu iyi bir hayat ya\u015far. \u0130yi beslenirler, \u015f\u0131mart\u0131l\u0131rlar ve her daim ilgi oda\u011f\u0131 olmay\u0131 ba\u015far\u0131rlar. Bunu yaparken de kendileri olmaktan vazge\u00e7mez, \u015fahs\u0131na m\u00fcnhas\u0131rl\u0131klar\u0131n\u0131 korurlar.Kedi Kafas\u0131, kedilerden \u00f6\u011frenebilece\u011fimiz ve kendimiz olmaktan vazge\u00e7meden daha kaliteli bir hayat ya\u015famak i\u00e7in ihtiyac\u0131m\u0131z olan 60 k\u0131sa ders anlat\u0131yor. Onlardan \u00f6\u011freneceklerimiz var.Kar\u015f\u0131lar\u0131na \u00e7\u0131kan bir f\u0131rsat\u0131 nas\u0131l de\u011ferlendiriyorlar?\u0130yi bir izlenim b\u0131rakmak i\u00e7in ne yap\u0131yorlar?\u0130kna etmekte nas\u0131l bu kadar ba\u015far\u0131l\u0131lar?G\u00fc\u00e7l\u00fc taraflar\u0131n\u0131 nas\u0131l kullan\u0131yorlar?Kedi Kafas\u0131 hep d\u00f6rt ayaklar\u0131 \u00fczerine d\u00fc\u015fen sevimli dostlar\u0131m\u0131z\u0131n \u201chayattaki ba\u015far\u0131lar\u0131n\u0131n\u201d s\u0131rlar\u0131n\u0131 a\u00e7\u0131kl\u0131yor.60 dersle her \u015feyi halledeceksiniz!<\/p>\n","protected":false},"excerpt":{"rendered":"<p>&#8220;Kedi zek\u00e2s\u0131 hafife al\u0131nm\u0131\u015ft\u0131r.\u201dKedilerin \u00e7o\u011fu iyi bir hayat ya\u015far. \u0130yi beslenirler, \u015f\u0131mart\u0131l\u0131rlar ve her daim ilgi oda\u011f\u0131 olmay\u0131 ba\u015far\u0131rlar. Bunu yaparken de kendileri olmaktan vazge\u00e7mez, \u015fahs\u0131na<span class=\"excerpt-hellip\"> [\u2026]<\/span><\/p>\n","protected":false},"featured_media":0,"template":"","meta":{"_monsterinsights_skip_tracking":false,"_monsterinsights_sitenote_active":false,"_monsterinsights_sitenote_note":"","_monsterinsights_sitenote_category":0},"product_brand":[],"product_cat":[14787,13488],"product_tag":[],"class_list":{"0":"post-715215","1":"product","2":"type-product","3":"status-publish","5":"product_cat-diger-toplum-ve-insan","6":"product_cat-toplum-ve-insan","7":"pa_cilt-ciltsiz","8":"pa_tur-kitap","9":"pa_yayinevi-portakal-kitap","10":"pa_yazar-neil-somerville","12":"first","13":"instock","14":"sale","15":"shipping-taxable","16":"purchasable","17":"product-type-simple"},"_links":{"self":[{"href":"https:\/\/roveyayinevi.com.tr\/index.php\/wp-json\/wp\/v2\/product\/715215","targetHints":{"allow":["GET"]}}],"collection":[{"href":"https:\/\/roveyayinevi.com.tr\/index.php\/wp-json\/wp\/v2\/product"}],"about":[{"href":"https:\/\/roveyayinevi.com.tr\/index.php\/wp-json\/wp\/v2\/types\/product"}],"wp:attachment":[{"href":"https:\/\/roveyayinevi.com.tr\/index.php\/wp-json\/wp\/v2\/media?parent=715215"}],"wp:term":[{"taxonomy":"product_brand","embeddable":true,"href":"https:\/\/roveyayinevi.com.tr\/index.php\/wp-json\/wp\/v2\/product_brand?post=715215"},{"taxonomy":"product_cat","embeddable":true,"href":"https:\/\/roveyayinevi.com.tr\/index.php\/wp-json\/wp\/v2\/product_cat?post=715215"},{"taxonomy":"product_tag","embeddable":true,"href":"https:\/\/roveyayinevi.com.tr\/index.php\/wp-json\/wp\/v2\/product_tag?post=715215"}],"curies":[{"name":"wp","href":"https:\/\/api.w.org\/{rel}","templated":true}]}}