{"id":715211,"date":"2025-08-27T17:27:29","date_gmt":"2025-08-27T14:27:29","guid":{"rendered":"https:\/\/roveyayinevi.com.tr\/index.php\/urun\/hellboy-krampusnacht\/"},"modified":"2026-04-16T02:23:23","modified_gmt":"2026-04-15T23:23:23","slug":"hellboy-krampusnacht","status":"publish","type":"product","link":"https:\/\/roveyayinevi.com.tr\/index.php\/urun\/hellboy-krampusnacht\/","title":{"rendered":"Hellboy &#8211; Krampusnacht"},"content":{"rendered":"<p>Avusturya, 1975.Noel yakla\u015f\u0131yor ve insanlar aileleriyle olmak i\u00e7in evlerine d\u00f6n\u00fcyorlard\u0131. Ne var ki Hellboy evinde de\u011fildi &#8211; bir kilisede ama\u00e7s\u0131z g\u00f6r\u00fcnen bir y\u0131k\u0131m onu kadim bir k\u00f6t\u00fcl\u00fc\u011f\u00fcn pe\u015fine d\u00fc\u015f\u00fcrm\u00fc\u015ft\u00fc. \u015eimdi de dondurucu so\u011fukta, karlar\u0131n i\u00e7inde bir kad\u0131n imgesi ona yol g\u00f6steriyordu. Hellboy bu Noel\u2019de evine d\u00f6nmek isteyen tek ki\u015fi olmad\u0131\u011f\u0131n\u0131 \u015fa\u015f\u0131rt\u0131c\u0131 bir bi\u00e7imde \u00f6\u011frenecekti.   Hellboy\u2019un Eisner 2018 En \u0130yi \u00c7izgi Roman \u00f6d\u00fcll\u00fc bu \u00f6zel say\u0131s\u0131, Mike Mignola ile Adam Hughes\u2019u ilk kez Hellboy Evreni\u2019nde bulu\u015fturuyor.<\/p>\n","protected":false},"excerpt":{"rendered":"<p>Avusturya, 1975.Noel yakla\u015f\u0131yor ve insanlar aileleriyle olmak i\u00e7in evlerine d\u00f6n\u00fcyorlard\u0131. Ne var ki Hellboy evinde de\u011fildi &#8211; bir kilisede ama\u00e7s\u0131z g\u00f6r\u00fcnen bir y\u0131k\u0131m onu kadim bir<span class=\"excerpt-hellip\"> [\u2026]<\/span><\/p>\n","protected":false},"featured_media":0,"template":"","meta":{"_monsterinsights_skip_tracking":false,"_monsterinsights_sitenote_active":false,"_monsterinsights_sitenote_note":"","_monsterinsights_sitenote_category":0},"product_brand":[],"product_cat":[12416,12291],"product_tag":[],"class_list":{"0":"post-715211","1":"product","2":"type-product","3":"status-publish","5":"product_cat-cizgi-roman","6":"product_cat-edebiyat","7":"pa_cilt-ciltsiz","8":"pa_tur-kitap","9":"pa_yayinevi-jbc-yayincilik","10":"pa_yazar-mike-mignola","12":"first","13":"instock","14":"sale","15":"shipping-taxable","16":"purchasable","17":"product-type-simple"},"_links":{"self":[{"href":"https:\/\/roveyayinevi.com.tr\/index.php\/wp-json\/wp\/v2\/product\/715211","targetHints":{"allow":["GET"]}}],"collection":[{"href":"https:\/\/roveyayinevi.com.tr\/index.php\/wp-json\/wp\/v2\/product"}],"about":[{"href":"https:\/\/roveyayinevi.com.tr\/index.php\/wp-json\/wp\/v2\/types\/product"}],"wp:attachment":[{"href":"https:\/\/roveyayinevi.com.tr\/index.php\/wp-json\/wp\/v2\/media?parent=715211"}],"wp:term":[{"taxonomy":"product_brand","embeddable":true,"href":"https:\/\/roveyayinevi.com.tr\/index.php\/wp-json\/wp\/v2\/product_brand?post=715211"},{"taxonomy":"product_cat","embeddable":true,"href":"https:\/\/roveyayinevi.com.tr\/index.php\/wp-json\/wp\/v2\/product_cat?post=715211"},{"taxonomy":"product_tag","embeddable":true,"href":"https:\/\/roveyayinevi.com.tr\/index.php\/wp-json\/wp\/v2\/product_tag?post=715211"}],"curies":[{"name":"wp","href":"https:\/\/api.w.org\/{rel}","templated":true}]}}