{"id":715210,"date":"2025-08-27T17:27:29","date_gmt":"2025-08-27T14:27:29","guid":{"rendered":"https:\/\/roveyayinevi.com.tr\/index.php\/urun\/korku-kulubu-17-obur-dunyadan-gelen-cocuk\/"},"modified":"2026-04-16T02:23:23","modified_gmt":"2026-04-15T23:23:23","slug":"korku-kulubu-17-obur-dunyadan-gelen-cocuk","status":"publish","type":"product","link":"https:\/\/roveyayinevi.com.tr\/index.php\/urun\/korku-kulubu-17-obur-dunyadan-gelen-cocuk\/","title":{"rendered":"Korku Kul\u00fcb\u00fc 17-\u00d6b\u00fcr D\u00fcnyadan gelen \u00c7ocuk"},"content":{"rendered":"<p>Kimdir o? Nereden geliyor? Iss\u0131z yolda ilerleyen araban\u0131n s\u00fcr\u00fcc\u00fcs\u00fcn\u00fc kime kar\u015f\u0131 uyarmaya \u00e7al\u0131\u015f\u0131yor? Korku Kul\u00fcb\u00fc\u2019n\u00fcn \u00fc\u00e7 \u00fcyesi, bu gizemli \u00e7ocu\u011fun bir zamanlar onlarla ayn\u0131 okula gitti\u011fini ve ba\u015f\u0131na korkun\u00e7 bir olay geldi\u011fini \u00f6\u011freniyor.Ara\u015ft\u0131rmalar\u0131 s\u0131ras\u0131nda J\u00fcpiter, birden kendini bu \u00e7ocu\u011fun hayaletiyle kar\u015f\u0131 kar\u015f\u0131ya buluyor ve \u00f6b\u00fcr d\u00fcnyadan neden d\u00f6nd\u00fc\u011f\u00fcn\u00fc \u00f6\u011freniyor\u2026<\/p>\n","protected":false},"excerpt":{"rendered":"<p>Kimdir o? Nereden geliyor? Iss\u0131z yolda ilerleyen araban\u0131n s\u00fcr\u00fcc\u00fcs\u00fcn\u00fc kime kar\u015f\u0131 uyarmaya \u00e7al\u0131\u015f\u0131yor? Korku Kul\u00fcb\u00fc\u2019n\u00fcn \u00fc\u00e7 \u00fcyesi, bu gizemli \u00e7ocu\u011fun bir zamanlar onlarla ayn\u0131 okula gitti\u011fini<span class=\"excerpt-hellip\"> [\u2026]<\/span><\/p>\n","protected":false},"featured_media":0,"template":"","meta":{"_monsterinsights_skip_tracking":false,"_monsterinsights_sitenote_active":false,"_monsterinsights_sitenote_note":"","_monsterinsights_sitenote_category":0},"product_brand":[],"product_cat":[12291,14777],"product_tag":[],"class_list":{"0":"post-715210","1":"product","2":"type-product","3":"status-publish","5":"product_cat-edebiyat","6":"product_cat-fantastik","7":"pa_cilt-ciltsiz","8":"pa_tur-kitap","9":"pa_yayinevi-beyaz-balina-yayinlari","10":"pa_yazar-thomas-c-brezina","12":"first","13":"instock","14":"sale","15":"shipping-taxable","16":"purchasable","17":"product-type-simple"},"_links":{"self":[{"href":"https:\/\/roveyayinevi.com.tr\/index.php\/wp-json\/wp\/v2\/product\/715210","targetHints":{"allow":["GET"]}}],"collection":[{"href":"https:\/\/roveyayinevi.com.tr\/index.php\/wp-json\/wp\/v2\/product"}],"about":[{"href":"https:\/\/roveyayinevi.com.tr\/index.php\/wp-json\/wp\/v2\/types\/product"}],"wp:attachment":[{"href":"https:\/\/roveyayinevi.com.tr\/index.php\/wp-json\/wp\/v2\/media?parent=715210"}],"wp:term":[{"taxonomy":"product_brand","embeddable":true,"href":"https:\/\/roveyayinevi.com.tr\/index.php\/wp-json\/wp\/v2\/product_brand?post=715210"},{"taxonomy":"product_cat","embeddable":true,"href":"https:\/\/roveyayinevi.com.tr\/index.php\/wp-json\/wp\/v2\/product_cat?post=715210"},{"taxonomy":"product_tag","embeddable":true,"href":"https:\/\/roveyayinevi.com.tr\/index.php\/wp-json\/wp\/v2\/product_tag?post=715210"}],"curies":[{"name":"wp","href":"https:\/\/api.w.org\/{rel}","templated":true}]}}