{"id":715209,"date":"2025-08-27T17:27:28","date_gmt":"2025-08-27T14:27:28","guid":{"rendered":"https:\/\/roveyayinevi.com.tr\/index.php\/urun\/atistirmalik-oykuler\/"},"modified":"2026-04-16T02:23:23","modified_gmt":"2026-04-15T23:23:23","slug":"atistirmalik-oykuler","status":"publish","type":"product","link":"https:\/\/roveyayinevi.com.tr\/index.php\/urun\/atistirmalik-oykuler\/","title":{"rendered":"At\u0131\u015ft\u0131rmal\u0131k \u00d6yk\u00fcler"},"content":{"rendered":"<p>\u0130lk \u00e7ocuk kitab\u0131 Bir \u015eeyler Yapmam Gerek&#8217;le b\u00fcy\u00fck bir \u00e7\u0131k\u0131\u015f yakalayan Elif Yonat To\u011fay, yeni kitab\u0131 At\u0131\u015ft\u0131rmal\u0131k \u00d6yk\u00fcler\u2019de, yeti\u015fkinlere g\u00f6re s\u0131radan olmayan\u0131, \u00e7ocuklar\u0131n g\u00f6z\u00fcnden s\u0131radan ve en do\u011fal haliyle anlat\u0131yor.G\u00fcndelik hayatla ili\u015fkili 10 k\u0131sa \u00f6yk\u00fcn\u00fcn yer ald\u0131\u011f\u0131 bu e\u011flenceli kitap, kendine has mizahi duru\u015fu ve Maria Brzozowska\u2019n\u0131n g\u00f6z al\u0131c\u0131 resimleriyle her ya\u015ftan \u00f6yk\u00fcseverin kalbini \u00e7eliyor.2016 Tudem Edebiyat \u00dc\u00e7\u00fcnc\u00fcl\u00fck \u00d6d\u00fcl\u00fc\u2019ne de\u011fer g\u00f6r\u00fclen At\u0131\u015ft\u0131rmal\u0131k \u00d6yk\u00fcler, mutluluk, hayal k\u0131r\u0131kl\u0131\u011f\u0131, \u015fa\u015fk\u0131nl\u0131k gibi farkl\u0131 duygulara de\u011finerek g\u00fcndelik hayattaki ileti\u015fim kopuklu\u011funa da vurgu yap\u0131yor.\u00d6yk\u00fcleri, Varl\u0131k, Sarn\u0131\u00e7, Kitap\u00e7\u0131 gibi dergilerde yay\u0131mlanan Elif Yonat To\u011fay, At\u0131\u015ft\u0131rmal\u0131k \u00d6yk\u00fcler\u2019de, g\u00fcndelik hayatta fark edilmeyen detaylar\u0131 bir de \u00e7ocuklar\u0131n g\u00f6z\u00fcnden anlat\u0131yor. Her \u00f6yk\u00fcde ba\u015fka bir \u00e7ocu\u011fun d\u00fcnyas\u0131na dalan bu sevimli kitap, yeti\u015fkinlerin \u0131skalad\u0131\u011f\u0131 pek \u00e7ok \u00f6nemli \u00e2n\u0131 yakalamay\u0131 ba\u015fararak hayat\u0131 her zamankinden daha anlaml\u0131 k\u0131l\u0131yor. At\u0131\u015ft\u0131rmal\u0131k \u00d6yk\u00fcler&#8217;de, i\u00e7i i\u00e7ine s\u0131\u011fmayan \u00e7ocuklar, oyunbaz anne-babalar, reng\u00e2renk oyuncaklar hayalden ger\u00e7e\u011fe ko\u015fu\u015fturuyor. Ya\u015fam\u0131 b\u00fcy\u00fck bir oyun alan\u0131na benzeten kitap, okurlar\u0131 v\u00fccut \u0131s\u0131s\u0131n\u0131 y\u00fckselterek anne babas\u0131n\u0131 bir araya getirmeyi planlayan bir \u00e7ocu\u011fun ya da Japon turistler gibi m\u00fczeleri ar\u015f\u0131nlayarak sosyal medyadan be\u011feni toplayan bir afacan\u0131n \u015fa\u015f\u0131rt\u0131c\u0131 d\u00fcnyas\u0131na davet ediyor.Ya\u015fs\u0131z olarak nitelendirilebilecek At\u0131\u015ft\u0131rmal\u0131k \u00d6yk\u00fcler&#8217;i kaleme al\u0131rken her zamanki gibi hayat\u0131n kendisinden ilham alan Elif Yonat To\u011fay, k\u0131sa ve n\u00fckteli anlat\u0131m\u0131 ile her \u00f6yk\u00fcn\u00fcn sonunda okurlar\u0131na g\u00fcl\u00fcc\u00fckler arma\u011fan ediyor.  <\/p>\n","protected":false},"excerpt":{"rendered":"<p>\u0130lk \u00e7ocuk kitab\u0131 Bir \u015eeyler Yapmam Gerek&#8217;le b\u00fcy\u00fck bir \u00e7\u0131k\u0131\u015f yakalayan Elif Yonat To\u011fay, yeni kitab\u0131 At\u0131\u015ft\u0131rmal\u0131k \u00d6yk\u00fcler\u2019de, yeti\u015fkinlere g\u00f6re s\u0131radan olmayan\u0131, \u00e7ocuklar\u0131n g\u00f6z\u00fcnden s\u0131radan ve<span class=\"excerpt-hellip\"> [\u2026]<\/span><\/p>\n","protected":false},"featured_media":0,"template":"","meta":{"_monsterinsights_skip_tracking":false,"_monsterinsights_sitenote_active":false,"_monsterinsights_sitenote_note":"","_monsterinsights_sitenote_category":0},"product_brand":[],"product_cat":[12274,12284],"product_tag":[],"class_list":{"0":"post-715209","1":"product","2":"type-product","3":"status-publish","5":"product_cat-cocuk-ve-genclik-kitaplari","6":"product_cat-hikayeler","7":"pa_cilt-ciltsiz","8":"pa_tur-kitap","9":"pa_yayinevi-tudem-yayinlari","10":"pa_yazar-elif-yonat-togay","12":"first","13":"instock","14":"sale","15":"shipping-taxable","16":"purchasable","17":"product-type-simple"},"_links":{"self":[{"href":"https:\/\/roveyayinevi.com.tr\/index.php\/wp-json\/wp\/v2\/product\/715209","targetHints":{"allow":["GET"]}}],"collection":[{"href":"https:\/\/roveyayinevi.com.tr\/index.php\/wp-json\/wp\/v2\/product"}],"about":[{"href":"https:\/\/roveyayinevi.com.tr\/index.php\/wp-json\/wp\/v2\/types\/product"}],"wp:attachment":[{"href":"https:\/\/roveyayinevi.com.tr\/index.php\/wp-json\/wp\/v2\/media?parent=715209"}],"wp:term":[{"taxonomy":"product_brand","embeddable":true,"href":"https:\/\/roveyayinevi.com.tr\/index.php\/wp-json\/wp\/v2\/product_brand?post=715209"},{"taxonomy":"product_cat","embeddable":true,"href":"https:\/\/roveyayinevi.com.tr\/index.php\/wp-json\/wp\/v2\/product_cat?post=715209"},{"taxonomy":"product_tag","embeddable":true,"href":"https:\/\/roveyayinevi.com.tr\/index.php\/wp-json\/wp\/v2\/product_tag?post=715209"}],"curies":[{"name":"wp","href":"https:\/\/api.w.org\/{rel}","templated":true}]}}