{"id":715207,"date":"2025-08-27T17:27:26","date_gmt":"2025-08-27T14:27:26","guid":{"rendered":"https:\/\/roveyayinevi.com.tr\/index.php\/urun\/newton\/"},"modified":"2026-04-16T02:23:23","modified_gmt":"2026-04-15T23:23:23","slug":"newton","status":"publish","type":"product","link":"https:\/\/roveyayinevi.com.tr\/index.php\/urun\/newton\/","title":{"rendered":"Newton"},"content":{"rendered":"<p>D\u00fcnyan\u0131n en \u00f6nde gelen Newton uzman\u0131 taraf\u0131ndan kaleme al\u0131nan bu biyografi Newton\u2019\u0131n hem bilimsel \u00e7al\u0131\u015fmalar\u0131n\u0131 hem de \u00f6zel hayat\u0131n\u0131 kapsaml\u0131 bir bi\u00e7imde ele almaktad\u0131r. Yazar\u0131n yirmi y\u0131ll\u0131k \u00e7al\u0131\u015fmas\u0131n\u0131n \u00fcr\u00fcn\u00fc olan Newton biyografisine, Newton \u00fczerine yaz\u0131lan hemen her kitapta referans verilir. Biyografi Newton\u2019\u0131n Cambridge \u00f6\u011frencili\u011fiyle ba\u015flar ve daha sonra \u00f6\u011fretim \u00fcyesi olu\u015fundan Principia Mathematica\u2019n\u0131n yaz\u0131l\u0131\u015f\u0131na, Kraliyet Derne\u011findeki iktidar m\u00fccadelelerinden Darphane m\u00fcd\u00fcrl\u00fc\u011f\u00fcne kadar Newton\u2019\u0131n ya\u015fam\u0131n\u0131n her kesitini ayr\u0131nt\u0131lar\u0131yla g\u00f6zler \u00f6n\u00fcne serer. Gerek ya\u015fad\u0131\u011f\u0131 \u00e7a\u011fa gerekse kendisinden sonraki 300 y\u0131la, hatta g\u00fcn\u00fcm\u00fczdeki bilimsel geli\u015fmelere damgas\u0131n\u0131 vuran Newton gibi bir d\u00e2hinin hayat\u0131n\u0131 anlatan bu kitap \u015f\u00fcphesiz b\u00fcy\u00fck bir bo\u015flu\u011fu doldurmaktad\u0131r. \u201cAyn\u0131 zamanda Newton\u2019\u0131n bilimsel geli\u015fimini de g\u00f6zler \u00f6n\u00fcne seren bu kitap, bilimsel devrimlerin k\u00f6kenine ili\u015fkin en \u00f6nemli kaynaklardan biridir.\u201d \u2013American Historical Review  \u201c\u2026 bu biyografi herkes taraf\u0131ndan okunmal\u0131 ve alk\u0131\u015flanmal\u0131\u2026.\u201d \u2013Eighteenth-Century Studies \u201cWestfall\u2019\u0131n, modern bilim tarihinde \u00f6nemli bir bo\u015flu\u011fu dolduran kapsaml\u0131 ara\u015ft\u0131rmas\u0131, Newton\u2019\u0131n d\u00e2hili\u011fini ve tarihteki yerini g\u00f6zler \u00f6n\u00fcne seriyor.\u201d  \u2013Ambix   \u201c\u015eimdiye kadar yaz\u0131lm\u0131\u015f en iyi biyografi.\u201d \u2013Spaceflight   \u201c\u0130\u015fte sonunda inanabilece\u011fimiz bir Newton. Bir biyografinin yapabilece\u011fi her \u015feyi yap\u0131yor.\u201d <\/p>\n","protected":false},"excerpt":{"rendered":"<p>D\u00fcnyan\u0131n en \u00f6nde gelen Newton uzman\u0131 taraf\u0131ndan kaleme al\u0131nan bu biyografi Newton\u2019\u0131n hem bilimsel \u00e7al\u0131\u015fmalar\u0131n\u0131 hem de \u00f6zel hayat\u0131n\u0131 kapsaml\u0131 bir bi\u00e7imde ele almaktad\u0131r. Yazar\u0131n yirmi<span class=\"excerpt-hellip\"> [\u2026]<\/span><\/p>\n","protected":false},"featured_media":0,"template":"","meta":{"_monsterinsights_skip_tracking":false,"_monsterinsights_sitenote_active":false,"_monsterinsights_sitenote_note":"","_monsterinsights_sitenote_category":0},"product_brand":[],"product_cat":[14009,12291],"product_tag":[],"class_list":{"0":"post-715207","1":"product","2":"type-product","3":"status-publish","5":"product_cat-biyografi-otobiyografi-edebiyat","6":"product_cat-edebiyat","7":"pa_cilt-ciltsiz","8":"pa_tur-kitap","9":"pa_yayinevi-alfa-yayinlari","10":"pa_yazar-richard-s-westfall","12":"first","13":"instock","14":"sale","15":"shipping-taxable","16":"purchasable","17":"product-type-simple"},"_links":{"self":[{"href":"https:\/\/roveyayinevi.com.tr\/index.php\/wp-json\/wp\/v2\/product\/715207","targetHints":{"allow":["GET"]}}],"collection":[{"href":"https:\/\/roveyayinevi.com.tr\/index.php\/wp-json\/wp\/v2\/product"}],"about":[{"href":"https:\/\/roveyayinevi.com.tr\/index.php\/wp-json\/wp\/v2\/types\/product"}],"wp:attachment":[{"href":"https:\/\/roveyayinevi.com.tr\/index.php\/wp-json\/wp\/v2\/media?parent=715207"}],"wp:term":[{"taxonomy":"product_brand","embeddable":true,"href":"https:\/\/roveyayinevi.com.tr\/index.php\/wp-json\/wp\/v2\/product_brand?post=715207"},{"taxonomy":"product_cat","embeddable":true,"href":"https:\/\/roveyayinevi.com.tr\/index.php\/wp-json\/wp\/v2\/product_cat?post=715207"},{"taxonomy":"product_tag","embeddable":true,"href":"https:\/\/roveyayinevi.com.tr\/index.php\/wp-json\/wp\/v2\/product_tag?post=715207"}],"curies":[{"name":"wp","href":"https:\/\/api.w.org\/{rel}","templated":true}]}}