{"id":715206,"date":"2025-08-27T17:27:26","date_gmt":"2025-08-27T14:27:26","guid":{"rendered":"https:\/\/roveyayinevi.com.tr\/index.php\/urun\/gorelilik-nedir\/"},"modified":"2026-04-16T02:23:23","modified_gmt":"2026-04-15T23:23:23","slug":"gorelilik-nedir","status":"publish","type":"product","link":"https:\/\/roveyayinevi.com.tr\/index.php\/urun\/gorelilik-nedir\/","title":{"rendered":"G\u00f6relilik Nedir?"},"content":{"rendered":"<p>\u201cBennett, Einstein\u2019\u0131n d\u00fc\u015f\u00fcnceleri \u00fczerine e\u011flenceli, harikulade bir giri\u015f kitab\u0131 yazm\u0131\u015f\u2026 Anlatt\u0131klar\u0131n\u0131n bu kadar anla\u015f\u0131l\u0131r olmas\u0131\u015fahane.\u201d CHOICE \u201cG\u00f6relilikle ilgili bir\u00e7ok kaynak okudum, ama hi\u00e7birinin anlat\u0131m\u0131 bu kitaptaki kadar a\u00e7\u0131k ve merak uyand\u0131r\u0131c\u0131 de\u011fildi. Hem \u00f6zel hem de genel g\u00f6relili\u011fin, \u00f6z\u00fcnde basit ve buna ra\u011fmen sezgiye dayal\u0131 olmayan fikirlerini \u00f6\u011frenmeye hevesli herkes i\u00e7in JeffreyBennett\u2019\u0131n kitab\u0131 bi\u00e7ilmi\u015f kaftan. Etkileyici bi\u00e7imde anla\u015f\u0131l\u0131r ve ilgi \u00e7ekici\u2026\u201d SethShostak, \u00dcst D\u00fczey G\u00f6kbilimci, SETI Institute   \u201c&#8230;Bennett\u2019\u0131n bu e\u011flenceli kitab\u0131                                                                                     PublishersWeekly Bir kara deli\u011fe yolculuk etseydiniz, bu yolculuk s\u0131ras\u0131nda ger\u00e7ekten neler ya\u015fard\u0131n\u0131z? \u00c7o\u011fumuz, G\u00fcne\u015f bir g\u00fcn ans\u0131z\u0131n kara deli\u011fe d\u00f6n\u00fc\u015fse D\u00fcnya\u2019y\u0131 ve beraberinde di\u011fer t\u00fcm gezegenleri yutaca\u011f\u0131n\u0131 d\u00fc\u015f\u00fcn\u00fcr\u00fcz. Fakat yazar ve astrofizik\u00e7i JeffreyBennett\u2019\u0131n da belirtti\u011fi gibi, kara delikler asl\u0131nda yutmazlar. Bu d\u00fc\u015f\u00fcnceyle Einstein\u2019\u0131n g\u00f6relilik teorilerinden yola \u00e7\u0131kan Bennett\u0131\u015f\u0131k h\u0131z\u0131n\u0131, zaman\u0131n geni\u015flemesini ve uzayzaman\u0131n b\u00fck\u00fclmesini ele alarak konuya olduk\u00e7a e\u011flenceli bir giri\u015f yap\u0131yor ve size \u015f\u00f6yle bir hik\u00e2ye anlat\u0131yor: <\/p>\n","protected":false},"excerpt":{"rendered":"<p>\u201cBennett, Einstein\u2019\u0131n d\u00fc\u015f\u00fcnceleri \u00fczerine e\u011flenceli, harikulade bir giri\u015f kitab\u0131 yazm\u0131\u015f\u2026 Anlatt\u0131klar\u0131n\u0131n bu kadar anla\u015f\u0131l\u0131r olmas\u0131\u015fahane.\u201d CHOICE \u201cG\u00f6relilikle ilgili bir\u00e7ok kaynak okudum, ama hi\u00e7birinin anlat\u0131m\u0131 bu kitaptaki<span class=\"excerpt-hellip\"> [\u2026]<\/span><\/p>\n","protected":false},"featured_media":0,"template":"","meta":{"_monsterinsights_skip_tracking":false,"_monsterinsights_sitenote_active":false,"_monsterinsights_sitenote_note":"","_monsterinsights_sitenote_category":0},"product_brand":[],"product_cat":[43754,13005],"product_tag":[],"class_list":{"0":"post-715206","1":"product","2":"type-product","3":"status-publish","5":"product_cat-astronomi","6":"product_cat-bilim-muhendislik","7":"pa_cilt-ciltsiz","8":"pa_tur-kitap","9":"pa_yayinevi-nora-kitap","10":"pa_yazar-jeffrey-bennett","12":"first","13":"instock","14":"sale","15":"shipping-taxable","16":"purchasable","17":"product-type-simple"},"_links":{"self":[{"href":"https:\/\/roveyayinevi.com.tr\/index.php\/wp-json\/wp\/v2\/product\/715206","targetHints":{"allow":["GET"]}}],"collection":[{"href":"https:\/\/roveyayinevi.com.tr\/index.php\/wp-json\/wp\/v2\/product"}],"about":[{"href":"https:\/\/roveyayinevi.com.tr\/index.php\/wp-json\/wp\/v2\/types\/product"}],"wp:attachment":[{"href":"https:\/\/roveyayinevi.com.tr\/index.php\/wp-json\/wp\/v2\/media?parent=715206"}],"wp:term":[{"taxonomy":"product_brand","embeddable":true,"href":"https:\/\/roveyayinevi.com.tr\/index.php\/wp-json\/wp\/v2\/product_brand?post=715206"},{"taxonomy":"product_cat","embeddable":true,"href":"https:\/\/roveyayinevi.com.tr\/index.php\/wp-json\/wp\/v2\/product_cat?post=715206"},{"taxonomy":"product_tag","embeddable":true,"href":"https:\/\/roveyayinevi.com.tr\/index.php\/wp-json\/wp\/v2\/product_tag?post=715206"}],"curies":[{"name":"wp","href":"https:\/\/api.w.org\/{rel}","templated":true}]}}