{"id":715205,"date":"2025-08-27T17:27:25","date_gmt":"2025-08-27T14:27:25","guid":{"rendered":"https:\/\/roveyayinevi.com.tr\/index.php\/urun\/uretim-yonetimi\/"},"modified":"2026-04-16T02:23:23","modified_gmt":"2026-04-15T23:23:23","slug":"uretim-yonetimi","status":"publish","type":"product","link":"https:\/\/roveyayinevi.com.tr\/index.php\/urun\/uretim-yonetimi\/","title":{"rendered":"\u00dcretim Y\u00f6netimi"},"content":{"rendered":"<p>\u0130\u015fletme y\u00f6netiminin temel i\u015flevlerinden olan \u00dcretim Y\u00f6netimi, gerek imalat gerekse hizmet sekt\u00f6r\u00fcnde \u00e7al\u0131\u015fan y\u00f6neticilerin bilgi sahibi olmas\u0131 gereken bir aland\u0131r. Yo\u011fun rekabetin ya\u015fand\u0131\u011f\u0131 g\u00fcn\u00fcm\u00fcz d\u00fcnyas\u0131nda daha verimli, ekonomik ve kaliteli bir \u00fcretimin ger\u00e7ekle\u015ftirilmesi b\u00fcy\u00fck \u00f6nem ta\u015f\u0131maktad\u0131r. \u00dcniversitelerin i\u015fletme b\u00f6l\u00fcm\u00fcnde \u00f6\u011frenim g\u00f6ren \u00f6\u011frencilerin ve end\u00fcstrideki uygulay\u0131c\u0131lar\u0131n ihtiya\u00e7lar\u0131 g\u00f6z \u00f6n\u00fcmnde tutularak haz\u0131rlanan bu kitap, \u00fcretim sistemlerinin tasar\u0131m\u0131, \u00fcretim planlamas\u0131 ve kontrol\u00fc ile ilgili konular\u0131 kapsamaktad\u0131r. Kitapta uygulamaya y\u00f6nelik problem a\u011f\u0131rl\u0131kl\u0131 bir yakla\u015f\u0131m benimsenmi\u015f olup \u00fcretim planlama ve kontrol\u00fcnde yararlan\u0131labilecek \u00e7e\u015fitli y\u00f6neylem ara\u015ft\u0131rmas\u0131 tekniklerine de geni\u015f yer verilmektedir.    <\/p>\n","protected":false},"excerpt":{"rendered":"<p>\u0130\u015fletme y\u00f6netiminin temel i\u015flevlerinden olan \u00dcretim Y\u00f6netimi, gerek imalat gerekse hizmet sekt\u00f6r\u00fcnde \u00e7al\u0131\u015fan y\u00f6neticilerin bilgi sahibi olmas\u0131 gereken bir aland\u0131r. Yo\u011fun rekabetin ya\u015fand\u0131\u011f\u0131 g\u00fcn\u00fcm\u00fcz d\u00fcnyas\u0131nda daha<span class=\"excerpt-hellip\"> [\u2026]<\/span><\/p>\n","protected":false},"featured_media":0,"template":"","meta":{"_monsterinsights_skip_tracking":false,"_monsterinsights_sitenote_active":false,"_monsterinsights_sitenote_note":"","_monsterinsights_sitenote_category":0},"product_brand":[],"product_cat":[13043,14381],"product_tag":[],"class_list":{"0":"post-715205","1":"product","2":"type-product","3":"status-publish","5":"product_cat-ekonomi","6":"product_cat-isletme-muhasebe-maliye","7":"pa_cilt-ciltsiz","8":"pa_tur-kitap","9":"pa_yayinevi-ideal-kultur-akademik","10":"pa_yazar-aykut-top-erdal-yilmaz","12":"first","13":"instock","14":"sale","15":"shipping-taxable","16":"purchasable","17":"product-type-simple"},"_links":{"self":[{"href":"https:\/\/roveyayinevi.com.tr\/index.php\/wp-json\/wp\/v2\/product\/715205","targetHints":{"allow":["GET"]}}],"collection":[{"href":"https:\/\/roveyayinevi.com.tr\/index.php\/wp-json\/wp\/v2\/product"}],"about":[{"href":"https:\/\/roveyayinevi.com.tr\/index.php\/wp-json\/wp\/v2\/types\/product"}],"wp:attachment":[{"href":"https:\/\/roveyayinevi.com.tr\/index.php\/wp-json\/wp\/v2\/media?parent=715205"}],"wp:term":[{"taxonomy":"product_brand","embeddable":true,"href":"https:\/\/roveyayinevi.com.tr\/index.php\/wp-json\/wp\/v2\/product_brand?post=715205"},{"taxonomy":"product_cat","embeddable":true,"href":"https:\/\/roveyayinevi.com.tr\/index.php\/wp-json\/wp\/v2\/product_cat?post=715205"},{"taxonomy":"product_tag","embeddable":true,"href":"https:\/\/roveyayinevi.com.tr\/index.php\/wp-json\/wp\/v2\/product_tag?post=715205"}],"curies":[{"name":"wp","href":"https:\/\/api.w.org\/{rel}","templated":true}]}}