{"id":715198,"date":"2025-08-27T17:27:20","date_gmt":"2025-08-27T14:27:20","guid":{"rendered":"https:\/\/roveyayinevi.com.tr\/index.php\/urun\/ask-simdi\/"},"modified":"2026-04-16T02:23:22","modified_gmt":"2026-04-15T23:23:22","slug":"ask-simdi","status":"publish","type":"product","link":"https:\/\/roveyayinevi.com.tr\/index.php\/urun\/ask-simdi\/","title":{"rendered":"A\u015fk, \u015eimdi!"},"content":{"rendered":"<p>Her \u015feyin ba\u015flad\u0131\u011f\u0131 noktada \u201csen\u201d vard\u0131n.A\u015fk yoktu. Korku yoktu. K\u0131skan\u00e7l\u0131k yoktu.Endi\u015fe yoktu. G\u00fcvensizlik yoktu. \u201cO\u201d yoktu.\u201cSen\u201d vard\u0131n. Sen var oldu\u011fun i\u00e7in onlar da var oldu.\u015eimdi kendinden \u00e7\u0131kacaks\u0131n yola. Senden, ruhundan yans\u0131yanlarla bulacaks\u0131n a\u015fk\u0131, bereketi, sa\u011fl\u0131\u011f\u0131.Ve yine kendine d\u00f6neceksin. \u00c7\u00fcnk\u00fc bu bir yolculuk.\u201c\u00d6z\u201de yolculuk.Neresindesin kendi yolculu\u011funun?<\/p>\n","protected":false},"excerpt":{"rendered":"<p>Her \u015feyin ba\u015flad\u0131\u011f\u0131 noktada \u201csen\u201d vard\u0131n.A\u015fk yoktu. Korku yoktu. K\u0131skan\u00e7l\u0131k yoktu.Endi\u015fe yoktu. G\u00fcvensizlik yoktu. \u201cO\u201d yoktu.\u201cSen\u201d vard\u0131n. Sen var oldu\u011fun i\u00e7in onlar da var oldu.\u015eimdi kendinden<span class=\"excerpt-hellip\"> [\u2026]<\/span><\/p>\n","protected":false},"featured_media":0,"template":"","meta":{"_monsterinsights_skip_tracking":false,"_monsterinsights_sitenote_active":false,"_monsterinsights_sitenote_note":"","_monsterinsights_sitenote_category":0},"product_brand":[],"product_cat":[14643,12291],"product_tag":[],"class_list":{"0":"post-715198","1":"product","2":"type-product","3":"status-publish","5":"product_cat-ask","6":"product_cat-edebiyat","7":"pa_cilt-ciltsiz","8":"pa_tur-kitap","9":"pa_yayinevi-muptela-yayinevi","10":"pa_yazar-can-perimcek","12":"first","13":"instock","14":"sale","15":"shipping-taxable","16":"purchasable","17":"product-type-simple"},"_links":{"self":[{"href":"https:\/\/roveyayinevi.com.tr\/index.php\/wp-json\/wp\/v2\/product\/715198","targetHints":{"allow":["GET"]}}],"collection":[{"href":"https:\/\/roveyayinevi.com.tr\/index.php\/wp-json\/wp\/v2\/product"}],"about":[{"href":"https:\/\/roveyayinevi.com.tr\/index.php\/wp-json\/wp\/v2\/types\/product"}],"wp:attachment":[{"href":"https:\/\/roveyayinevi.com.tr\/index.php\/wp-json\/wp\/v2\/media?parent=715198"}],"wp:term":[{"taxonomy":"product_brand","embeddable":true,"href":"https:\/\/roveyayinevi.com.tr\/index.php\/wp-json\/wp\/v2\/product_brand?post=715198"},{"taxonomy":"product_cat","embeddable":true,"href":"https:\/\/roveyayinevi.com.tr\/index.php\/wp-json\/wp\/v2\/product_cat?post=715198"},{"taxonomy":"product_tag","embeddable":true,"href":"https:\/\/roveyayinevi.com.tr\/index.php\/wp-json\/wp\/v2\/product_tag?post=715198"}],"curies":[{"name":"wp","href":"https:\/\/api.w.org\/{rel}","templated":true}]}}