{"id":715197,"date":"2025-08-27T17:27:19","date_gmt":"2025-08-27T14:27:19","guid":{"rendered":"https:\/\/roveyayinevi.com.tr\/index.php\/urun\/gelecegimsin\/"},"modified":"2025-11-21T04:57:25","modified_gmt":"2025-11-21T01:57:25","slug":"gelecegimsin","status":"publish","type":"product","link":"https:\/\/roveyayinevi.com.tr\/index.php\/urun\/gelecegimsin\/","title":{"rendered":"Gelece\u011fimsin"},"content":{"rendered":"<p>Ge\u00e7mi\u015fin g\u00f6lgesinde, k\u00f6kleri \u00e7ok derinlere uzanan, s\u0131rlar\u0131n aras\u0131nda filizlenmi\u015f bir a\u015fk\u2026Birce, kalbi k\u0131r\u0131klarla dolu, \u00fcrkek bir ser\u00e7eydi. Hayata tek kanad\u0131yla tutunmay\u0131 dilerken g\u00fcn\u00fcn birinde, hi\u00e7 ummad\u0131\u011f\u0131 bir adam g\u00fc\u00e7s\u00fcz, yaln\u0131zl\u0131\u011f\u0131n\u0131 simgeleyen o tek kanad\u0131n\u0131 ac\u0131mas\u0131zca k\u0131rmak istedi. Ser\u00e7enin yere \u00e7ak\u0131l\u0131\u015f\u0131 y\u00fcz\u00fcnde sadece bir tebess\u00fcme neden oldu. \u00c7\u00fcnk\u00fc o, hayat\u0131n ac\u0131mas\u0131zl\u0131\u011f\u0131n\u0131 k\u00fc\u00e7\u00fcc\u00fck bir bebekken g\u00f6rm\u00fc\u015ft\u00fc.Aybars Toral\u0131 vah\u015fi, \u00f6fke dolu ve ac\u0131mas\u0131z bir kartal\u0131n kalbini ta\u015f\u0131yordu. Kar\u015f\u0131s\u0131ndaki \u00fcrkekli\u011fine ra\u011fmen direnen ser\u00e7eyi parampar\u00e7a etmeye yemin etmi\u015f bir adamd\u0131. Ayr\u0131l\u0131k y\u00fcre\u011fini buza \u00e7evirmi\u015f, g\u00f6z\u00fcn\u00fcn \u00f6n\u00fcne duvarlar \u00f6rm\u00fc\u015ft\u00fc. O, hayat\u0131n ac\u0131mas\u0131zl\u0131\u011f\u0131n\u0131 terk edildi\u011finde g\u00f6rm\u00fc\u015ft\u00fc.Y\u0131llar sonra bu ka\u00e7\u0131n\u0131lmaz a\u015fk\u0131 doyas\u0131ya ya\u015famaya \u00e7al\u0131\u015fan iki yaral\u0131 ku\u015f, bu kez sahip olduklar\u0131na s\u0131k\u0131ca ba\u011flanabilecek, a\u015fklar\u0131n\u0131 \u00f6nlerine \u00e7\u0131kan engellere meydan okurcas\u0131na ya\u015fayabilecek miydi?\u201cBen senin ge\u00e7mi\u015finim. Sen benim gelece\u011fimsin.\u201d<\/p>\n","protected":false},"excerpt":{"rendered":"<p>Ge\u00e7mi\u015fin g\u00f6lgesinde, k\u00f6kleri \u00e7ok derinlere uzanan, s\u0131rlar\u0131n aras\u0131nda filizlenmi\u015f bir a\u015fk\u2026Birce, kalbi k\u0131r\u0131klarla dolu, \u00fcrkek bir ser\u00e7eydi. Hayata tek kanad\u0131yla tutunmay\u0131 dilerken g\u00fcn\u00fcn birinde, hi\u00e7 ummad\u0131\u011f\u0131<span class=\"excerpt-hellip\"> [\u2026]<\/span><\/p>\n","protected":false},"featured_media":0,"template":"","meta":{"_monsterinsights_skip_tracking":false,"_monsterinsights_sitenote_active":false,"_monsterinsights_sitenote_note":"","_monsterinsights_sitenote_category":0},"product_brand":[],"product_cat":[12291,12711],"product_tag":[],"class_list":{"0":"post-715197","1":"product","2":"type-product","3":"status-publish","5":"product_cat-edebiyat","6":"product_cat-roman-oyku","7":"pa_cilt-ciltsiz","8":"pa_tur-kitap","9":"pa_yayinevi-muptela-yayinevi","10":"pa_yazar-dilara-buyuk","12":"first","13":"instock","14":"sale","15":"shipping-taxable","16":"purchasable","17":"product-type-simple"},"_links":{"self":[{"href":"https:\/\/roveyayinevi.com.tr\/index.php\/wp-json\/wp\/v2\/product\/715197","targetHints":{"allow":["GET"]}}],"collection":[{"href":"https:\/\/roveyayinevi.com.tr\/index.php\/wp-json\/wp\/v2\/product"}],"about":[{"href":"https:\/\/roveyayinevi.com.tr\/index.php\/wp-json\/wp\/v2\/types\/product"}],"wp:attachment":[{"href":"https:\/\/roveyayinevi.com.tr\/index.php\/wp-json\/wp\/v2\/media?parent=715197"}],"wp:term":[{"taxonomy":"product_brand","embeddable":true,"href":"https:\/\/roveyayinevi.com.tr\/index.php\/wp-json\/wp\/v2\/product_brand?post=715197"},{"taxonomy":"product_cat","embeddable":true,"href":"https:\/\/roveyayinevi.com.tr\/index.php\/wp-json\/wp\/v2\/product_cat?post=715197"},{"taxonomy":"product_tag","embeddable":true,"href":"https:\/\/roveyayinevi.com.tr\/index.php\/wp-json\/wp\/v2\/product_tag?post=715197"}],"curies":[{"name":"wp","href":"https:\/\/api.w.org\/{rel}","templated":true}]}}