{"id":715196,"date":"2025-08-27T17:27:19","date_gmt":"2025-08-27T14:27:19","guid":{"rendered":"https:\/\/roveyayinevi.com.tr\/index.php\/urun\/beyaz-geceler-10\/"},"modified":"2026-04-16T02:23:22","modified_gmt":"2026-04-15T23:23:22","slug":"beyaz-geceler-10","status":"publish","type":"product","link":"https:\/\/roveyayinevi.com.tr\/index.php\/urun\/beyaz-geceler-10\/","title":{"rendered":"Beyaz Geceler"},"content":{"rendered":"<p>Beyaz Geceler, Dostoveyski\u2019nin ilk yap\u0131tlar\u0131ndan biridir.Kitab\u0131n ad\u0131 \u201cayd\u0131nl\u0131k geceler\u201d anlam\u0131ndad\u0131r.Olay\u0131n ge\u00e7ti\u011fi St. Petersburg\u2019da k\u0131\u015f geceleri hava ge\u00e7 karar\u0131r.St. Petersburg sokaklar\u0131nda hayaller kurarak dola\u015fan kahraman\u0131m\u0131z, Neva Irma\u011f\u0131 k\u0131y\u0131s\u0131nda a\u011flayan Nastenka ile kar\u015f\u0131la\u015f\u0131r.Birbirlerine kendi \u00f6yk\u00fclerini anlat\u0131rlar ve aralar\u0131nda masum bir a\u015fk belirir.Nastenka\u2019n\u0131n \u00f6yk\u00fcs\u00fc acaba nas\u0131l sonu\u00e7lanacak, g\u00f6zya\u015flar\u0131 dinecek midir?<\/p>\n","protected":false},"excerpt":{"rendered":"<p>Beyaz Geceler, Dostoveyski\u2019nin ilk yap\u0131tlar\u0131ndan biridir.Kitab\u0131n ad\u0131 \u201cayd\u0131nl\u0131k geceler\u201d anlam\u0131ndad\u0131r.Olay\u0131n ge\u00e7ti\u011fi St. Petersburg\u2019da k\u0131\u015f geceleri hava ge\u00e7 karar\u0131r.St. Petersburg sokaklar\u0131nda hayaller kurarak dola\u015fan kahraman\u0131m\u0131z, Neva Irma\u011f\u0131<span class=\"excerpt-hellip\"> [\u2026]<\/span><\/p>\n","protected":false},"featured_media":0,"template":"","meta":{"_monsterinsights_skip_tracking":false,"_monsterinsights_sitenote_active":false,"_monsterinsights_sitenote_note":"","_monsterinsights_sitenote_category":0},"product_brand":[],"product_cat":[12291,13570],"product_tag":[],"class_list":{"0":"post-715196","1":"product","2":"type-product","3":"status-publish","5":"product_cat-edebiyat","6":"product_cat-rus-edebiyati","7":"pa_cilt-ciltsiz","8":"pa_tur-kitap","9":"pa_yayinevi-remzi-kitabevi","10":"pa_yazar-fyodor-mihaylovic-dostoyevski","12":"first","13":"instock","14":"sale","15":"shipping-taxable","16":"purchasable","17":"product-type-simple"},"_links":{"self":[{"href":"https:\/\/roveyayinevi.com.tr\/index.php\/wp-json\/wp\/v2\/product\/715196","targetHints":{"allow":["GET"]}}],"collection":[{"href":"https:\/\/roveyayinevi.com.tr\/index.php\/wp-json\/wp\/v2\/product"}],"about":[{"href":"https:\/\/roveyayinevi.com.tr\/index.php\/wp-json\/wp\/v2\/types\/product"}],"wp:attachment":[{"href":"https:\/\/roveyayinevi.com.tr\/index.php\/wp-json\/wp\/v2\/media?parent=715196"}],"wp:term":[{"taxonomy":"product_brand","embeddable":true,"href":"https:\/\/roveyayinevi.com.tr\/index.php\/wp-json\/wp\/v2\/product_brand?post=715196"},{"taxonomy":"product_cat","embeddable":true,"href":"https:\/\/roveyayinevi.com.tr\/index.php\/wp-json\/wp\/v2\/product_cat?post=715196"},{"taxonomy":"product_tag","embeddable":true,"href":"https:\/\/roveyayinevi.com.tr\/index.php\/wp-json\/wp\/v2\/product_tag?post=715196"}],"curies":[{"name":"wp","href":"https:\/\/api.w.org\/{rel}","templated":true}]}}