{"id":715192,"date":"2025-08-27T17:27:16","date_gmt":"2025-08-27T14:27:16","guid":{"rendered":"https:\/\/roveyayinevi.com.tr\/index.php\/urun\/klinik-gorusmeye-giris\/"},"modified":"2026-04-16T02:23:22","modified_gmt":"2026-04-15T23:23:22","slug":"klinik-gorusmeye-giris","status":"publish","type":"product","link":"https:\/\/roveyayinevi.com.tr\/index.php\/urun\/klinik-gorusmeye-giris\/","title":{"rendered":"Klinik G\u00f6r\u00fc\u015fmeye Giri\u015f"},"content":{"rendered":"<p>\u0130nsan ruhuna dokunabilmek ad\u0131na psikolojik disiplininde bug\u00fcne kadar d\u00f6rt y\u00fczden fazla kuram geli\u015ftirilmi\u015f olmas\u0131na ra\u011fmen mesle\u011fe yeni ba\u015flayan her terapistin \u00e7\u00f6z\u00fcm\u00fcn\u00fc arad\u0131\u011f\u0131 sorunlar ortakt\u0131r. Klinik G\u00f6r\u00fc\u015fmeye Giri\u015f psikoterapistlere ve psikoloji\/psikolojik dan\u0131\u015fmanl\u0131k okuyanlara yard\u0131mc\u0131 olabilmek i\u00e7in \u2018Gerekli bir ba\u015flang\u0131\u00e7 rehberi nas\u0131l olabilir?\u2019sorusundan hareketle haz\u0131rlanm\u0131\u015ft\u0131r. Bu eserin kapsam\u0131n\u0131 terapistlerin pratikte kar\u015f\u0131la\u015ft\u0131klar\u0131 sorunlara ili\u015fkin pek \u00e7ok konuda bilgi, \u00f6neri, uyar\u0131 ve payla\u015f\u0131m olu\u015fturmaktad\u0131r. \u00dclkemizde bu alandaki ba\u015fvuru kaynaklar\u0131n\u0131n b\u00fcy\u00fck oranda \u00e7eviri olmas\u0131 baz\u0131 anlam zorluklar\u0131 ta\u015f\u0131d\u0131\u011f\u0131ndan, konusunda uzman ki\u015filerce haz\u0131rlanan ve i\u00e7eri\u011fi psikoloji terimleri s\u00f6zl\u00fc\u011f\u00fc ile bu eser \u00f6zg\u00fcn bir derleme \u00f6zelli\u011fini ta\u015f\u0131maktad\u0131r.\u0130lk g\u00f6r\u00fc\u015fme seans\u0131nda hangi unsurlar dikkate al\u0131nmal\u0131?Klinik \u00e7er\u00e7eve olu\u015fturulurken handi detaylar g\u00f6z \u00f6n\u00fcnde bulundurulmal\u0131?Adli psikolojide klinik \u00e7er\u00e7eve nas\u0131l olu\u015fturmal\u0131?Klinik G\u00f6r\u00fc\u015fmeye Giri\u015f\u2019de cevab\u0131n\u0131 bulaca\u011f\u0131n\u0131z konulardan sadece birka\u00e7\u0131\u2026<\/p>\n","protected":false},"excerpt":{"rendered":"<p>\u0130nsan ruhuna dokunabilmek ad\u0131na psikolojik disiplininde bug\u00fcne kadar d\u00f6rt y\u00fczden fazla kuram geli\u015ftirilmi\u015f olmas\u0131na ra\u011fmen mesle\u011fe yeni ba\u015flayan her terapistin \u00e7\u00f6z\u00fcm\u00fcn\u00fc arad\u0131\u011f\u0131 sorunlar ortakt\u0131r. Klinik G\u00f6r\u00fc\u015fmeye<span class=\"excerpt-hellip\"> [\u2026]<\/span><\/p>\n","protected":false},"featured_media":0,"template":"","meta":{"_monsterinsights_skip_tracking":false,"_monsterinsights_sitenote_active":false,"_monsterinsights_sitenote_note":"","_monsterinsights_sitenote_category":0},"product_brand":[],"product_cat":[25175,12357],"product_tag":[],"class_list":{"0":"post-715192","1":"product","2":"type-product","3":"status-publish","5":"product_cat-egitim-psikolojisi","6":"product_cat-psikoloji","7":"pa_cilt-ciltsiz","8":"pa_tur-kitap","9":"pa_yayinevi-ideal-kultur-akademik","10":"pa_yazar-elif-erol","12":"first","13":"instock","14":"sale","15":"shipping-taxable","16":"purchasable","17":"product-type-simple"},"_links":{"self":[{"href":"https:\/\/roveyayinevi.com.tr\/index.php\/wp-json\/wp\/v2\/product\/715192","targetHints":{"allow":["GET"]}}],"collection":[{"href":"https:\/\/roveyayinevi.com.tr\/index.php\/wp-json\/wp\/v2\/product"}],"about":[{"href":"https:\/\/roveyayinevi.com.tr\/index.php\/wp-json\/wp\/v2\/types\/product"}],"wp:attachment":[{"href":"https:\/\/roveyayinevi.com.tr\/index.php\/wp-json\/wp\/v2\/media?parent=715192"}],"wp:term":[{"taxonomy":"product_brand","embeddable":true,"href":"https:\/\/roveyayinevi.com.tr\/index.php\/wp-json\/wp\/v2\/product_brand?post=715192"},{"taxonomy":"product_cat","embeddable":true,"href":"https:\/\/roveyayinevi.com.tr\/index.php\/wp-json\/wp\/v2\/product_cat?post=715192"},{"taxonomy":"product_tag","embeddable":true,"href":"https:\/\/roveyayinevi.com.tr\/index.php\/wp-json\/wp\/v2\/product_tag?post=715192"}],"curies":[{"name":"wp","href":"https:\/\/api.w.org\/{rel}","templated":true}]}}