{"id":715191,"date":"2025-08-27T17:27:16","date_gmt":"2025-08-27T14:27:16","guid":{"rendered":"https:\/\/roveyayinevi.com.tr\/index.php\/urun\/kronolojik-ve-tematik-turk-egitim-tarihi\/"},"modified":"2026-03-04T02:42:13","modified_gmt":"2026-03-03T23:42:13","slug":"kronolojik-ve-tematik-turk-egitim-tarihi","status":"publish","type":"product","link":"https:\/\/roveyayinevi.com.tr\/index.php\/urun\/kronolojik-ve-tematik-turk-egitim-tarihi\/","title":{"rendered":"Kronolojik ve Tematik T\u00fcrk E\u011fitim Tarihi"},"content":{"rendered":"<p>\u00d6\u011frenmek ve \u00f6\u011fretmek temal\u0131 bir eylem olan e\u011fitim, insanl\u0131\u011f\u0131n en kadim olgular\u0131ndan biridir ve her medeniyetten bug\u00fcne aksetmi\u015f zengin bir mirasa sahiptir. T\u00fcrk E\u011fitim Tarihi ise bu mirastan en fazla paya sahip bilim alanlar\u0131ndan biridir. E\u011fitim tarihini bilmek bireye bug\u00fcn\u00fcn sorunlar\u0131n\u0131n nedenlerini anlayabilme ve gelece\u011fe ili\u015fkin do\u011fru yorumlar yapabilmesine imkan sa\u011flar. Bu noktadan hareketlehaz\u0131rlanan T\u00fcrk E\u011fitim Tarihi kitab\u0131, \u00f6zel bir i\u00e7erik \u00e7al\u0131\u015fmas\u0131n\u0131n \u00fcr\u00fcn\u00fcd\u00fcr. E\u011fitim tarihimizi ilk kez hem kronolojik hem de tematikolarak bir b\u00fct\u00fcn i\u00e7erisinde sunmas\u0131n\u0131n yan\u0131 s\u0131ra daha derinlemesine ara\u015ft\u0131rma yapmak isteyenler i\u00e7in her b\u00f6l\u00fcm\u00fcn ele ald\u0131\u011f\u0131 konuya y\u00f6nelik ileri okuma kaynaklar\u0131 ilave edilmi\u015ftir.T\u00fcm bu \u00f6zellikler \u00e7er\u00e7evesinde T\u00fcrk E\u011fitim Tarihi kitab\u0131 ba\u015fta e\u011fitimciler ve \u00f6\u011fretmen adaylar\u0131 olmak \u00fczere t\u00fcm okuyuculara hitap eden bir ba\u015fvuru kayna\u011f\u0131 niteli\u011fini ta\u015f\u0131maktad\u0131r.<\/p>\n","protected":false},"excerpt":{"rendered":"<p>\u00d6\u011frenmek ve \u00f6\u011fretmek temal\u0131 bir eylem olan e\u011fitim, insanl\u0131\u011f\u0131n en kadim olgular\u0131ndan biridir ve her medeniyetten bug\u00fcne aksetmi\u015f zengin bir mirasa sahiptir. T\u00fcrk E\u011fitim Tarihi ise<span class=\"excerpt-hellip\"> [\u2026]<\/span><\/p>\n","protected":false},"featured_media":0,"template":"","meta":{"_monsterinsights_skip_tracking":false,"_monsterinsights_sitenote_active":false,"_monsterinsights_sitenote_note":"","_monsterinsights_sitenote_category":0},"product_brand":[],"product_cat":[12370,12304],"product_tag":[],"class_list":{"0":"post-715191","1":"product","2":"type-product","3":"status-publish","5":"product_cat-arastirma-inceleme","6":"product_cat-tarih","7":"pa_cilt-ciltsiz","8":"pa_tur-kitap","9":"pa_yayinevi-ideal-kultur-akademik","10":"pa_yazar-kolektif","12":"first","13":"instock","14":"sale","15":"shipping-taxable","16":"purchasable","17":"product-type-simple"},"_links":{"self":[{"href":"https:\/\/roveyayinevi.com.tr\/index.php\/wp-json\/wp\/v2\/product\/715191","targetHints":{"allow":["GET"]}}],"collection":[{"href":"https:\/\/roveyayinevi.com.tr\/index.php\/wp-json\/wp\/v2\/product"}],"about":[{"href":"https:\/\/roveyayinevi.com.tr\/index.php\/wp-json\/wp\/v2\/types\/product"}],"wp:attachment":[{"href":"https:\/\/roveyayinevi.com.tr\/index.php\/wp-json\/wp\/v2\/media?parent=715191"}],"wp:term":[{"taxonomy":"product_brand","embeddable":true,"href":"https:\/\/roveyayinevi.com.tr\/index.php\/wp-json\/wp\/v2\/product_brand?post=715191"},{"taxonomy":"product_cat","embeddable":true,"href":"https:\/\/roveyayinevi.com.tr\/index.php\/wp-json\/wp\/v2\/product_cat?post=715191"},{"taxonomy":"product_tag","embeddable":true,"href":"https:\/\/roveyayinevi.com.tr\/index.php\/wp-json\/wp\/v2\/product_tag?post=715191"}],"curies":[{"name":"wp","href":"https:\/\/api.w.org\/{rel}","templated":true}]}}