{"id":715189,"date":"2025-08-27T17:27:14","date_gmt":"2025-08-27T14:27:14","guid":{"rendered":"https:\/\/roveyayinevi.com.tr\/index.php\/urun\/hayvanlar-alemi\/"},"modified":"2026-04-16T02:23:22","modified_gmt":"2026-04-15T23:23:22","slug":"hayvanlar-alemi","status":"publish","type":"product","link":"https:\/\/roveyayinevi.com.tr\/index.php\/urun\/hayvanlar-alemi\/","title":{"rendered":"Hayvanlar Alemi"},"content":{"rendered":"<p>Bu kitapta Ar\u0131, Ay\u0131, Deve, Dinozor, Fil, Kanguru, Kaplumba\u011fa, Kelebek, K\u00f6pek, Leylek, Panda, Porsuk, Tav\u015fan, Tavuk, U\u011fur B\u00f6ce\u011fi, Z\u00fcrafa ve Hayvanat Bah\u00e7esi ile ilgili \u015fark\u0131lar yer almaktad\u0131r. \u015eark\u0131 bestelenirken hem s\u00f6z konusu hayvan\u0131n \u00f6zelliklerine ve \u00e7\u0131kard\u0131\u011f\u0131 seslere yer verilmi\u015f hem de \u015fark\u0131lar\u0131n bilmece, tekerleme formunda, sorulu cevapl\u0131, komik ve keyifli olmas\u0131 hedeflenmi\u015ftir. Kitapta baz\u0131s\u0131 iki sesli 17 \u015fark\u0131 ile bu \u015fark\u0131lar\u0131n son derece keyifli alt yap\u0131lar\u0131n\u0131 i\u00e7eren bir e\u015flik CD\u2019si yer almaktad\u0131r. Bu CD\u2019de her \u015fark\u0131ya ait biri solist taraf\u0131ndan seslendirilmi\u015f di\u011feri de sadece e\u015fli\u011fi i\u00e7eren iki MP3 dosyas\u0131 bulunmaktad\u0131r. Kitab\u0131n dizgisi yap\u0131l\u0131rken sol sayfalarda \u015fark\u0131n\u0131n notalar\u0131na, sa\u011f sayfalarda ise \u015fark\u0131n\u0131n sadece s\u00f6zlerine yer verilmi\u015f ve ayr\u0131ca s\u00f6zlerin alt\u0131na da ilgili hayvan\u0131n resmi yerle\u015ftirilmi\u015ftir. Resimlerin \u00e7o\u011fu \u00e7ocuklar taraf\u0131ndan boyanabilir niteliktedir. Bu bak\u0131mdan kitap bir boyama kitab\u0131 olarak da kullan\u0131labilecektir. \u015eark\u0131lar sahnelenirken mutlaka ilgili hayvan\u0131n kost\u00fcm\u00fcn\u00fc giyen bir ya da birden fazla koro eleman\u0131na yer verilmeli ve kost\u00fcml\u00fc bu \u00e7ocuklar \u015fark\u0131 s\u00f6zlerine uygun hareket etmelidirler. B\u00f6ylece her bir \u015fark\u0131, hem \u00e7ocuklar hem de izleyiciler i\u00e7in son derece keyifli hale gelecektir. Kitaptaki \u015fark\u0131lar\u0131n \u00e7ocuklar taraf\u0131ndan sevilerek seslendirilmesi ve hayvan sevgisiyle dolu, hayvan dostu bireyler yeti\u015ftirmek dile\u011fiyle\u2026 <\/p>\n","protected":false},"excerpt":{"rendered":"<p>Bu kitapta Ar\u0131, Ay\u0131, Deve, Dinozor, Fil, Kanguru, Kaplumba\u011fa, Kelebek, K\u00f6pek, Leylek, Panda, Porsuk, Tav\u015fan, Tavuk, U\u011fur B\u00f6ce\u011fi, Z\u00fcrafa ve Hayvanat Bah\u00e7esi ile ilgili \u015fark\u0131lar yer<span class=\"excerpt-hellip\"> [\u2026]<\/span><\/p>\n","protected":false},"featured_media":0,"template":"","meta":{"_monsterinsights_skip_tracking":false,"_monsterinsights_sitenote_active":false,"_monsterinsights_sitenote_note":"","_monsterinsights_sitenote_category":0},"product_brand":[],"product_cat":[12274,15842],"product_tag":[],"class_list":{"0":"post-715189","1":"product","2":"type-product","3":"status-publish","5":"product_cat-cocuk-ve-genclik-kitaplari","6":"product_cat-egitici-kitaplar","7":"pa_cilt-ciltsiz","8":"pa_tur-kitap","9":"pa_yayinevi-muzik-egitimi-yayinlari","10":"pa_yazar-suleyman-tarman","12":"first","13":"instock","14":"sale","15":"shipping-taxable","16":"purchasable","17":"product-type-simple"},"_links":{"self":[{"href":"https:\/\/roveyayinevi.com.tr\/index.php\/wp-json\/wp\/v2\/product\/715189","targetHints":{"allow":["GET"]}}],"collection":[{"href":"https:\/\/roveyayinevi.com.tr\/index.php\/wp-json\/wp\/v2\/product"}],"about":[{"href":"https:\/\/roveyayinevi.com.tr\/index.php\/wp-json\/wp\/v2\/types\/product"}],"wp:attachment":[{"href":"https:\/\/roveyayinevi.com.tr\/index.php\/wp-json\/wp\/v2\/media?parent=715189"}],"wp:term":[{"taxonomy":"product_brand","embeddable":true,"href":"https:\/\/roveyayinevi.com.tr\/index.php\/wp-json\/wp\/v2\/product_brand?post=715189"},{"taxonomy":"product_cat","embeddable":true,"href":"https:\/\/roveyayinevi.com.tr\/index.php\/wp-json\/wp\/v2\/product_cat?post=715189"},{"taxonomy":"product_tag","embeddable":true,"href":"https:\/\/roveyayinevi.com.tr\/index.php\/wp-json\/wp\/v2\/product_tag?post=715189"}],"curies":[{"name":"wp","href":"https:\/\/api.w.org\/{rel}","templated":true}]}}