{"id":715188,"date":"2025-08-27T17:27:14","date_gmt":"2025-08-27T14:27:14","guid":{"rendered":"https:\/\/roveyayinevi.com.tr\/index.php\/urun\/mukemmeli-arayan-kadin\/"},"modified":"2026-04-16T02:23:22","modified_gmt":"2026-04-15T23:23:22","slug":"mukemmeli-arayan-kadin","status":"publish","type":"product","link":"https:\/\/roveyayinevi.com.tr\/index.php\/urun\/mukemmeli-arayan-kadin\/","title":{"rendered":"M\u00fckemmeli Arayan Kad\u0131n"},"content":{"rendered":"<p>\u201cM\u00fckemmeli aramak!\u201d Hani \u015fu etraf\u0131m\u0131zdaki insanlar\u0131 \u201cBo\u015funa u\u011fra\u015f\u0131yorsun!\u201d diye uyar\u0131p, gizliden gizliye u\u011fra\u015ft\u0131\u011f\u0131m\u0131z mesele. Elimizdekilerle mutlu olmam\u0131z\u0131 \u00f6\u011f\u00fctleyen ya\u015fam gurular\u0131n\u0131n gizli hobisi. M\u00fctevaz\u0131l\u0131\u011f\u0131n arkas\u0131na s\u0131\u011f\u0131nanlar\u0131n yenildi\u011fi sava\u015f. \u201cM\u00fckemmel iyinin d\u00fc\u015fman\u0131d\u0131r!\u201d diyenler de olacakt\u0131r. Ama bu i\u015f o kadar basit de\u011fil. Hani \u201cGaliptir bu yoldaki ma\u011flup\u201d derler ya biraz da \u00f6yle i\u015fte. Bu kitab\u0131n kahraman\u0131 bir kad\u0131n. Gizemli bir kad\u0131n. Ad\u0131 da \u201cGizem\u201d zaten. \u0130\u015finde g\u00fcc\u00fcnde m\u00fckemmeli aramazken, a\u015fkta m\u00fckemmeli aramak i\u00e7in yola koyulmu\u015f biri. Kaybetti\u011fi sava\u015flara ra\u011fmen y\u0131lmam\u0131\u015f. Kad\u0131n bu, \u00f6yle kolay kolay vazge\u00e7mez. \u0130nat da diyebilirsiniz. \u00d6yle olsun. \u0130lk kitab\u0131mda birbirinden de\u011fi\u015fik hikayeleri yazm\u0131\u015ft\u0131m. \u0130simleri yoktu kahramanlar\u0131n. Bu kitap bir hikaye kitab\u0131 de\u011fil ama. Hatta kahramanlar\u0131n isimleri var. Hatta ipucu vermek i\u00e7in mek\u00e2nlar\u0131n isimlerini de verdim bu sefer. \u201cGer\u00e7ek mi ya\u015fananlar?\u201d diye soranlar olacak elbette. \u015e\u00f6yle cevap vereyim: \u201cKurgu ger\u00e7ektir.\u201d Fazla kurcalamay\u0131n.<\/p>\n","protected":false},"excerpt":{"rendered":"<p>\u201cM\u00fckemmeli aramak!\u201d Hani \u015fu etraf\u0131m\u0131zdaki insanlar\u0131 \u201cBo\u015funa u\u011fra\u015f\u0131yorsun!\u201d diye uyar\u0131p, gizliden gizliye u\u011fra\u015ft\u0131\u011f\u0131m\u0131z mesele. Elimizdekilerle mutlu olmam\u0131z\u0131 \u00f6\u011f\u00fctleyen ya\u015fam gurular\u0131n\u0131n gizli hobisi. M\u00fctevaz\u0131l\u0131\u011f\u0131n arkas\u0131na s\u0131\u011f\u0131nanlar\u0131n yenildi\u011fi<span class=\"excerpt-hellip\"> [\u2026]<\/span><\/p>\n","protected":false},"featured_media":0,"template":"","meta":{"_monsterinsights_skip_tracking":false,"_monsterinsights_sitenote_active":false,"_monsterinsights_sitenote_note":"","_monsterinsights_sitenote_category":0},"product_brand":[],"product_cat":[12777,12291],"product_tag":[],"class_list":{"0":"post-715188","1":"product","2":"type-product","3":"status-publish","5":"product_cat-deneme","6":"product_cat-edebiyat","7":"pa_cilt-ciltsiz","8":"pa_tur-kitap","9":"pa_yayinevi-destek-yayinlari","10":"pa_yazar-emre-alkin","12":"first","13":"instock","14":"sale","15":"shipping-taxable","16":"purchasable","17":"product-type-simple"},"_links":{"self":[{"href":"https:\/\/roveyayinevi.com.tr\/index.php\/wp-json\/wp\/v2\/product\/715188","targetHints":{"allow":["GET"]}}],"collection":[{"href":"https:\/\/roveyayinevi.com.tr\/index.php\/wp-json\/wp\/v2\/product"}],"about":[{"href":"https:\/\/roveyayinevi.com.tr\/index.php\/wp-json\/wp\/v2\/types\/product"}],"wp:attachment":[{"href":"https:\/\/roveyayinevi.com.tr\/index.php\/wp-json\/wp\/v2\/media?parent=715188"}],"wp:term":[{"taxonomy":"product_brand","embeddable":true,"href":"https:\/\/roveyayinevi.com.tr\/index.php\/wp-json\/wp\/v2\/product_brand?post=715188"},{"taxonomy":"product_cat","embeddable":true,"href":"https:\/\/roveyayinevi.com.tr\/index.php\/wp-json\/wp\/v2\/product_cat?post=715188"},{"taxonomy":"product_tag","embeddable":true,"href":"https:\/\/roveyayinevi.com.tr\/index.php\/wp-json\/wp\/v2\/product_tag?post=715188"}],"curies":[{"name":"wp","href":"https:\/\/api.w.org\/{rel}","templated":true}]}}