{"id":715186,"date":"2025-08-27T17:27:12","date_gmt":"2025-08-27T14:27:12","guid":{"rendered":"https:\/\/roveyayinevi.com.tr\/index.php\/urun\/ask-salonunun-kader-tanricasi\/"},"modified":"2026-04-16T02:23:22","modified_gmt":"2026-04-15T23:23:22","slug":"ask-salonunun-kader-tanricasi","status":"publish","type":"product","link":"https:\/\/roveyayinevi.com.tr\/index.php\/urun\/ask-salonunun-kader-tanricasi\/","title":{"rendered":"A\u015fk Salonu&#8217;nun Kader Tanr\u0131\u00e7as\u0131"},"content":{"rendered":"<p>Benim ad\u0131m Angelica. Stockholm a\u00e7\u0131klar\u0131ndaki Gotland Adas\u0131\u2019n\u0131n sevimli bir \u015fehrinde k\u00fc\u00e7\u00fck bir kuaf\u00f6r salonu i\u015fletiyorum. Beni bir ili\u015fki ko\u00e7u, bir dinleyici ya da terapist olarak d\u00fc\u015f\u00fcnebilirsiniz. Bir ara  kartvizitime \u201cKuaf\u00f6r ve Sezgisel Terapist\u201d yazmay\u0131 d\u00fc\u015f\u00fcnd\u00fcysem de, sonradan insanlar\u0131n sezgilerime g\u00f6re onlar\u0131 de\u011ferlendirdi\u011fimi zannedeceklerinden korkup vazge\u00e7tim. Kuzey mitolojisi hakk\u0131nda bilgi sahibiyseniz ve Falc\u0131n\u0131n Kehanetini okuduysan\u0131z Norn\u2019lar\u0131 duymu\u015fsunuzdur. Urd, Verdandi ve Skuld, hayat\u0131n birbirine sar\u0131l\u0131 iplerini a\u00e7an \u00fc\u00e7 kader tanr\u0131\u00e7as\u0131d\u0131r ve s\u0131ras\u0131yla ge\u00e7mi\u015f, \u015fimdi ve gelecek anlam\u0131na gelirler. Tanr\u0131\u00e7alar iplerden hangilerini ortak bir kaderde \u00f6receklerine, hangilerinin karanl\u0131kta ilerleyen gemiler gibi uzaktan kar\u015f\u0131la\u015fmalar\u0131n\u0131 sa\u011flamaya \u00e7al\u0131\u015facaklar\u0131na birlikte karar verirler. \u0130\u015fte, iki k\u0131z karde\u015fimle birlikte benim yapt\u0131\u011f\u0131m da budur. Biz m\u00fc\u015fterilerimizin sadece sa\u00e7lar\u0131yla u\u011fra\u015fm\u0131yoruz, hayatlar\u0131n\u0131n b\u00fct\u00fcn\u00fcyle ilgileniyoruz. Onlara iyi bir sa\u00e7 kesiminden daha fazlas\u0131n\u0131 sunuyor, iyi bir kar\u015f\u0131la\u015fma arma\u011fan ediyoruz. \u00c7\u00fcnk\u00fc benlik ba\u015fkalar\u0131yla tan\u0131\u015ft\u0131k\u00e7a ortaya \u00e7\u0131kar ve olu\u015fur, bunu biliyoruz. Koltu\u011fa oturdu\u011funuzda ilk sorum daima \u201cSizin i\u00e7in ne yapabilirim?\u201d olur. Ve bununla sadece sa\u00e7lar\u0131n\u0131z\u0131 kastetmem. Yani \u201cHayat\u0131n\u0131zla ilgili ne yapabilirim?\u201d demek isterim. \u0130htiyac\u0131n\u0131z\u0131 anlay\u0131ncaya kadar sizi dinlerim. \u00c7\u00fcnk\u00fc t\u00fcm cevaplar\u0131 asl\u0131nda i\u00e7inizde ta\u015f\u0131d\u0131\u011f\u0131n\u0131z\u0131 bilirim. Misyonum yazg\u0131lara rehberlik etmektir. A\u015fk Salonu m\u00fc\u015fterileri tam bir a\u011f\u0131z s\u0131k\u0131l\u0131\u011f\u0131na g\u00fcvenebilirler \u00e7\u00fcnk\u00fc buradan hi\u00e7 s\u0131r \u00e7\u0131kmaz. Anna Jansson \u0130sve\u00e7\u2019te Gotland Adas\u0131\u2019nda ya\u015f\u0131yor. \u00dclkesinde en \u00e7ok okunan polisiye roman yazarlar\u0131ndan biri olan Jansson ayn\u0131 zamanda \u00e7ocuklar i\u00e7in \u00e7ok say\u0131da deneme ve kitap yay\u0131mlam\u0131\u015ft\u0131r. <\/p>\n","protected":false},"excerpt":{"rendered":"<p>Benim ad\u0131m Angelica. Stockholm a\u00e7\u0131klar\u0131ndaki Gotland Adas\u0131\u2019n\u0131n sevimli bir \u015fehrinde k\u00fc\u00e7\u00fck bir kuaf\u00f6r salonu i\u015fletiyorum. Beni bir ili\u015fki ko\u00e7u, bir dinleyici ya da terapist olarak d\u00fc\u015f\u00fcnebilirsiniz.<span class=\"excerpt-hellip\"> [\u2026]<\/span><\/p>\n","protected":false},"featured_media":0,"template":"","meta":{"_monsterinsights_skip_tracking":false,"_monsterinsights_sitenote_active":false,"_monsterinsights_sitenote_note":"","_monsterinsights_sitenote_category":0},"product_brand":[],"product_cat":[14643,12291],"product_tag":[],"class_list":{"0":"post-715186","1":"product","2":"type-product","3":"status-publish","5":"product_cat-ask","6":"product_cat-edebiyat","7":"pa_cilt-ciltsiz","8":"pa_tur-kitap","9":"pa_yayinevi-beyaz-baykus-yayinlari","10":"pa_yazar-anna-jansson","12":"first","13":"instock","14":"sale","15":"shipping-taxable","16":"purchasable","17":"product-type-simple"},"_links":{"self":[{"href":"https:\/\/roveyayinevi.com.tr\/index.php\/wp-json\/wp\/v2\/product\/715186","targetHints":{"allow":["GET"]}}],"collection":[{"href":"https:\/\/roveyayinevi.com.tr\/index.php\/wp-json\/wp\/v2\/product"}],"about":[{"href":"https:\/\/roveyayinevi.com.tr\/index.php\/wp-json\/wp\/v2\/types\/product"}],"wp:attachment":[{"href":"https:\/\/roveyayinevi.com.tr\/index.php\/wp-json\/wp\/v2\/media?parent=715186"}],"wp:term":[{"taxonomy":"product_brand","embeddable":true,"href":"https:\/\/roveyayinevi.com.tr\/index.php\/wp-json\/wp\/v2\/product_brand?post=715186"},{"taxonomy":"product_cat","embeddable":true,"href":"https:\/\/roveyayinevi.com.tr\/index.php\/wp-json\/wp\/v2\/product_cat?post=715186"},{"taxonomy":"product_tag","embeddable":true,"href":"https:\/\/roveyayinevi.com.tr\/index.php\/wp-json\/wp\/v2\/product_tag?post=715186"}],"curies":[{"name":"wp","href":"https:\/\/api.w.org\/{rel}","templated":true}]}}