{"id":715185,"date":"2025-08-27T17:27:12","date_gmt":"2025-08-27T14:27:12","guid":{"rendered":"https:\/\/roveyayinevi.com.tr\/index.php\/urun\/izafiyet\/"},"modified":"2026-04-16T02:23:22","modified_gmt":"2026-04-15T23:23:22","slug":"izafiyet","status":"publish","type":"product","link":"https:\/\/roveyayinevi.com.tr\/index.php\/urun\/izafiyet\/","title":{"rendered":"\u0130zafiyet"},"content":{"rendered":"<p>Einstein\u2019\u0131n Genel \u0130zafiyet Teorisi evrene bak\u0131\u015f a\u00e7\u0131m\u0131zda adeta devrim niteli\u011finde de\u011fi\u015fiklikler yapt\u0131\u011f\u0131ndan beri bir yu\u0308zy\u0131ldan fazla zaman ge\u00e7ti. Olduk\u00e7a karma\u015f\u0131k olmalar\u0131na ra\u011fmen Einstein\u2019\u0131n matematik ve fizi\u011fe katk\u0131lar\u0131, du\u0308nyam\u0131z\u0131n nas\u0131l i\u015fledi\u011fiyle ilgili ilgin\u00e7 tan\u0131mlar\u0131 ve kuantum teorisiyle birlikte son 100 y\u0131lda fizi\u011fin temel ta\u015flar\u0131 olmu\u015ftur. \u0130zafiyet, Einstein\u2019\u0131n en \u00e7ok ra\u011fbet g\u00f6ren bu kuram\u0131na dair heyecanl\u0131, zevkli bir g\u00f6rsel rehber niteli\u011finde. Yer\u00e7ekiminden kara deliklere, uzay-zaman\u0131n bu\u0308ku\u0308lmesinden Newton ve Hawking gibi \u00f6nemli bilim insanlar\u0131na, bu bu\u0308yu\u0308k d\u00e2hinin \u00e7al\u0131\u015fmalar\u0131 ve evrenin i\u015fleyi\u015fi hakk\u0131nda bilmek istedi\u011finiz her \u015fey bu kitapta! <\/p>\n","protected":false},"excerpt":{"rendered":"<p>Einstein\u2019\u0131n Genel \u0130zafiyet Teorisi evrene bak\u0131\u015f a\u00e7\u0131m\u0131zda adeta devrim niteli\u011finde de\u011fi\u015fiklikler yapt\u0131\u011f\u0131ndan beri bir yu\u0308zy\u0131ldan fazla zaman ge\u00e7ti. Olduk\u00e7a karma\u015f\u0131k olmalar\u0131na ra\u011fmen Einstein\u2019\u0131n matematik ve fizi\u011fe<span class=\"excerpt-hellip\"> [\u2026]<\/span><\/p>\n","protected":false},"featured_media":0,"template":"","meta":{"_monsterinsights_skip_tracking":false,"_monsterinsights_sitenote_active":false,"_monsterinsights_sitenote_note":"","_monsterinsights_sitenote_category":0},"product_brand":[],"product_cat":[43754,13005],"product_tag":[],"class_list":{"0":"post-715185","1":"product","2":"type-product","3":"status-publish","5":"product_cat-astronomi","6":"product_cat-bilim-muhendislik","7":"pa_cilt-ciltsiz","8":"pa_tur-kitap","9":"pa_yayinevi-say-yayinlari","10":"pa_yazar-bruce-bassett","12":"first","13":"instock","14":"sale","15":"shipping-taxable","16":"purchasable","17":"product-type-simple"},"_links":{"self":[{"href":"https:\/\/roveyayinevi.com.tr\/index.php\/wp-json\/wp\/v2\/product\/715185","targetHints":{"allow":["GET"]}}],"collection":[{"href":"https:\/\/roveyayinevi.com.tr\/index.php\/wp-json\/wp\/v2\/product"}],"about":[{"href":"https:\/\/roveyayinevi.com.tr\/index.php\/wp-json\/wp\/v2\/types\/product"}],"wp:attachment":[{"href":"https:\/\/roveyayinevi.com.tr\/index.php\/wp-json\/wp\/v2\/media?parent=715185"}],"wp:term":[{"taxonomy":"product_brand","embeddable":true,"href":"https:\/\/roveyayinevi.com.tr\/index.php\/wp-json\/wp\/v2\/product_brand?post=715185"},{"taxonomy":"product_cat","embeddable":true,"href":"https:\/\/roveyayinevi.com.tr\/index.php\/wp-json\/wp\/v2\/product_cat?post=715185"},{"taxonomy":"product_tag","embeddable":true,"href":"https:\/\/roveyayinevi.com.tr\/index.php\/wp-json\/wp\/v2\/product_tag?post=715185"}],"curies":[{"name":"wp","href":"https:\/\/api.w.org\/{rel}","templated":true}]}}