{"id":715184,"date":"2025-08-27T17:27:11","date_gmt":"2025-08-27T14:27:11","guid":{"rendered":"https:\/\/roveyayinevi.com.tr\/index.php\/urun\/aydinlanma\/"},"modified":"2026-04-16T02:23:22","modified_gmt":"2026-04-15T23:23:22","slug":"aydinlanma","status":"publish","type":"product","link":"https:\/\/roveyayinevi.com.tr\/index.php\/urun\/aydinlanma\/","title":{"rendered":"Ayd\u0131nlanma"},"content":{"rendered":"<p>18. yu\u0308zy\u0131lda Avrupa\u2019y\u0131 kas\u0131p kavuran Ayd\u0131nlanma, hem kendi yu\u0308zy\u0131l\u0131n\u0131n hem de insanl\u0131k tarihinin en bu\u0308yu\u0308k de\u011fi\u015fim d\u00f6nemlerinden biriydi. Ayn\u0131 zamanda ayd\u0131nlar\u0131n kendilerini kilisenin otoritesinden kurtarmak i\u00e7in ba\u015flatt\u0131\u011f\u0131 bu\u0308yu\u0308k bir ahlaki, bilimsel ve siyasi hareketti. Peki, \u201cAyd\u0131nlanma\u201d asl\u0131nda ne demek? Nas\u0131l ba\u015flad\u0131 ve sonu\u00e7lar\u0131 nelerdir? Ayd\u0131nlar\u0131n 18. yu\u0308zy\u0131lda att\u0131\u011f\u0131 ad\u0131mlar gu\u0308nu\u0308mu\u0308zu\u0308 nas\u0131l etkiledi? Voltaire, Diderot, Rousseau ve Kant gibi \u00f6nde gelen filozoflardan Adam Smith, Samuel Johnson, Benjamin Franklin ve Thomas Jefferson gibi d\u00f6nemin \u00f6nemli isimlerine, Ayd\u0131nlanma e\u011flenceli karikatu\u0308rleri ve yal\u0131n anlat\u0131m\u0131yla Ayd\u0131nlanma d\u00f6neminin perde arkas\u0131n\u0131 anlat\u0131yor. <\/p>\n","protected":false},"excerpt":{"rendered":"<p>18. yu\u0308zy\u0131lda Avrupa\u2019y\u0131 kas\u0131p kavuran Ayd\u0131nlanma, hem kendi yu\u0308zy\u0131l\u0131n\u0131n hem de insanl\u0131k tarihinin en bu\u0308yu\u0308k de\u011fi\u015fim d\u00f6nemlerinden biriydi. Ayn\u0131 zamanda ayd\u0131nlar\u0131n kendilerini kilisenin otoritesinden kurtarmak i\u00e7in<span class=\"excerpt-hellip\"> [\u2026]<\/span><\/p>\n","protected":false},"featured_media":0,"template":"","meta":{"_monsterinsights_skip_tracking":false,"_monsterinsights_sitenote_active":false,"_monsterinsights_sitenote_note":"","_monsterinsights_sitenote_category":0},"product_brand":[],"product_cat":[13005,37328],"product_tag":[],"class_list":{"0":"post-715184","1":"product","2":"type-product","3":"status-publish","5":"product_cat-bilim-muhendislik","6":"product_cat-diger-bilim-muhendislik","7":"pa_cilt-ciltsiz","8":"pa_tur-kitap","9":"pa_yayinevi-say-yayinlari","10":"pa_yazar-andrzej-krauze-lloyd-spencer","12":"first","13":"instock","14":"sale","15":"shipping-taxable","16":"purchasable","17":"product-type-simple"},"_links":{"self":[{"href":"https:\/\/roveyayinevi.com.tr\/index.php\/wp-json\/wp\/v2\/product\/715184","targetHints":{"allow":["GET"]}}],"collection":[{"href":"https:\/\/roveyayinevi.com.tr\/index.php\/wp-json\/wp\/v2\/product"}],"about":[{"href":"https:\/\/roveyayinevi.com.tr\/index.php\/wp-json\/wp\/v2\/types\/product"}],"wp:attachment":[{"href":"https:\/\/roveyayinevi.com.tr\/index.php\/wp-json\/wp\/v2\/media?parent=715184"}],"wp:term":[{"taxonomy":"product_brand","embeddable":true,"href":"https:\/\/roveyayinevi.com.tr\/index.php\/wp-json\/wp\/v2\/product_brand?post=715184"},{"taxonomy":"product_cat","embeddable":true,"href":"https:\/\/roveyayinevi.com.tr\/index.php\/wp-json\/wp\/v2\/product_cat?post=715184"},{"taxonomy":"product_tag","embeddable":true,"href":"https:\/\/roveyayinevi.com.tr\/index.php\/wp-json\/wp\/v2\/product_tag?post=715184"}],"curies":[{"name":"wp","href":"https:\/\/api.w.org\/{rel}","templated":true}]}}