{"id":715183,"date":"2025-08-27T17:27:11","date_gmt":"2025-08-27T14:27:11","guid":{"rendered":"https:\/\/roveyayinevi.com.tr\/index.php\/urun\/patlayici-muhendisligi-uygulamalarinda-kaya-delme-mekanigi\/"},"modified":"2026-04-16T02:23:22","modified_gmt":"2026-04-15T23:23:22","slug":"patlayici-muhendisligi-uygulamalarinda-kaya-delme-mekanigi","status":"publish","type":"product","link":"https:\/\/roveyayinevi.com.tr\/index.php\/urun\/patlayici-muhendisligi-uygulamalarinda-kaya-delme-mekanigi\/","title":{"rendered":"Patlay\u0131c\u0131 M\u00fchendisli\u011fi Uygulamalar\u0131nda Kaya Delme Mekani\u011fi"},"content":{"rendered":"<p>\u0130n\u015faat \u00e7al\u0131\u015fmalar\u0131n\u0131n ilk a\u015famas\u0131 olan kaz\u0131 \u00e7al\u0131\u015fmalr\u0131n\u0131n her zemin ortam\u0131nda y\u00fcr\u00fct\u00fclmesi zorunlu olan yap\u0131m faaliyetlerinin ilk a\u015famas\u0131n\u0131 olu\u015fturmaktad\u0131r.Kaz\u0131 \u00e7al\u0131\u015fmalar\u0131nn ilk a\u015famas\u0131 ise kesme delme faaliyetleridir.projeerin nitelik, nicelik ,kapasite ama\u00e7 ve i\u015fletmeye alma s\u00fcreleri do\u011frultusunda belirlenen \u00f6ncelikleri , \u00f6ne \u00e7\u0131kan proje kriterleri ve hassaiyetleriyap\u0131m\u0131n ilka a\u015famas\u0131 olan kaz\u0131 \u00e7al\u0131\u015fmalar\u0131n\u0131 \u00e7o\u011fu zaman aktiviteye d\u00f6n\u00fc\u015ft\u00fcrmektedir.Kaya zemin i\u00e7erisinde yap\u0131lan patlamal\u0131 kaz\u0131lar s\u00fcre ve maliyet etkilerine \u00e7ok b\u00fcy\u00fck katk\u0131 sa\u011flamakla birlikte do\u011fru ve g\u00fcvenli m\u00fchendislik hesaplamalar\u0131 yap\u0131lmad\u0131\u011f\u0131 takdirde istenmeyen sonu\u00e7lar\u0131 do\u011furmakta , kazan\u0131lmas\u0131 hedeflenen s\u00fcre ve maliyete olumsuz etkiler yapmakta ve \u00e7evre problemlerini de beraberinde getirmektedir.Bu nedenle patlamal\u0131 kaz\u0131 \u00e7al\u0131\u015fmalar\u0131 tasar\u0131m\u0131nda patlay\u0131c\u0131 madde enerjisinin kayac\u0131 k\u0131rmada kullan\u0131labilmesi en \u00f6nemli parametresi uygun delik \u00e7ap\u0131 delik d\u00fczeyi delikler aras\u0131 mesafe delik e\u011fimi k\u0131ssacas\u0131 t\u00fcm bu i\u015flemlerin genel ifadesi olarak delik paterni oldu\u011fu unutulmamal\u0131d\u0131r.<\/p>\n","protected":false},"excerpt":{"rendered":"<p>\u0130n\u015faat \u00e7al\u0131\u015fmalar\u0131n\u0131n ilk a\u015famas\u0131 olan kaz\u0131 \u00e7al\u0131\u015fmalr\u0131n\u0131n her zemin ortam\u0131nda y\u00fcr\u00fct\u00fclmesi zorunlu olan yap\u0131m faaliyetlerinin ilk a\u015famas\u0131n\u0131 olu\u015fturmaktad\u0131r.Kaz\u0131 \u00e7al\u0131\u015fmalar\u0131nn ilk a\u015famas\u0131 ise kesme delme faaliyetleridir.projeerin nitelik,<span class=\"excerpt-hellip\"> [\u2026]<\/span><\/p>\n","protected":false},"featured_media":0,"template":"","meta":{"_monsterinsights_skip_tracking":false,"_monsterinsights_sitenote_active":false,"_monsterinsights_sitenote_note":"","_monsterinsights_sitenote_category":0},"product_brand":[],"product_cat":[13005,37328],"product_tag":[],"class_list":{"0":"post-715183","1":"product","2":"type-product","3":"status-publish","5":"product_cat-bilim-muhendislik","6":"product_cat-diger-bilim-muhendislik","7":"pa_cilt-ciltsiz","8":"pa_tur-kitap","9":"pa_yayinevi-ideal-kultur-akademik","10":"pa_yazar-murat-canbal","12":"first","13":"instock","14":"sale","15":"shipping-taxable","16":"purchasable","17":"product-type-simple"},"_links":{"self":[{"href":"https:\/\/roveyayinevi.com.tr\/index.php\/wp-json\/wp\/v2\/product\/715183","targetHints":{"allow":["GET"]}}],"collection":[{"href":"https:\/\/roveyayinevi.com.tr\/index.php\/wp-json\/wp\/v2\/product"}],"about":[{"href":"https:\/\/roveyayinevi.com.tr\/index.php\/wp-json\/wp\/v2\/types\/product"}],"wp:attachment":[{"href":"https:\/\/roveyayinevi.com.tr\/index.php\/wp-json\/wp\/v2\/media?parent=715183"}],"wp:term":[{"taxonomy":"product_brand","embeddable":true,"href":"https:\/\/roveyayinevi.com.tr\/index.php\/wp-json\/wp\/v2\/product_brand?post=715183"},{"taxonomy":"product_cat","embeddable":true,"href":"https:\/\/roveyayinevi.com.tr\/index.php\/wp-json\/wp\/v2\/product_cat?post=715183"},{"taxonomy":"product_tag","embeddable":true,"href":"https:\/\/roveyayinevi.com.tr\/index.php\/wp-json\/wp\/v2\/product_tag?post=715183"}],"curies":[{"name":"wp","href":"https:\/\/api.w.org\/{rel}","templated":true}]}}