{"id":715181,"date":"2025-08-27T17:27:10","date_gmt":"2025-08-27T14:27:10","guid":{"rendered":"https:\/\/roveyayinevi.com.tr\/index.php\/urun\/ejderhani-nasil-egitirsin-nasil-korsan-olursun\/"},"modified":"2026-04-03T02:29:37","modified_gmt":"2026-04-02T23:29:37","slug":"ejderhani-nasil-egitirsin-nasil-korsan-olursun","status":"publish","type":"product","link":"https:\/\/roveyayinevi.com.tr\/index.php\/urun\/ejderhani-nasil-egitirsin-nasil-korsan-olursun\/","title":{"rendered":"Ejderhan\u0131 Nas\u0131l E\u011fitirsin -Nas\u0131l Korsan Olursun"},"content":{"rendered":"<p>Liderlik i\u00e7in g\u00fc\u00e7m\u00fc, cesaret mi yoksa zek\u00e2m\u0131 gerekli sorusuna cevap arayan Korkun\u00e7 G\u0131c\u0131k \u00dc\u00e7\u00fcnc\u00fc H\u0131\u00e7k\u0131r\u0131k, esprili anlat\u0131m dili sayesinde \u00e7ocuklar\u0131 hem e\u011flendirecek hem de onlara okumay\u0131 sevdirecek. Arkada\u015fl\u0131k, ba\u015far\u0131l\u0131 olma ve dayan\u0131\u015fma \u00fczerine e\u011flenceli bir ba\u015flang\u0131\u00e7 olan, t\u00fcm d\u00fcnyada 8 milyondan fazla satan ve 26 dile \u00e7evrilen dizinin ilk kitab\u0131 Ejder han\u0131 Nas\u0131l E\u011fitirsin ayn\u0131 isimle 2010 y\u0131l\u0131nda Dream works taraf\u0131ndan beyaz perdeye de uyarland\u0131. Serideki 2.animasyon filmi 2014 y\u0131l\u0131nda izleyiciyle bulu\u015furken,  3. filminise 2019 y\u0131l\u0131nda g\u00f6sterime girmesi bekleniyor. Korkun\u00e7 G\u0131c\u0131 k\u00dc\u00e7\u00fcnc\u00fc H\u0131\u00e7k\u0131r\u0131k cesur, g\u00f6steri\u015fli ve bir o kadar da zeki bir Viking kahraman\u0131yd\u0131. Fakat Viking kahramanlar\u0131n\u0131n bile bir yerlerden ba\u015flamalar\u0131 gerekir. Bu e\u011flenceli ve s\u00fcr\u00fckleyici macerada H\u0131\u00e7k\u0131r\u0131k, k\u0131l\u0131\u00e7d\u00f6v\u00fc\u015f\u00fc, batan gemiler ve \u00f6l\u00fcmc\u00fcl ejderhalar hakk\u0131nda hen\u00fcz \u00f6\u011frenecek \u00e7ok \u015feyi oldu\u011fu o eski g\u00fcnlerini anlat\u0131yor\u2026<\/p>\n","protected":false},"excerpt":{"rendered":"<p>Liderlik i\u00e7in g\u00fc\u00e7m\u00fc, cesaret mi yoksa zek\u00e2m\u0131 gerekli sorusuna cevap arayan Korkun\u00e7 G\u0131c\u0131k \u00dc\u00e7\u00fcnc\u00fc H\u0131\u00e7k\u0131r\u0131k, esprili anlat\u0131m dili sayesinde \u00e7ocuklar\u0131 hem e\u011flendirecek hem de onlara okumay\u0131<span class=\"excerpt-hellip\"> [\u2026]<\/span><\/p>\n","protected":false},"featured_media":0,"template":"","meta":{"_monsterinsights_skip_tracking":false,"_monsterinsights_sitenote_active":false,"_monsterinsights_sitenote_note":"","_monsterinsights_sitenote_category":0},"product_brand":[],"product_cat":[12274,12284],"product_tag":[],"class_list":{"0":"post-715181","1":"product","2":"type-product","3":"status-publish","5":"product_cat-cocuk-ve-genclik-kitaplari","6":"product_cat-hikayeler","7":"pa_cilt-ciltsiz","8":"pa_tur-kitap","9":"pa_yayinevi-epsilon-yayinlari","10":"pa_yazar-cressida-cowell","12":"first","13":"instock","14":"sale","15":"shipping-taxable","16":"purchasable","17":"product-type-simple"},"_links":{"self":[{"href":"https:\/\/roveyayinevi.com.tr\/index.php\/wp-json\/wp\/v2\/product\/715181","targetHints":{"allow":["GET"]}}],"collection":[{"href":"https:\/\/roveyayinevi.com.tr\/index.php\/wp-json\/wp\/v2\/product"}],"about":[{"href":"https:\/\/roveyayinevi.com.tr\/index.php\/wp-json\/wp\/v2\/types\/product"}],"wp:attachment":[{"href":"https:\/\/roveyayinevi.com.tr\/index.php\/wp-json\/wp\/v2\/media?parent=715181"}],"wp:term":[{"taxonomy":"product_brand","embeddable":true,"href":"https:\/\/roveyayinevi.com.tr\/index.php\/wp-json\/wp\/v2\/product_brand?post=715181"},{"taxonomy":"product_cat","embeddable":true,"href":"https:\/\/roveyayinevi.com.tr\/index.php\/wp-json\/wp\/v2\/product_cat?post=715181"},{"taxonomy":"product_tag","embeddable":true,"href":"https:\/\/roveyayinevi.com.tr\/index.php\/wp-json\/wp\/v2\/product_tag?post=715181"}],"curies":[{"name":"wp","href":"https:\/\/api.w.org\/{rel}","templated":true}]}}