{"id":715180,"date":"2025-08-27T17:27:09","date_gmt":"2025-08-27T14:27:09","guid":{"rendered":"https:\/\/roveyayinevi.com.tr\/index.php\/urun\/cekcek-cocuk-ve-zaman-kapsulu\/"},"modified":"2026-04-15T02:31:20","modified_gmt":"2026-04-14T23:31:20","slug":"cekcek-cocuk-ve-zaman-kapsulu","status":"publish","type":"product","link":"https:\/\/roveyayinevi.com.tr\/index.php\/urun\/cekcek-cocuk-ve-zaman-kapsulu\/","title":{"rendered":"\u00c7ek\u00e7ek \u00c7ocuk ve Zaman Kaps\u00fcl\u00fc"},"content":{"rendered":"<p>SaftirikGreg\u2019inG\u00fcnl\u00fc\u011f\u00fc\u2019n\u00fcnizindengiderekkahkahaylag\u00fclmegarantisiverenbuharikakitap, alt\u0131nc\u0131s\u0131n\u0131f\u00f6\u011frencisi Hal Rifkind\u2019\u0131n\u015fanss\u0131zbir\u015fekilde \u201c\u00c7ek\u00e7ek\u201d lakab\u0131n\u0131almas\u0131n\u0131, buy\u00fczdenkazand\u0131\u011f\u0131korkun\u00e7\u015f\u00f6hretivege\u00e7irdi\u011fikomiky\u0131l\u0131anlat\u0131yor. Tarih\u00f6\u011fretmeni Bay Tupkin\u2019inverdi\u011fituhaf\u00f6devlealt\u0131nc\u0131s\u0131n\u0131flardersy\u0131l\u0131naal\u0131\u015f\u0131lmad\u0131kbirba\u015flang\u0131\u00e7yap\u0131yor. Bu \u00f6deveg\u00f6re, \u00f6\u011frencilering\u00fcnl\u00fckyazmalar\u0131vebug\u00fcnl\u00fc\u011f\u00fcn de y\u0131lsonundabir zaman kaps\u00fcl\u00fcn\u00fcni\u00e7inekonarakg\u00f6m\u00fclmesigerekiyor.Bu s\u0131radababas\u0131n\u0131nHal\u2019a, okulagiderkenkitaplar\u0131n\u0131ta\u015f\u0131mas\u0131i\u00e7inkom\u015fular\u0131n\u0131neskial\u0131\u015fveri\u015farabas\u0131n\u0131vermesiylei\u015fleriyicekar\u0131\u015f\u0131yorve ne yaz\u0131kkiHal\u2019\u0131nlakab\u0131arkada\u015flar\u0131aras\u0131ndaart\u0131k \u201c\u00c7ek\u00e7ek\u201d oluyor.Peki\u00c7ek\u00e7ek\u2019inba\u015f\u0131nadahaneler mi geliyor? Eh, tuttu\u011fug\u00fcnl\u00fc\u011f\u00fcokuyunvenelerolmu\u015f\u00f6\u011frenin o zaman! Hal\u2019\u0131nfoto\u011fraf, \u00e7izimve zaman \u00e7izelgeleriyledoluolan zaman kaps\u00fcl\u00fcg\u00fcnl\u00fc\u011f\u00fc, talihsiz\u00c7ek\u00e7ek\u2019inge\u00e7irdi\u011fikocabiry\u0131l\u0131nhik\u00e2yesinianlat\u0131yor! L.A. CAMPBELL, Park Ridge, New Jersey\u2019deb\u00fcy\u00fcd\u00fc.Colorado \u00dcniversitesi\u2019nekaydolduvegazetecilikb\u00f6l\u00fcm\u00fcn\u00fcdereceylebitirdi.Kendireklamajans\u0131n\u0131kurdu, ard\u0131ndan Comedy Central ve New York Magazine gibimarkalarla\u00e7al\u0131\u015farak\u00f6d\u00fcllerkazand\u0131.\u00c7ek\u00e7ek\u00c7ocukve Zaman Kaps\u00fcl\u00fc, halen New York\u2019ta, e\u015fiveiki\u00e7ocu\u011fuilebirlikteya\u015fayanyazar\u0131n ilk kitab\u0131d\u0131r. <\/p>\n","protected":false},"excerpt":{"rendered":"<p>SaftirikGreg\u2019inG\u00fcnl\u00fc\u011f\u00fc\u2019n\u00fcnizindengiderekkahkahaylag\u00fclmegarantisiverenbuharikakitap, alt\u0131nc\u0131s\u0131n\u0131f\u00f6\u011frencisi Hal Rifkind\u2019\u0131n\u015fanss\u0131zbir\u015fekilde \u201c\u00c7ek\u00e7ek\u201d lakab\u0131n\u0131almas\u0131n\u0131, buy\u00fczdenkazand\u0131\u011f\u0131korkun\u00e7\u015f\u00f6hretivege\u00e7irdi\u011fikomiky\u0131l\u0131anlat\u0131yor. Tarih\u00f6\u011fretmeni Bay Tupkin\u2019inverdi\u011fituhaf\u00f6devlealt\u0131nc\u0131s\u0131n\u0131flardersy\u0131l\u0131naal\u0131\u015f\u0131lmad\u0131kbirba\u015flang\u0131\u00e7yap\u0131yor. Bu \u00f6deveg\u00f6re, \u00f6\u011frencilering\u00fcnl\u00fckyazmalar\u0131vebug\u00fcnl\u00fc\u011f\u00fcn de y\u0131lsonundabir zaman kaps\u00fcl\u00fcn\u00fcni\u00e7inekonarakg\u00f6m\u00fclmesigerekiyor.Bu s\u0131radababas\u0131n\u0131nHal\u2019a, okulagiderkenkitaplar\u0131n\u0131ta\u015f\u0131mas\u0131i\u00e7inkom\u015fular\u0131n\u0131neskial\u0131\u015fveri\u015farabas\u0131n\u0131vermesiylei\u015fleriyicekar\u0131\u015f\u0131yorve ne yaz\u0131kkiHal\u2019\u0131nlakab\u0131arkada\u015flar\u0131aras\u0131ndaart\u0131k \u201c\u00c7ek\u00e7ek\u201d oluyor.Peki\u00c7ek\u00e7ek\u2019inba\u015f\u0131nadahaneler mi geliyor? Eh,<span class=\"excerpt-hellip\"> [\u2026]<\/span><\/p>\n","protected":false},"featured_media":0,"template":"","meta":{"_monsterinsights_skip_tracking":false,"_monsterinsights_sitenote_active":false,"_monsterinsights_sitenote_note":"","_monsterinsights_sitenote_category":0},"product_brand":[],"product_cat":[12274,12284],"product_tag":[],"class_list":{"0":"post-715180","1":"product","2":"type-product","3":"status-publish","5":"product_cat-cocuk-ve-genclik-kitaplari","6":"product_cat-hikayeler","7":"pa_cilt-ciltsiz","8":"pa_tur-kitap","9":"pa_yayinevi-epsilon-yayinlari","10":"pa_yazar-l-a-campbell","12":"first","13":"instock","14":"sale","15":"shipping-taxable","16":"purchasable","17":"product-type-simple"},"_links":{"self":[{"href":"https:\/\/roveyayinevi.com.tr\/index.php\/wp-json\/wp\/v2\/product\/715180","targetHints":{"allow":["GET"]}}],"collection":[{"href":"https:\/\/roveyayinevi.com.tr\/index.php\/wp-json\/wp\/v2\/product"}],"about":[{"href":"https:\/\/roveyayinevi.com.tr\/index.php\/wp-json\/wp\/v2\/types\/product"}],"wp:attachment":[{"href":"https:\/\/roveyayinevi.com.tr\/index.php\/wp-json\/wp\/v2\/media?parent=715180"}],"wp:term":[{"taxonomy":"product_brand","embeddable":true,"href":"https:\/\/roveyayinevi.com.tr\/index.php\/wp-json\/wp\/v2\/product_brand?post=715180"},{"taxonomy":"product_cat","embeddable":true,"href":"https:\/\/roveyayinevi.com.tr\/index.php\/wp-json\/wp\/v2\/product_cat?post=715180"},{"taxonomy":"product_tag","embeddable":true,"href":"https:\/\/roveyayinevi.com.tr\/index.php\/wp-json\/wp\/v2\/product_tag?post=715180"}],"curies":[{"name":"wp","href":"https:\/\/api.w.org\/{rel}","templated":true}]}}