{"id":715179,"date":"2025-08-27T17:27:08","date_gmt":"2025-08-27T14:27:08","guid":{"rendered":"https:\/\/roveyayinevi.com.tr\/index.php\/urun\/adanmislik\/"},"modified":"2026-04-16T02:23:22","modified_gmt":"2026-04-15T23:23:22","slug":"adanmislik","status":"publish","type":"product","link":"https:\/\/roveyayinevi.com.tr\/index.php\/urun\/adanmislik\/","title":{"rendered":"Adanm\u0131\u015fl\u0131k"},"content":{"rendered":"<p>Adanm\u0131\u015fl\u0131k tek oturu\u015fta bitirilecek kadar keyifli, kendini tekrar okutacak kadar tesirli. K\u0131sa s\u00fcreli\u011fine de olsa, Patti Smith\u2019le vakit ge\u00e7irmek bir ayr\u0131cal\u0131k.\u201d \u2013Suzi Feay, Financial Times \u0130nsan neden yazma mecburiyeti duyar? Ba\u015fkalar\u0131n\u0131n isteklerine ra\u011fmen neden kendini ayr\u0131 tutar, \u00fczerine bir koza \u00f6rer, yaln\u0131zl\u0131\u011fa dalar? Virginia Woolf \u2019un odas\u0131 vard\u0131. Proust\u2019un kapal\u0131 pencereleri. Marguerite Duras\u2019\u0131n sessiz evi. Dylan Thomas\u2019\u0131n m\u00fctevaz\u0131 kul\u00fcbesi. Hepsi de kelimelerle dolacak bir bo\u015fluk pe\u015finde. Bakir topraklara n\u00fcfuz edecek, sahipsiz \u015fifreleri k\u0131racak, sonsuz olan\u0131 ifade edecek kelimelerle. Adanm\u0131\u015fl\u0131k\u2019ta \u00e7a\u011f\u0131m\u0131z\u0131n en ilham verici sanat\u00e7\u0131lar\u0131ndan biri sak\u0131nmadan defterlerini a\u00e7\u0131yor, kendi yarat\u0131m s\u00fcrecinin yan\u0131 s\u0131ra neden yazd\u0131\u011f\u0131m\u0131z\u0131 dag\u00f6zler \u00f6n\u00fcne seriyor. <\/p>\n","protected":false},"excerpt":{"rendered":"<p>Adanm\u0131\u015fl\u0131k tek oturu\u015fta bitirilecek kadar keyifli, kendini tekrar okutacak kadar tesirli. K\u0131sa s\u00fcreli\u011fine de olsa, Patti Smith\u2019le vakit ge\u00e7irmek bir ayr\u0131cal\u0131k.\u201d \u2013Suzi Feay, Financial Times \u0130nsan<span class=\"excerpt-hellip\"> [\u2026]<\/span><\/p>\n","protected":false},"featured_media":0,"template":"","meta":{"_monsterinsights_skip_tracking":false,"_monsterinsights_sitenote_active":false,"_monsterinsights_sitenote_note":"","_monsterinsights_sitenote_category":0},"product_brand":[],"product_cat":[13701,12291],"product_tag":[],"class_list":{"0":"post-715179","1":"product","2":"type-product","3":"status-publish","5":"product_cat-ani-mektup-gunluk","6":"product_cat-edebiyat","7":"pa_cilt-ciltsiz","8":"pa_tur-kitap","9":"pa_yayinevi-domingo-yayinevi","10":"pa_yazar-patti-smith","12":"first","13":"instock","14":"sale","15":"shipping-taxable","16":"purchasable","17":"product-type-simple"},"_links":{"self":[{"href":"https:\/\/roveyayinevi.com.tr\/index.php\/wp-json\/wp\/v2\/product\/715179","targetHints":{"allow":["GET"]}}],"collection":[{"href":"https:\/\/roveyayinevi.com.tr\/index.php\/wp-json\/wp\/v2\/product"}],"about":[{"href":"https:\/\/roveyayinevi.com.tr\/index.php\/wp-json\/wp\/v2\/types\/product"}],"wp:attachment":[{"href":"https:\/\/roveyayinevi.com.tr\/index.php\/wp-json\/wp\/v2\/media?parent=715179"}],"wp:term":[{"taxonomy":"product_brand","embeddable":true,"href":"https:\/\/roveyayinevi.com.tr\/index.php\/wp-json\/wp\/v2\/product_brand?post=715179"},{"taxonomy":"product_cat","embeddable":true,"href":"https:\/\/roveyayinevi.com.tr\/index.php\/wp-json\/wp\/v2\/product_cat?post=715179"},{"taxonomy":"product_tag","embeddable":true,"href":"https:\/\/roveyayinevi.com.tr\/index.php\/wp-json\/wp\/v2\/product_tag?post=715179"}],"curies":[{"name":"wp","href":"https:\/\/api.w.org\/{rel}","templated":true}]}}