{"id":715176,"date":"2025-08-27T17:27:06","date_gmt":"2025-08-27T14:27:06","guid":{"rendered":"https:\/\/roveyayinevi.com.tr\/index.php\/urun\/sandman-5-sen-oyunu\/"},"modified":"2026-04-16T02:23:22","modified_gmt":"2026-04-15T23:23:22","slug":"sandman-5-sen-oyunu","status":"publish","type":"product","link":"https:\/\/roveyayinevi.com.tr\/index.php\/urun\/sandman-5-sen-oyunu\/","title":{"rendered":"Sandman 5: Sen Oyunu"},"content":{"rendered":"<p>T\u00fcm zamanlar\u0131n hem en pop\u00fcler, hem de ele\u015ftirmenlerce en \u00e7ok be\u011fenilen grafik romanlar\u0131ndan biri olan Sandman, \u00e7izgi roman d\u00fcnyas\u0131nda olgun ve lirik fantazinin d\u00f6n\u00fcm noktas\u0131 oldu. Mecran\u0131n en aranan sanat\u00e7\u0131lar\u0131n\u0131n resimlendirdi\u011fi seri, modern ve antik mitolojilerin \u00e7a\u011fda\u015f kurgularla, tarihi dramalarla ve efsanelerle beraber dokundu\u011fu zengin bir kar\u0131\u015f\u0131m.Sandman serisinin be\u015finci cildi Sen Oyunu\u2019nda \u00e7ocuklu\u011fun muhayyel manzaralar\u0131 sahne al\u0131r. D\u00fc\u015flem\u2019in unutulmu\u015f bir k\u00f6\u015fesinde uyan\u0131k d\u00fcnyay\u0131 koruyan duvarda bir \u00e7atlak olu\u015fur ve bu \u00e7atlaktan bir grup New Yorklu gen\u00e7 hem \u00fcrk\u00fct\u00fcc\u00fc derecede tan\u0131d\u0131k hem de rahats\u0131z edici derecede k\u00f6t\u00fcc\u00fcl bir diyara do\u011fru ge\u00e7i\u015f yaparlar.Samuel R. Delany\u2019nin sunumuyla<\/p>\n","protected":false},"excerpt":{"rendered":"<p>T\u00fcm zamanlar\u0131n hem en pop\u00fcler, hem de ele\u015ftirmenlerce en \u00e7ok be\u011fenilen grafik romanlar\u0131ndan biri olan Sandman, \u00e7izgi roman d\u00fcnyas\u0131nda olgun ve lirik fantazinin d\u00f6n\u00fcm noktas\u0131 oldu.<span class=\"excerpt-hellip\"> [\u2026]<\/span><\/p>\n","protected":false},"featured_media":0,"template":"","meta":{"_monsterinsights_skip_tracking":false,"_monsterinsights_sitenote_active":false,"_monsterinsights_sitenote_note":"","_monsterinsights_sitenote_category":0},"product_brand":[],"product_cat":[12416,12291],"product_tag":[],"class_list":{"0":"post-715176","1":"product","2":"type-product","3":"status-publish","5":"product_cat-cizgi-roman","6":"product_cat-edebiyat","7":"pa_cilt-ciltsiz","8":"pa_tur-kitap","9":"pa_yayinevi-ithaki-yayinlari","10":"pa_yazar-neil-gaiman","12":"first","13":"instock","14":"sale","15":"shipping-taxable","16":"purchasable","17":"product-type-simple"},"_links":{"self":[{"href":"https:\/\/roveyayinevi.com.tr\/index.php\/wp-json\/wp\/v2\/product\/715176","targetHints":{"allow":["GET"]}}],"collection":[{"href":"https:\/\/roveyayinevi.com.tr\/index.php\/wp-json\/wp\/v2\/product"}],"about":[{"href":"https:\/\/roveyayinevi.com.tr\/index.php\/wp-json\/wp\/v2\/types\/product"}],"wp:attachment":[{"href":"https:\/\/roveyayinevi.com.tr\/index.php\/wp-json\/wp\/v2\/media?parent=715176"}],"wp:term":[{"taxonomy":"product_brand","embeddable":true,"href":"https:\/\/roveyayinevi.com.tr\/index.php\/wp-json\/wp\/v2\/product_brand?post=715176"},{"taxonomy":"product_cat","embeddable":true,"href":"https:\/\/roveyayinevi.com.tr\/index.php\/wp-json\/wp\/v2\/product_cat?post=715176"},{"taxonomy":"product_tag","embeddable":true,"href":"https:\/\/roveyayinevi.com.tr\/index.php\/wp-json\/wp\/v2\/product_tag?post=715176"}],"curies":[{"name":"wp","href":"https:\/\/api.w.org\/{rel}","templated":true}]}}