{"id":715173,"date":"2025-08-27T17:27:04","date_gmt":"2025-08-27T14:27:04","guid":{"rendered":"https:\/\/roveyayinevi.com.tr\/index.php\/urun\/tasa-kazinan-tarih\/"},"modified":"2026-04-16T02:23:22","modified_gmt":"2026-04-15T23:23:22","slug":"tasa-kazinan-tarih","status":"publish","type":"product","link":"https:\/\/roveyayinevi.com.tr\/index.php\/urun\/tasa-kazinan-tarih\/","title":{"rendered":"Ta\u015fa Kaz\u0131nan Tarih"},"content":{"rendered":"<p>Bat\u0131da Hazar Denizi\u2019nden ba\u015flay\u0131p do\u011fuda \u00c7in Seddi\u2019ne kadar uzanan, kuzeyde Sibirya\u2019ya g\u00fcneyde \u0130ran, Hindistan ve \u00c7in\u2019e kom\u015fu olan u\u00e7suz bucaks\u0131z, g\u00f6rkemli topraklar\u2026 G\u00f6kt\u00fcrkler i\u015fte b\u00f6ylesine muazzam bir co\u011frafya ve iklim i\u00e7inde, \u00d6t\u00fcken\u2019de do\u011fdu. Kurulu\u015f g\u00fcnlerinden itibaren da\u011flar\u0131, \u0131rmaklar\u0131 ve nice b\u00fcy\u00fck ovalar\u0131 h\u00e2kimiyet sahalar\u0131na katan G\u00f6kt\u00fcrkler; T\u00fcrk ad\u0131n\u0131 tarihte ilk defa kullanan bir devlet olarak kendilerinden sonras\u0131na \u00e7ok b\u00fcy\u00fck bir miras b\u0131rakt\u0131lar. Bu miras, bir\u00e7ok b\u00fcy\u00fck devletin ve medeniyetin do\u011fmas\u0131 i\u00e7in de kaynak oldu. Eski T\u00fcrk yaz\u0131tlar\u0131, T\u00fcrk ad\u0131n\u0131n ta\u015flara yaz\u0131ld\u0131\u011f\u0131 ve dolay\u0131s\u0131yla T\u00fcrklerin pusulas\u0131 olmu\u015f an\u0131tlard\u0131r. T\u00fcrk runik harfleri denilen alfabeyle ta\u015flara, kayalara ve di\u011fer sert cisimlere yaz\u0131lan her \u015fey T\u00fcrklerin yaz\u0131l\u0131 ilk belgeleri olarak de\u011ferlendirilmi\u015ftir. 1893 y\u0131l\u0131nda V. Thomsen taraf\u0131ndan \u00e7\u00f6z\u00fclen bu alfabe ile yaz\u0131lm\u0131\u015f metinler \u00fczerinde o g\u00fcnden bug\u00fcne dek say\u0131s\u0131z \u00e7al\u0131\u015fma yap\u0131lm\u0131\u015ft\u0131r ve h\u00e2l\u00e2 yeni bilgiler \u0131\u015f\u0131\u011f\u0131nda ara\u015ft\u0131rmalar s\u00fcrmektedir.<\/p>\n","protected":false},"excerpt":{"rendered":"<p>Bat\u0131da Hazar Denizi\u2019nden ba\u015flay\u0131p do\u011fuda \u00c7in Seddi\u2019ne kadar uzanan, kuzeyde Sibirya\u2019ya g\u00fcneyde \u0130ran, Hindistan ve \u00c7in\u2019e kom\u015fu olan u\u00e7suz bucaks\u0131z, g\u00f6rkemli topraklar\u2026 G\u00f6kt\u00fcrkler i\u015fte b\u00f6ylesine muazzam<span class=\"excerpt-hellip\"> [\u2026]<\/span><\/p>\n","protected":false},"featured_media":0,"template":"","meta":{"_monsterinsights_skip_tracking":false,"_monsterinsights_sitenote_active":false,"_monsterinsights_sitenote_note":"","_monsterinsights_sitenote_category":0},"product_brand":[],"product_cat":[12304,13650],"product_tag":[],"class_list":{"0":"post-715173","1":"product","2":"type-product","3":"status-publish","5":"product_cat-tarih","6":"product_cat-turk-tarihi-arastirmalari","7":"pa_cilt-ciltsiz","8":"pa_tur-kitap","9":"pa_yayinevi-kronik-kitap","10":"pa_yazar-erhan-aydin","12":"first","13":"instock","14":"sale","15":"shipping-taxable","16":"purchasable","17":"product-type-simple"},"_links":{"self":[{"href":"https:\/\/roveyayinevi.com.tr\/index.php\/wp-json\/wp\/v2\/product\/715173","targetHints":{"allow":["GET"]}}],"collection":[{"href":"https:\/\/roveyayinevi.com.tr\/index.php\/wp-json\/wp\/v2\/product"}],"about":[{"href":"https:\/\/roveyayinevi.com.tr\/index.php\/wp-json\/wp\/v2\/types\/product"}],"wp:attachment":[{"href":"https:\/\/roveyayinevi.com.tr\/index.php\/wp-json\/wp\/v2\/media?parent=715173"}],"wp:term":[{"taxonomy":"product_brand","embeddable":true,"href":"https:\/\/roveyayinevi.com.tr\/index.php\/wp-json\/wp\/v2\/product_brand?post=715173"},{"taxonomy":"product_cat","embeddable":true,"href":"https:\/\/roveyayinevi.com.tr\/index.php\/wp-json\/wp\/v2\/product_cat?post=715173"},{"taxonomy":"product_tag","embeddable":true,"href":"https:\/\/roveyayinevi.com.tr\/index.php\/wp-json\/wp\/v2\/product_tag?post=715173"}],"curies":[{"name":"wp","href":"https:\/\/api.w.org\/{rel}","templated":true}]}}