{"id":715171,"date":"2025-08-27T17:27:03","date_gmt":"2025-08-27T14:27:03","guid":{"rendered":"https:\/\/roveyayinevi.com.tr\/index.php\/urun\/kutup-yildizi-1\/"},"modified":"2025-10-17T04:49:32","modified_gmt":"2025-10-17T01:49:32","slug":"kutup-yildizi-1","status":"publish","type":"product","link":"https:\/\/roveyayinevi.com.tr\/index.php\/urun\/kutup-yildizi-1\/","title":{"rendered":"Kutup Y\u0131ld\u0131z\u0131 &#8211; 1"},"content":{"rendered":"<p>Fedak\u00e2rl\u0131k&#8230; D\u00f6rt hecelik basit bir kelime gibi g\u00f6r\u00fcnse de, asl\u0131nda onun hayat\u0131nda bir d\u00f6n\u00fcm noktas\u0131yd\u0131. Ge\u00e7mi\u015fe dair k\u0131rg\u0131nl\u0131klar\u0131n\u0131 yetimhanede unutmaya \u00e7al\u0131\u015fan Nisa, bir g\u00fcn ayn\u0131 kaderi payla\u015ft\u0131\u011f\u0131 arkada\u015f\u0131yla farkl\u0131 bir d\u00fcnyan\u0131n kap\u0131s\u0131n\u0131 aralar. \u0130ki dost, bu kap\u0131 aral\u0131\u011f\u0131ndan uzat\u0131lan s\u0131cac\u0131k ellere, kimsesizli\u011fin so\u011fuk r\u00fczg\u00e2r\u0131ndan korunmak \u00fcmidiyle sar\u0131l\u0131r. Nisa ve Senem sonunda o yetimhane odas\u0131n\u0131n duvarlar\u0131na f\u0131s\u0131ldad\u0131klar\u0131 hayalleri ger\u00e7ekle\u015ftirme \u015fans\u0131 elde ederler.   \u0130ki dost, daha \u00f6nce hi\u00e7 kar\u015f\u0131la\u015fmad\u0131klar\u0131 s\u0131cakl\u0131\u011f\u0131n ve zenginli\u011fin onlar\u0131 de\u011fi\u015ftirmesine izin verecekler mi? Hi\u00e7 tatmad\u0131klar\u0131 a\u015fk\u0131 yeni hayatlar\u0131nda bulabilecekler mi? <\/p>\n","protected":false},"excerpt":{"rendered":"<p>Fedak\u00e2rl\u0131k&#8230; D\u00f6rt hecelik basit bir kelime gibi g\u00f6r\u00fcnse de, asl\u0131nda onun hayat\u0131nda bir d\u00f6n\u00fcm noktas\u0131yd\u0131. Ge\u00e7mi\u015fe dair k\u0131rg\u0131nl\u0131klar\u0131n\u0131 yetimhanede unutmaya \u00e7al\u0131\u015fan Nisa, bir g\u00fcn ayn\u0131 kaderi<span class=\"excerpt-hellip\"> [\u2026]<\/span><\/p>\n","protected":false},"featured_media":0,"template":"","meta":{"_monsterinsights_skip_tracking":false,"_monsterinsights_sitenote_active":false,"_monsterinsights_sitenote_note":"","_monsterinsights_sitenote_category":0},"product_brand":[],"product_cat":[14643,12291],"product_tag":[],"class_list":{"0":"post-715171","1":"product","2":"type-product","3":"status-publish","5":"product_cat-ask","6":"product_cat-edebiyat","7":"pa_cilt-ciltsiz","8":"pa_tur-kitap","9":"pa_yayinevi-ephesus-yayinlari","10":"pa_yazar-mehtap-firat","12":"first","13":"instock","14":"sale","15":"shipping-taxable","16":"purchasable","17":"product-type-simple"},"_links":{"self":[{"href":"https:\/\/roveyayinevi.com.tr\/index.php\/wp-json\/wp\/v2\/product\/715171","targetHints":{"allow":["GET"]}}],"collection":[{"href":"https:\/\/roveyayinevi.com.tr\/index.php\/wp-json\/wp\/v2\/product"}],"about":[{"href":"https:\/\/roveyayinevi.com.tr\/index.php\/wp-json\/wp\/v2\/types\/product"}],"wp:attachment":[{"href":"https:\/\/roveyayinevi.com.tr\/index.php\/wp-json\/wp\/v2\/media?parent=715171"}],"wp:term":[{"taxonomy":"product_brand","embeddable":true,"href":"https:\/\/roveyayinevi.com.tr\/index.php\/wp-json\/wp\/v2\/product_brand?post=715171"},{"taxonomy":"product_cat","embeddable":true,"href":"https:\/\/roveyayinevi.com.tr\/index.php\/wp-json\/wp\/v2\/product_cat?post=715171"},{"taxonomy":"product_tag","embeddable":true,"href":"https:\/\/roveyayinevi.com.tr\/index.php\/wp-json\/wp\/v2\/product_tag?post=715171"}],"curies":[{"name":"wp","href":"https:\/\/api.w.org\/{rel}","templated":true}]}}