{"id":715169,"date":"2025-08-27T17:27:01","date_gmt":"2025-08-27T14:27:01","guid":{"rendered":"https:\/\/roveyayinevi.com.tr\/index.php\/urun\/karikaturlerle-sultan-ii-abdulhamid\/"},"modified":"2026-04-16T02:23:22","modified_gmt":"2026-04-15T23:23:22","slug":"karikaturlerle-sultan-ii-abdulhamid","status":"publish","type":"product","link":"https:\/\/roveyayinevi.com.tr\/index.php\/urun\/karikaturlerle-sultan-ii-abdulhamid\/","title":{"rendered":"Karikat\u00fcrlerle Sultan II. Abd\u00fclhamid"},"content":{"rendered":"<p>Tahta ge\u00e7mesinden itibaren reformlar\u0131yla, Rus Harbi\u2019nden Berlin Kongresi\u2019ne \u00e7e\u015fitli siyasi krizlerle, Balkan Sorunu\u2019yla, Girit Olaylar\u0131ndan 1897 Yunan Harbi\u2019ne, Ermeni Meselesi\u2019nden Avrupal\u0131 B\u00fcy\u00fck Devletlerle ya\u015fanan stratejik oyunlara, J\u00f6n T\u00fcrklerle olan m\u00fcnasebetinden 1908 \u0130htilali\u2019ne ve nihayet 31 Mart Vak\u2019as\u0131\u2019na uzanan u\u00e7suz bucaks\u0131z d\u00f6nem gerilimi y\u00fcksek olmas\u0131yla ve olduk\u00e7a ilgin\u00e7 an\u0131lar bar\u0131nd\u0131rmas\u0131yla ku\u015fkusuz karikat\u00fcr \u00e7izenlerin hem ilgisine mazhar olmu\u015ftur hem de h\u0131\u015fm\u0131na u\u011fram\u0131\u015ft\u0131r. <\/p>\n","protected":false},"excerpt":{"rendered":"<p>Tahta ge\u00e7mesinden itibaren reformlar\u0131yla, Rus Harbi\u2019nden Berlin Kongresi\u2019ne \u00e7e\u015fitli siyasi krizlerle, Balkan Sorunu\u2019yla, Girit Olaylar\u0131ndan 1897 Yunan Harbi\u2019ne, Ermeni Meselesi\u2019nden Avrupal\u0131 B\u00fcy\u00fck Devletlerle ya\u015fanan stratejik oyunlara,<span class=\"excerpt-hellip\"> [\u2026]<\/span><\/p>\n","protected":false},"featured_media":0,"template":"","meta":{"_monsterinsights_skip_tracking":false,"_monsterinsights_sitenote_active":false,"_monsterinsights_sitenote_note":"","_monsterinsights_sitenote_category":0},"product_brand":[],"product_cat":[13517,12304],"product_tag":[],"class_list":{"0":"post-715169","1":"product","2":"type-product","3":"status-publish","5":"product_cat-osmanli-tarihi","6":"product_cat-tarih","7":"pa_cilt-ciltsiz","8":"pa_tur-kitap","9":"pa_yayinevi-kronik-kitap","10":"pa_yazar-necmettin-alkan","12":"first","13":"instock","14":"sale","15":"shipping-taxable","16":"purchasable","17":"product-type-simple"},"_links":{"self":[{"href":"https:\/\/roveyayinevi.com.tr\/index.php\/wp-json\/wp\/v2\/product\/715169","targetHints":{"allow":["GET"]}}],"collection":[{"href":"https:\/\/roveyayinevi.com.tr\/index.php\/wp-json\/wp\/v2\/product"}],"about":[{"href":"https:\/\/roveyayinevi.com.tr\/index.php\/wp-json\/wp\/v2\/types\/product"}],"wp:attachment":[{"href":"https:\/\/roveyayinevi.com.tr\/index.php\/wp-json\/wp\/v2\/media?parent=715169"}],"wp:term":[{"taxonomy":"product_brand","embeddable":true,"href":"https:\/\/roveyayinevi.com.tr\/index.php\/wp-json\/wp\/v2\/product_brand?post=715169"},{"taxonomy":"product_cat","embeddable":true,"href":"https:\/\/roveyayinevi.com.tr\/index.php\/wp-json\/wp\/v2\/product_cat?post=715169"},{"taxonomy":"product_tag","embeddable":true,"href":"https:\/\/roveyayinevi.com.tr\/index.php\/wp-json\/wp\/v2\/product_tag?post=715169"}],"curies":[{"name":"wp","href":"https:\/\/api.w.org\/{rel}","templated":true}]}}