{"id":715166,"date":"2025-08-27T17:26:59","date_gmt":"2025-08-27T14:26:59","guid":{"rendered":"https:\/\/roveyayinevi.com.tr\/index.php\/urun\/benim-dilim-4\/"},"modified":"2026-04-16T02:23:22","modified_gmt":"2026-04-15T23:23:22","slug":"benim-dilim-4","status":"publish","type":"product","link":"https:\/\/roveyayinevi.com.tr\/index.php\/urun\/benim-dilim-4\/","title":{"rendered":"Benim Dilim &#8211; 4"},"content":{"rendered":"<p>Sevgili \u00d6\u011frenciler, \u2018\u2019Benim Dilim\u2019\u2019 kitab\u0131n\u0131 sevece\u011finizi umuyoruz. Dil e\u011fitimin-\u00f6\u011fretimin temelidir. T\u00fcrk\u00e7eyi daha iyi \u00f6\u011frenmek ve etkili kullanmak hepimizin g\u00f6revidir. \u00c7\u00fcnk\u00fc T\u00fcrk\u00e7e konu\u015fuyor, T\u00fcrk\u00e7e yaz\u0131yor, T\u00fcrk\u00e7e ile \u00f6\u011freniyoruz. \u2018\u2019Benim Dilim\u2019\u2019 kitab\u0131nda 4. s\u0131n\u0131f T\u00fcrk\u00e7e progra-m\u0131nda yer alan t\u00fcm dil kurallar\u0131 i\u015flenmi\u015ftir. Dilimizi e\u011flenerek, isteyerek ve severek \u00f6\u011fren-meniz i\u00e7in bu kitab\u0131 haz\u0131rlad\u0131k. \u2018\u2019Benim Dilim\u2019\u2019 kitab\u0131nda etkinlik, bilgi, do\u011fru-yanl\u0131\u015f, bo\u015fluk doldurma ve \u00e7oktan se\u00e7meli gibi so-rularla kar\u015f\u0131la\u015facaks\u0131n\u0131z. Bunlar\u0131 be\u011fenerek \u00e7\u00f6ze-ce\u011finizi biliyoruz. Kitapla ilgili ele\u015ftirilerinizi bekliyoruz. \u2018\u2019Benim Dilim\u2019\u2019 kitab\u0131n\u0131n haz\u0131rlanmas\u0131nda eme\u011fi ge\u00e7en herkesten, hepinize sevgiler sayg\u0131lar.<\/p>\n","protected":false},"excerpt":{"rendered":"<p>Sevgili \u00d6\u011frenciler, \u2018\u2019Benim Dilim\u2019\u2019 kitab\u0131n\u0131 sevece\u011finizi umuyoruz. Dil e\u011fitimin-\u00f6\u011fretimin temelidir. T\u00fcrk\u00e7eyi daha iyi \u00f6\u011frenmek ve etkili kullanmak hepimizin g\u00f6revidir. \u00c7\u00fcnk\u00fc T\u00fcrk\u00e7e konu\u015fuyor, T\u00fcrk\u00e7e yaz\u0131yor, T\u00fcrk\u00e7e ile<span class=\"excerpt-hellip\"> [\u2026]<\/span><\/p>\n","protected":false},"featured_media":0,"template":"","meta":{"_monsterinsights_skip_tracking":false,"_monsterinsights_sitenote_active":false,"_monsterinsights_sitenote_note":"","_monsterinsights_sitenote_category":0},"product_brand":[],"product_cat":[12274,12284],"product_tag":[],"class_list":{"0":"post-715166","1":"product","2":"type-product","3":"status-publish","5":"product_cat-cocuk-ve-genclik-kitaplari","6":"product_cat-hikayeler","7":"pa_cilt-ciltsiz","8":"pa_tur-kitap","9":"pa_yayinevi-fark-yayinlari","10":"pa_yazar-veysel-yildiz","12":"first","13":"instock","14":"sale","15":"shipping-taxable","16":"purchasable","17":"product-type-simple"},"_links":{"self":[{"href":"https:\/\/roveyayinevi.com.tr\/index.php\/wp-json\/wp\/v2\/product\/715166","targetHints":{"allow":["GET"]}}],"collection":[{"href":"https:\/\/roveyayinevi.com.tr\/index.php\/wp-json\/wp\/v2\/product"}],"about":[{"href":"https:\/\/roveyayinevi.com.tr\/index.php\/wp-json\/wp\/v2\/types\/product"}],"wp:attachment":[{"href":"https:\/\/roveyayinevi.com.tr\/index.php\/wp-json\/wp\/v2\/media?parent=715166"}],"wp:term":[{"taxonomy":"product_brand","embeddable":true,"href":"https:\/\/roveyayinevi.com.tr\/index.php\/wp-json\/wp\/v2\/product_brand?post=715166"},{"taxonomy":"product_cat","embeddable":true,"href":"https:\/\/roveyayinevi.com.tr\/index.php\/wp-json\/wp\/v2\/product_cat?post=715166"},{"taxonomy":"product_tag","embeddable":true,"href":"https:\/\/roveyayinevi.com.tr\/index.php\/wp-json\/wp\/v2\/product_tag?post=715166"}],"curies":[{"name":"wp","href":"https:\/\/api.w.org\/{rel}","templated":true}]}}