{"id":715161,"date":"2025-08-27T17:26:56","date_gmt":"2025-08-27T14:26:56","guid":{"rendered":"https:\/\/roveyayinevi.com.tr\/index.php\/urun\/cinsellik-nedir\/"},"modified":"2026-04-16T02:23:22","modified_gmt":"2026-04-15T23:23:22","slug":"cinsellik-nedir","status":"publish","type":"product","link":"https:\/\/roveyayinevi.com.tr\/index.php\/urun\/cinsellik-nedir\/","title":{"rendered":"Cinsellik Nedir?"},"content":{"rendered":"<p>\u015eu an sevi\u015fmiyorum, sizinle konu\u015fuyorum. Gelin g\u00f6r\u00fcn ki sevi\u015firken ya\u015fad\u0131\u011f\u0131m tatminin ayn\u0131s\u0131n\u0131 ya\u015f\u0131yor olabilirim.\u201d Y\u00fcceltimin bast\u0131rmas\u0131z d\u00fcrt\u00fc tatmini oldu\u011fu iddias\u0131n\u0131 a\u00e7\u0131klarken bu \u00f6rne\u011fi verir Lacan. Y\u00fcceltim genellikle ikame bir tatmin olarak d\u00fc\u015f\u00fcn\u00fcl\u00fcr: \u201cSevi\u015fmek\u201d yerine konu\u015fuyorumdur, yaz\u0131yor veya resim yap\u0131yorumdur mesela. Bu sayede, \u201ceksik\u201d olan tatminin yerine ba\u015fka t\u00fcr bir tatmin elde ederim. Oysa Lacanc\u0131 psikanaliz daha paradoksal bir tespitte bulunur: Faaliyet farkl\u0131d\u0131r ama tatmin bire bir ayn\u0131d\u0131r. Ba\u015fka bir deyi\u015fle, burada esas nokta konu\u015fmaktan elde edilen tatminin cinsel k\u00f6kenine istinaden a\u00e7\u0131klanmas\u0131 de\u011fil, bizatihi cinsel olmas\u0131d\u0131r. Bizi cinselli\u011fin do\u011fas\u0131 ve stat\u00fcs\u00fcn\u00fcn ne oldu\u011fu sorusunu k\u00f6k\u00fcnden ele almaya zorlayan da budur. Marx\u2019\u0131n me\u015fhur c\u00fcmlesini hat\u0131rlayal\u0131m: \u201cMaymun anatomisinin anahtar\u0131 insan anatomisindedir\u201d (ve bunun tersi ge\u00e7erli de\u011fildir belki de). Benzer \u015fekilde, konu\u015fmaktan elde edilen tatminin cinsel tatminin yahut cinselli\u011fin ve b\u00fcnyevi \u00e7eli\u015fkilerinin bir anahtar\u0131n\u0131 i\u00e7erdi\u011fi (ve bunun tersinin ge\u00e7erli olmad\u0131\u011f\u0131) hususunda diretmemiz gerekiyor. Bu kitab\u0131n do\u011frultusunu belirleyen basit ama ayn\u0131 zamanda en zor soru buradan do\u011fmaktad\u0131r: Cinsellik nedir? <\/p>\n","protected":false},"excerpt":{"rendered":"<p>\u015eu an sevi\u015fmiyorum, sizinle konu\u015fuyorum. Gelin g\u00f6r\u00fcn ki sevi\u015firken ya\u015fad\u0131\u011f\u0131m tatminin ayn\u0131s\u0131n\u0131 ya\u015f\u0131yor olabilirim.\u201d Y\u00fcceltimin bast\u0131rmas\u0131z d\u00fcrt\u00fc tatmini oldu\u011fu iddias\u0131n\u0131 a\u00e7\u0131klarken bu \u00f6rne\u011fi verir Lacan. Y\u00fcceltim<span class=\"excerpt-hellip\"> [\u2026]<\/span><\/p>\n","protected":false},"featured_media":0,"template":"","meta":{"_monsterinsights_skip_tracking":false,"_monsterinsights_sitenote_active":false,"_monsterinsights_sitenote_note":"","_monsterinsights_sitenote_category":0},"product_brand":[],"product_cat":[35288,13365],"product_tag":[],"class_list":{"0":"post-715161","1":"product","2":"type-product","3":"status-publish","5":"product_cat-cinsellik-saglik","6":"product_cat-saglik","7":"pa_cilt-ciltsiz","8":"pa_tur-kitap","9":"pa_yayinevi-metis-yayinlari","10":"pa_yazar-alenka-zupancic","12":"first","13":"instock","14":"sale","15":"shipping-taxable","16":"purchasable","17":"product-type-simple"},"_links":{"self":[{"href":"https:\/\/roveyayinevi.com.tr\/index.php\/wp-json\/wp\/v2\/product\/715161","targetHints":{"allow":["GET"]}}],"collection":[{"href":"https:\/\/roveyayinevi.com.tr\/index.php\/wp-json\/wp\/v2\/product"}],"about":[{"href":"https:\/\/roveyayinevi.com.tr\/index.php\/wp-json\/wp\/v2\/types\/product"}],"wp:attachment":[{"href":"https:\/\/roveyayinevi.com.tr\/index.php\/wp-json\/wp\/v2\/media?parent=715161"}],"wp:term":[{"taxonomy":"product_brand","embeddable":true,"href":"https:\/\/roveyayinevi.com.tr\/index.php\/wp-json\/wp\/v2\/product_brand?post=715161"},{"taxonomy":"product_cat","embeddable":true,"href":"https:\/\/roveyayinevi.com.tr\/index.php\/wp-json\/wp\/v2\/product_cat?post=715161"},{"taxonomy":"product_tag","embeddable":true,"href":"https:\/\/roveyayinevi.com.tr\/index.php\/wp-json\/wp\/v2\/product_tag?post=715161"}],"curies":[{"name":"wp","href":"https:\/\/api.w.org\/{rel}","templated":true}]}}