{"id":715160,"date":"2025-08-27T17:26:56","date_gmt":"2025-08-27T14:26:56","guid":{"rendered":"https:\/\/roveyayinevi.com.tr\/index.php\/urun\/yabanci-kalecinin-tarihi\/"},"modified":"2026-04-16T02:23:22","modified_gmt":"2026-04-15T23:23:22","slug":"yabanci-kalecinin-tarihi","status":"publish","type":"product","link":"https:\/\/roveyayinevi.com.tr\/index.php\/urun\/yabanci-kalecinin-tarihi\/","title":{"rendered":"Yabanc\u0131 &#8211; Kalecinin Tarihi"},"content":{"rendered":"<p>Albert Camus, Arthur Conan Doyle, Yevgeny Yevtu\u015fenko, Julian Barnes ve Nabokov\u2026 yolu kalecilik pozisyonundan ge\u00e7en s\u0131rad\u0131\u015f\u0131 karakterlerden baz\u0131lar\u0131. Jonathan Wilson, futbolun \u201cyaln\u0131z\u201d adamlar\u0131n\u0131n k\u00fclt\u00fcrel tarihini ve futbol sahas\u0131ndaki evrimini kendine has \u00fcslubuyla, edebiyat d\u00fcnyas\u0131ndan isimlerin de hik\u00e2yeleriyle birlikte anlat\u0131yor. Yazar, Afrika\u2019n\u0131n en b\u00fcy\u00fck iki kalecisinin yeti\u015fti\u011fi Kamerun\u2019un Bassa b\u00f6lgesine ve 1986 \u015eampiyon Kul\u00fcpler Kupas\u0131 finalinde d\u00f6rt penalt\u0131 kurtararak tarih yazan Steaua B\u00fckre\u015f kalecisi Helmuth Duckadam\u2019la konu\u015fmak i\u00e7in Romanya\u2019ya yolculuk ediyor. Wilson \u015fahane taktik ve teknik bilgileriyle, kalecili\u011fin di\u011fer on pozisyondan nas\u0131l farkl\u0131 bir yerde oldu\u011funu en ince ayr\u0131nt\u0131s\u0131na kadar aktar\u0131yor. Yabanc\u0131, futbolun en gizemli \u015fahsiyetleri olan kalecilerin kusursuz hik\u00e2yesi. <\/p>\n","protected":false},"excerpt":{"rendered":"<p>Albert Camus, Arthur Conan Doyle, Yevgeny Yevtu\u015fenko, Julian Barnes ve Nabokov\u2026 yolu kalecilik pozisyonundan ge\u00e7en s\u0131rad\u0131\u015f\u0131 karakterlerden baz\u0131lar\u0131. Jonathan Wilson, futbolun \u201cyaln\u0131z\u201d adamlar\u0131n\u0131n k\u00fclt\u00fcrel tarihini ve<span class=\"excerpt-hellip\"> [\u2026]<\/span><\/p>\n","protected":false},"featured_media":0,"template":"","meta":{"_monsterinsights_skip_tracking":false,"_monsterinsights_sitenote_active":false,"_monsterinsights_sitenote_note":"","_monsterinsights_sitenote_category":0},"product_brand":[],"product_cat":[15563,15564],"product_tag":[],"class_list":{"0":"post-715160","1":"product","2":"type-product","3":"status-publish","5":"product_cat-hobi","6":"product_cat-spor","7":"pa_cilt-ciltsiz","8":"pa_tur-kitap","9":"pa_yayinevi-ithaki-yayinlari","10":"pa_yazar-jonathan-wilson","12":"first","13":"instock","14":"sale","15":"shipping-taxable","16":"purchasable","17":"product-type-simple"},"_links":{"self":[{"href":"https:\/\/roveyayinevi.com.tr\/index.php\/wp-json\/wp\/v2\/product\/715160","targetHints":{"allow":["GET"]}}],"collection":[{"href":"https:\/\/roveyayinevi.com.tr\/index.php\/wp-json\/wp\/v2\/product"}],"about":[{"href":"https:\/\/roveyayinevi.com.tr\/index.php\/wp-json\/wp\/v2\/types\/product"}],"wp:attachment":[{"href":"https:\/\/roveyayinevi.com.tr\/index.php\/wp-json\/wp\/v2\/media?parent=715160"}],"wp:term":[{"taxonomy":"product_brand","embeddable":true,"href":"https:\/\/roveyayinevi.com.tr\/index.php\/wp-json\/wp\/v2\/product_brand?post=715160"},{"taxonomy":"product_cat","embeddable":true,"href":"https:\/\/roveyayinevi.com.tr\/index.php\/wp-json\/wp\/v2\/product_cat?post=715160"},{"taxonomy":"product_tag","embeddable":true,"href":"https:\/\/roveyayinevi.com.tr\/index.php\/wp-json\/wp\/v2\/product_tag?post=715160"}],"curies":[{"name":"wp","href":"https:\/\/api.w.org\/{rel}","templated":true}]}}