{"id":715159,"date":"2025-08-27T17:26:55","date_gmt":"2025-08-27T14:26:55","guid":{"rendered":"https:\/\/roveyayinevi.com.tr\/index.php\/urun\/amatka\/"},"modified":"2026-04-16T02:23:22","modified_gmt":"2026-04-15T23:23:22","slug":"amatka","status":"publish","type":"product","link":"https:\/\/roveyayinevi.com.tr\/index.php\/urun\/amatka\/","title":{"rendered":"Amatka"},"content":{"rendered":"<p>Dille \u015fekillenen bir d\u00fcnyada ge\u00e7en, Margaret Atwood ve Ursula K. Le Guin gelene\u011finde bir \u00e7\u0131k\u0131\u015f roman\u0131. Vanja, \u015fehir hakk\u0131nda bilgi toplamak i\u00e7in k\u0131\u015f kolonisi Amatka\u2019ya g\u00f6nderilir. Amatka\u2019ya ad\u0131m atar atmaz baz\u0131 tuhafl\u0131klar\u0131 fark etmeye ba\u015flar: \u0130nsanlar garip davran\u0131yorlard\u0131r ve \u015fehir sakinleri h\u00fck\u00fcmet kar\u015f\u0131t\u0131 d\u00fc\u015f\u00fcncelere kar\u015f\u0131 izlenmektedir. Amatka\u2019da k\u0131sa bir s\u00fcre kalmay\u0131 planlayan Vanja, ev arkada\u015f\u0131 Nina\u2019ya a\u015f\u0131k olunca ziyaretini uzatmaya karar verir. Burada, koloninin tehlike alt\u0131nda oldu\u011funu ve h\u00fck\u00fcmetin bunu halk\u0131ndan gizledi\u011fini \u00f6\u011frendi\u011finde kendi ara\u015ft\u0131rmas\u0131na ba\u015flayacak ve kendini b\u00fcy\u00fck bir tehlikenin i\u00e7inde bulacakt\u0131r. Amatka\u2019n\u0131n distopik d\u00fcnyas\u0131nda insan dilinin ger\u00e7ekli\u011fi de\u011fi\u015ftirme g\u00fcc\u00fc vard\u0131r. Objeler, binalar ve geri kalan her \u015fey s\u00fcrekli isimlendirilip bu isimler tekrar edilmezse yok olma tehlikesiyle kar\u015f\u0131 kar\u015f\u0131yad\u0131r. Bask\u0131c\u0131 bir kolonide k\u0131s\u0131l\u0131 kalan Vanya\u2019n\u0131n da lisan\u0131 kullanarak kendini \u00f6zg\u00fcr k\u0131lmay\u0131 arzulamas\u0131 ger\u00e7ekli\u011fi bile tehdit edecektir. <\/p>\n","protected":false},"excerpt":{"rendered":"<p>Dille \u015fekillenen bir d\u00fcnyada ge\u00e7en, Margaret Atwood ve Ursula K. Le Guin gelene\u011finde bir \u00e7\u0131k\u0131\u015f roman\u0131. Vanja, \u015fehir hakk\u0131nda bilgi toplamak i\u00e7in k\u0131\u015f kolonisi Amatka\u2019ya g\u00f6nderilir.<span class=\"excerpt-hellip\"> [\u2026]<\/span><\/p>\n","protected":false},"featured_media":0,"template":"","meta":{"_monsterinsights_skip_tracking":false,"_monsterinsights_sitenote_active":false,"_monsterinsights_sitenote_note":"","_monsterinsights_sitenote_category":0},"product_brand":[],"product_cat":[13005,37328],"product_tag":[],"class_list":{"0":"post-715159","1":"product","2":"type-product","3":"status-publish","5":"product_cat-bilim-muhendislik","6":"product_cat-diger-bilim-muhendislik","7":"pa_cilt-ciltsiz","8":"pa_tur-kitap","9":"pa_yayinevi-ithaki-yayinlari","10":"pa_yazar-karin-tidbeck","12":"first","13":"instock","14":"sale","15":"shipping-taxable","16":"purchasable","17":"product-type-simple"},"_links":{"self":[{"href":"https:\/\/roveyayinevi.com.tr\/index.php\/wp-json\/wp\/v2\/product\/715159","targetHints":{"allow":["GET"]}}],"collection":[{"href":"https:\/\/roveyayinevi.com.tr\/index.php\/wp-json\/wp\/v2\/product"}],"about":[{"href":"https:\/\/roveyayinevi.com.tr\/index.php\/wp-json\/wp\/v2\/types\/product"}],"wp:attachment":[{"href":"https:\/\/roveyayinevi.com.tr\/index.php\/wp-json\/wp\/v2\/media?parent=715159"}],"wp:term":[{"taxonomy":"product_brand","embeddable":true,"href":"https:\/\/roveyayinevi.com.tr\/index.php\/wp-json\/wp\/v2\/product_brand?post=715159"},{"taxonomy":"product_cat","embeddable":true,"href":"https:\/\/roveyayinevi.com.tr\/index.php\/wp-json\/wp\/v2\/product_cat?post=715159"},{"taxonomy":"product_tag","embeddable":true,"href":"https:\/\/roveyayinevi.com.tr\/index.php\/wp-json\/wp\/v2\/product_tag?post=715159"}],"curies":[{"name":"wp","href":"https:\/\/api.w.org\/{rel}","templated":true}]}}