{"id":715158,"date":"2025-08-27T17:26:54","date_gmt":"2025-08-27T14:26:54","guid":{"rendered":"https:\/\/roveyayinevi.com.tr\/index.php\/urun\/elveda-antura-bir-ermeni-yetimin-anilari\/"},"modified":"2025-12-30T10:16:53","modified_gmt":"2025-12-30T07:16:53","slug":"elveda-antura-bir-ermeni-yetimin-anilari","status":"publish","type":"product","link":"https:\/\/roveyayinevi.com.tr\/index.php\/urun\/elveda-antura-bir-ermeni-yetimin-anilari\/","title":{"rendered":"Elveda Antura &#8211; Bir Ermeni Yetimin An\u0131lar\u0131"},"content":{"rendered":"<p>Elveda Antuna, 1915 Felaketi\u2019nin g\u00f6lgesinde b\u00fcy\u00fcyen bir neslin ya\u015fad\u0131klar\u0131n\u0131 g\u00f6zler \u00f6n\u00fcne seriyor. Be\u015f ya\u015f\u0131ndayken \u00e7\u0131kar\u0131ld\u0131\u011f\u0131 \u00f6l\u00fcm yolculu\u011funda ve sonras\u0131nda Cemal Pa\u015fa\u2019n\u0131n Antura\u2019daki yetimhanesinde ya\u015fad\u0131klar\u0131n\u0131 t\u00fcm \u00e7\u0131plakl\u0131\u011f\u0131yla anlatan Karnig Panyan, her \u015feye ra\u011fmen hayatta kalmay\u0131 ba\u015faran kendi gibi y\u00fczlerce, binlerce \u00e7ocu\u011fun hik\u00e2yesine kulak vermeye \u00e7a\u011f\u0131r\u0131yor okuru. Karnig Panyan, 1915-1918 y\u0131llar\u0131 aras\u0131nda, \u0130ttihat ve Terakki y\u00f6netiminin kilit isimlerinden Cemal Pa\u015fa\u2019n\u0131n Ermeni, T\u00fcrk ve K\u00fcrt \u00e7ocuklar\u0131 toplad\u0131\u011f\u0131, Halide Edip\u2019in de bir s\u00fcreli\u011fine sorumlulu\u011funu \u00fcstlendi\u011fi L\u00fcbnan\u2019daki Antura Yetimhanesi\u2019ndeydi. Sahipsiz kalan Ermeni yetimleri yabanc\u0131 yard\u0131m kurulu\u015flar\u0131na kapt\u0131rmak istemeyen ve kendi metotlar\u0131yla e\u011fitme niyetinde olan Cemal Pa\u015fa\u2019n\u0131n inisiyatifiyle burada ilk g\u00fcnden itibaren uygulanan bask\u0131c\u0131 program \u00e7ocuklar\u0131n m\u00fccadelesinin \u00e7\u0131k\u0131\u015f noktas\u0131 olacakt\u0131. Ayn\u0131 zamanda b\u00f6lgede h\u00fck\u00fcm s\u00fcren k\u0131tl\u0131k \u00e7ocuklar\u0131n ya\u015famak i\u00e7in her t\u00fcrl\u00fc badireyi g\u00f6ze almas\u0131 demekti.  Elveda Antura I. D\u00fcnya Sava\u015f\u0131\u2019n\u0131n yol a\u00e7t\u0131\u011f\u0131 y\u0131k\u0131mdan nasibini alan bir co\u011frafyada oradan oraya savrulan yetimlerin k\u0131tl\u0131\u011fa ve kimliklerini ink\u00e2ra kar\u015f\u0131 direni\u015flerini anlat\u0131yor. Erken ya\u015fta olgunla\u015fan ve \u00e7ocukluklar\u0131n\u0131 doya doya ya\u015fayamayan bir nesle kulak vermek isteyenler i\u00e7in<\/p>\n","protected":false},"excerpt":{"rendered":"<p>Elveda Antuna, 1915 Felaketi\u2019nin g\u00f6lgesinde b\u00fcy\u00fcyen bir neslin ya\u015fad\u0131klar\u0131n\u0131 g\u00f6zler \u00f6n\u00fcne seriyor. Be\u015f ya\u015f\u0131ndayken \u00e7\u0131kar\u0131ld\u0131\u011f\u0131 \u00f6l\u00fcm yolculu\u011funda ve sonras\u0131nda Cemal Pa\u015fa\u2019n\u0131n Antura\u2019daki yetimhanesinde ya\u015fad\u0131klar\u0131n\u0131 t\u00fcm \u00e7\u0131plakl\u0131\u011f\u0131yla<span class=\"excerpt-hellip\"> [\u2026]<\/span><\/p>\n","protected":false},"featured_media":0,"template":"","meta":{"_monsterinsights_skip_tracking":false,"_monsterinsights_sitenote_active":false,"_monsterinsights_sitenote_note":"","_monsterinsights_sitenote_category":0},"product_brand":[],"product_cat":[12291,12711],"product_tag":[],"class_list":{"0":"post-715158","1":"product","2":"type-product","3":"status-publish","5":"product_cat-edebiyat","6":"product_cat-roman-oyku","7":"pa_cilt-ciltsiz","8":"pa_tur-kitap","9":"pa_yayinevi-aras-yayinlari","10":"pa_yazar-karnig-panyan","12":"first","13":"instock","14":"sale","15":"shipping-taxable","16":"purchasable","17":"product-type-simple"},"_links":{"self":[{"href":"https:\/\/roveyayinevi.com.tr\/index.php\/wp-json\/wp\/v2\/product\/715158","targetHints":{"allow":["GET"]}}],"collection":[{"href":"https:\/\/roveyayinevi.com.tr\/index.php\/wp-json\/wp\/v2\/product"}],"about":[{"href":"https:\/\/roveyayinevi.com.tr\/index.php\/wp-json\/wp\/v2\/types\/product"}],"wp:attachment":[{"href":"https:\/\/roveyayinevi.com.tr\/index.php\/wp-json\/wp\/v2\/media?parent=715158"}],"wp:term":[{"taxonomy":"product_brand","embeddable":true,"href":"https:\/\/roveyayinevi.com.tr\/index.php\/wp-json\/wp\/v2\/product_brand?post=715158"},{"taxonomy":"product_cat","embeddable":true,"href":"https:\/\/roveyayinevi.com.tr\/index.php\/wp-json\/wp\/v2\/product_cat?post=715158"},{"taxonomy":"product_tag","embeddable":true,"href":"https:\/\/roveyayinevi.com.tr\/index.php\/wp-json\/wp\/v2\/product_tag?post=715158"}],"curies":[{"name":"wp","href":"https:\/\/api.w.org\/{rel}","templated":true}]}}