{"id":715155,"date":"2025-08-27T17:26:53","date_gmt":"2025-08-27T14:26:53","guid":{"rendered":"https:\/\/roveyayinevi.com.tr\/index.php\/urun\/annemin-akli-bende-kaldi\/"},"modified":"2026-04-16T02:23:22","modified_gmt":"2026-04-15T23:23:22","slug":"annemin-akli-bende-kaldi","status":"publish","type":"product","link":"https:\/\/roveyayinevi.com.tr\/index.php\/urun\/annemin-akli-bende-kaldi\/","title":{"rendered":"Annemin Akl\u0131 Bende Kald\u0131"},"content":{"rendered":"<p>Annesinin akl\u0131 Memo&#8217;da kald\u0131. Peki annesi ak\u0131ls\u0131z ne yapacakt\u0131? Eve d\u00f6n\u00fc\u015f yolunu nas\u0131l bulacakt\u0131? Memo hemen bir \u015fey yapmal\u0131&#8230; \u00d6zge Bahar Sunar\u2019\u0131n kaleme ald\u0131\u011f\u0131, Mert Tugen\u2019in resimledi\u011fi Annemin Akl\u0131 Bende Kald\u0131 b\u00fcy\u00fcklerin d\u00fcnyas\u0131na \u00e7ocuk g\u00f6z\u00fcyle bakarken, \u00e7ocuklar\u0131n bu karma\u015f\u0131k d\u00fcnyay\u0131 kendi dillerince nas\u0131l farkl\u0131 yorumlad\u0131klar\u0131n\u0131 ortaya koyuyor. \u00c7ocuklar\u0131n sorunlar kar\u015f\u0131s\u0131nda naif \u00e7\u00f6z\u00fcmler \u00fcreten parlak zekalar\u0131na ve \u00e7ocuklu\u011fun renkli d\u00fcnyas\u0131na bir \u00f6vg\u00fc\u2026 <\/p>\n","protected":false},"excerpt":{"rendered":"<p>Annesinin akl\u0131 Memo&#8217;da kald\u0131. Peki annesi ak\u0131ls\u0131z ne yapacakt\u0131? Eve d\u00f6n\u00fc\u015f yolunu nas\u0131l bulacakt\u0131? Memo hemen bir \u015fey yapmal\u0131&#8230; \u00d6zge Bahar Sunar\u2019\u0131n kaleme ald\u0131\u011f\u0131, Mert Tugen\u2019in<span class=\"excerpt-hellip\"> [\u2026]<\/span><\/p>\n","protected":false},"featured_media":0,"template":"","meta":{"_monsterinsights_skip_tracking":false,"_monsterinsights_sitenote_active":false,"_monsterinsights_sitenote_note":"","_monsterinsights_sitenote_category":0},"product_brand":[],"product_cat":[12274,12284],"product_tag":[],"class_list":{"0":"post-715155","1":"product","2":"type-product","3":"status-publish","5":"product_cat-cocuk-ve-genclik-kitaplari","6":"product_cat-hikayeler","7":"pa_cilt-ciltsiz","8":"pa_tur-kitap","9":"pa_yayinevi-nesin-yayinlari","10":"pa_yazar-ozge-bahar-sunar","12":"first","13":"instock","14":"sale","15":"shipping-taxable","16":"purchasable","17":"product-type-simple"},"_links":{"self":[{"href":"https:\/\/roveyayinevi.com.tr\/index.php\/wp-json\/wp\/v2\/product\/715155","targetHints":{"allow":["GET"]}}],"collection":[{"href":"https:\/\/roveyayinevi.com.tr\/index.php\/wp-json\/wp\/v2\/product"}],"about":[{"href":"https:\/\/roveyayinevi.com.tr\/index.php\/wp-json\/wp\/v2\/types\/product"}],"wp:attachment":[{"href":"https:\/\/roveyayinevi.com.tr\/index.php\/wp-json\/wp\/v2\/media?parent=715155"}],"wp:term":[{"taxonomy":"product_brand","embeddable":true,"href":"https:\/\/roveyayinevi.com.tr\/index.php\/wp-json\/wp\/v2\/product_brand?post=715155"},{"taxonomy":"product_cat","embeddable":true,"href":"https:\/\/roveyayinevi.com.tr\/index.php\/wp-json\/wp\/v2\/product_cat?post=715155"},{"taxonomy":"product_tag","embeddable":true,"href":"https:\/\/roveyayinevi.com.tr\/index.php\/wp-json\/wp\/v2\/product_tag?post=715155"}],"curies":[{"name":"wp","href":"https:\/\/api.w.org\/{rel}","templated":true}]}}