{"id":715152,"date":"2025-08-27T17:26:51","date_gmt":"2025-08-27T14:26:51","guid":{"rendered":"https:\/\/roveyayinevi.com.tr\/index.php\/urun\/sosyoloji-yazilari\/"},"modified":"2026-04-16T02:23:22","modified_gmt":"2026-04-15T23:23:22","slug":"sosyoloji-yazilari","status":"publish","type":"product","link":"https:\/\/roveyayinevi.com.tr\/index.php\/urun\/sosyoloji-yazilari\/","title":{"rendered":"Sosyoloji Yaz\u0131lar\u0131"},"content":{"rendered":"<p>Elinizdeki kitap b\u00fcy\u00fck \u00e7o\u011funlu\u011fu sosyoloji olmakla birlikte antropoloji ve dilbilim gibi farkl\u0131 alanlardan akademislerin bir araya gelerek sosyolojik bir bak\u0131\u015f a\u00e7\u0131s\u0131 ile kaleme ald\u0131\u011f\u0131 \u00e7al\u0131\u015fmalar\u0131n bir toplam\u0131d\u0131r. Ortak kayg\u0131 sosyolojik perspektifle belli sorun ve konulara e\u011filmek ve buralardan \u00e7\u00f6z\u00fcm odakl\u0131 bilgiler \u00e7\u0131karmakt\u0131r. &#8220;Sosyoloji Yaz\u0131lar\u0131&#8221; ismini bu nedenle tercih ettik.Ortak bir konu belirleyerek katk\u0131da bulunan arkada\u015flar\u0131m\u0131z\u0131 s\u0131n\u0131rland\u0131rmak istemedik. Bu \u015fekilde \u00e7al\u0131\u015fmalar da s\u0131kl\u0131kla ger\u00e7ekle\u015fmekte olup, bizim tercihimiz herkesin ilgi alan\u0131na giren bir konuda g\u00f6r\u00fc\u015flerini ortaya koymas\u0131 \u015feklinde olmu\u015ftur. Bu nedenle okuyucu farkl\u0131 konularla kar\u015f\u0131la\u015facakt\u0131r. Bu durumu konu \u00e7e\u015fitlili\u011finin yan\u0131 s\u0131ra \u00e7e\u015fitli pencerelerden perspektifler sunmak olarak g\u00f6r\u00fcyor ve \u00f6nemsiyoruz. \u00c7al\u0131\u015fmam\u0131z i\u00e7inde din sosyolojisi ve antropoloji, etnik sosyoloji, \u015fehir sosyolojisi, dil sosyolojisi, e\u011fitim sosyolojisi ve psikolojisi, sinema sosyolojisi gibi alanlarda yaz\u0131lar bulunmaktad\u0131r. S\u00f6z\u00fcn\u00fc etti\u011fimiz \u00e7e\u015fitlili\u011fin \u00f6rne\u011fi olarak sosyolojiyle ilgilenen okuyuculara de\u011fi\u015fik konulara ve bak\u0131\u015f a\u00e7\u0131lar\u0131na ilgi uyand\u0131rmak anlam\u0131nda katk\u0131da bulunaca\u011f\u0131n\u0131 d\u00fc\u015f\u00fcyoruz.Y\u00fcksel Y\u0131ld\u0131r\u0131mEdit\u00f6r<\/p>\n","protected":false},"excerpt":{"rendered":"<p>Elinizdeki kitap b\u00fcy\u00fck \u00e7o\u011funlu\u011fu sosyoloji olmakla birlikte antropoloji ve dilbilim gibi farkl\u0131 alanlardan akademislerin bir araya gelerek sosyolojik bir bak\u0131\u015f a\u00e7\u0131s\u0131 ile kaleme ald\u0131\u011f\u0131 \u00e7al\u0131\u015fmalar\u0131n bir<span class=\"excerpt-hellip\"> [\u2026]<\/span><\/p>\n","protected":false},"featured_media":0,"template":"","meta":{"_monsterinsights_skip_tracking":false,"_monsterinsights_sitenote_active":false,"_monsterinsights_sitenote_note":"","_monsterinsights_sitenote_category":0},"product_brand":[],"product_cat":[12325,12324],"product_tag":[],"class_list":{"0":"post-715152","1":"product","2":"type-product","3":"status-publish","5":"product_cat-diger-sosyoloji","6":"product_cat-sosyoloji","7":"pa_cilt-ciltsiz","8":"pa_tur-kitap","9":"pa_yayinevi-bilgin-kultur-sanat","10":"pa_yazar-kolektif","12":"first","13":"instock","14":"sale","15":"shipping-taxable","16":"purchasable","17":"product-type-simple"},"_links":{"self":[{"href":"https:\/\/roveyayinevi.com.tr\/index.php\/wp-json\/wp\/v2\/product\/715152","targetHints":{"allow":["GET"]}}],"collection":[{"href":"https:\/\/roveyayinevi.com.tr\/index.php\/wp-json\/wp\/v2\/product"}],"about":[{"href":"https:\/\/roveyayinevi.com.tr\/index.php\/wp-json\/wp\/v2\/types\/product"}],"wp:attachment":[{"href":"https:\/\/roveyayinevi.com.tr\/index.php\/wp-json\/wp\/v2\/media?parent=715152"}],"wp:term":[{"taxonomy":"product_brand","embeddable":true,"href":"https:\/\/roveyayinevi.com.tr\/index.php\/wp-json\/wp\/v2\/product_brand?post=715152"},{"taxonomy":"product_cat","embeddable":true,"href":"https:\/\/roveyayinevi.com.tr\/index.php\/wp-json\/wp\/v2\/product_cat?post=715152"},{"taxonomy":"product_tag","embeddable":true,"href":"https:\/\/roveyayinevi.com.tr\/index.php\/wp-json\/wp\/v2\/product_tag?post=715152"}],"curies":[{"name":"wp","href":"https:\/\/api.w.org\/{rel}","templated":true}]}}