{"id":715150,"date":"2025-08-27T17:26:50","date_gmt":"2025-08-27T14:26:50","guid":{"rendered":"https:\/\/roveyayinevi.com.tr\/index.php\/urun\/buyuk-ataturkten-kucuk-oykuler\/"},"modified":"2026-04-16T02:23:22","modified_gmt":"2026-04-15T23:23:22","slug":"buyuk-ataturkten-kucuk-oykuler","status":"publish","type":"product","link":"https:\/\/roveyayinevi.com.tr\/index.php\/urun\/buyuk-ataturkten-kucuk-oykuler\/","title":{"rendered":"B\u00fcy\u00fck Atat\u00fcrk&#8217;ten K\u00fc\u00e7\u00fck \u00d6yk\u00fcler"},"content":{"rendered":"<p>Pek \u00c7o\u011funu \u0130lk Kez Okuyaca\u011f\u0131n\u0131z Y\u00fczlerce Atat\u00fcrk \u00d6yk\u00fcs\u00fc! Mustafa Kemal Atat\u00fcrk\u2019\u00fc \u00c7anakkale\u2019de, Amasya\u2019da, Erzurum\u2019da, Sivas\u2019ta, Ankara\u2019da, Sakarya\u2019da, B\u00fcy\u00fck Taarruz\u2019da, Cumhuriyet\u2019i kurarken, devrimleri y\u00fcr\u00fct\u00fcrken g\u00fcndelik hayat\u0131 i\u00e7inde, incelikleri ve insani y\u00f6nleriyle tan\u0131mak isteyenler i\u00e7in e\u015fsiz bir okuma f\u0131rsat\u0131. Atat\u00fcrk, soyad\u0131n\u0131 nas\u0131l ald\u0131?.. 19 May\u0131s nas\u0131l gen\u00e7lik bayram\u0131 oldu?.. Latife Han\u0131m\u2019a nas\u0131l evlenme teklif etti?.. Sevdi\u011fi at\u0131yla nas\u0131l vedala\u015ft\u0131?.. B\u00fcy\u00fck Taarruz\u2019a nas\u0131l karar verildi?.. Cephane sand\u0131\u011f\u0131nda nas\u0131l kitap ta\u015f\u0131d\u0131?.. \u00dcnl\u00fc yazar\u0131m\u0131z Haldun Taner, Atat\u00fcrk\u2019\u00fcn g\u00f6zlerine neden bakamad\u0131?.. Hendese nas\u0131l geometri oldu?.. Kad\u0131n \u00f6\u011fretmenlerin ayr\u0131 oturtulmas\u0131na nas\u0131l kar\u015f\u0131 \u00e7\u0131kt\u0131?.. K\u00f6pe\u011fi Foks\u2019la neler ya\u015fad\u0131?.. Neye \u201c\u0130kinci Sakarya Zaferim\u201d dedi?.. Atat\u00fcrk\u2019e Mark Twain \u00d6d\u00fcl\u00fc neden verilmi\u015fti?.. \u201cHayatta en hakiki m\u00fcr\u015fit ilimdir,\u201d s\u00f6z\u00fcn\u00fc nerede, ne zaman s\u00f6yledi?.. S\u00fcleyman Bulut Atat\u00fcrk\u2019le ilgili birbirinden ilgin\u00e7 iki y\u00fcz\u00fc a\u015fk\u0131n an\u0131y\u0131 ara\u015ft\u0131rd\u0131, derledi, kendine \u00f6zg\u00fcn \u00fcslubuyla \u00f6yk\u00fcle\u015ftirdi. Bug\u00fcne dek y\u00fcz binlerce okura ula\u015fm\u0131\u015f B\u00fcy\u00fck Atat\u00fcrk\u2019ten K\u00fc\u00e7\u00fck \u00d6yk\u00fcler\u2019in bu bas\u0131m\u0131, 70 yeni \u00f6yk\u00fc de i\u00e7eriyor. <\/p>\n","protected":false},"excerpt":{"rendered":"<p>Pek \u00c7o\u011funu \u0130lk Kez Okuyaca\u011f\u0131n\u0131z Y\u00fczlerce Atat\u00fcrk \u00d6yk\u00fcs\u00fc! Mustafa Kemal Atat\u00fcrk\u2019\u00fc \u00c7anakkale\u2019de, Amasya\u2019da, Erzurum\u2019da, Sivas\u2019ta, Ankara\u2019da, Sakarya\u2019da, B\u00fcy\u00fck Taarruz\u2019da, Cumhuriyet\u2019i kurarken, devrimleri y\u00fcr\u00fct\u00fcrken g\u00fcndelik hayat\u0131 i\u00e7inde,<span class=\"excerpt-hellip\"> [\u2026]<\/span><\/p>\n","protected":false},"featured_media":0,"template":"","meta":{"_monsterinsights_skip_tracking":false,"_monsterinsights_sitenote_active":false,"_monsterinsights_sitenote_note":"","_monsterinsights_sitenote_category":0},"product_brand":[],"product_cat":[14009,12291],"product_tag":[],"class_list":{"0":"post-715150","1":"product","2":"type-product","3":"status-publish","5":"product_cat-biyografi-otobiyografi-edebiyat","6":"product_cat-edebiyat","7":"pa_cilt-ciltsiz","8":"pa_tur-kitap","9":"pa_yayinevi-can-yayinlari","10":"pa_yazar-suleyman-bulut","12":"first","13":"instock","14":"sale","15":"shipping-taxable","16":"purchasable","17":"product-type-simple"},"_links":{"self":[{"href":"https:\/\/roveyayinevi.com.tr\/index.php\/wp-json\/wp\/v2\/product\/715150","targetHints":{"allow":["GET"]}}],"collection":[{"href":"https:\/\/roveyayinevi.com.tr\/index.php\/wp-json\/wp\/v2\/product"}],"about":[{"href":"https:\/\/roveyayinevi.com.tr\/index.php\/wp-json\/wp\/v2\/types\/product"}],"wp:attachment":[{"href":"https:\/\/roveyayinevi.com.tr\/index.php\/wp-json\/wp\/v2\/media?parent=715150"}],"wp:term":[{"taxonomy":"product_brand","embeddable":true,"href":"https:\/\/roveyayinevi.com.tr\/index.php\/wp-json\/wp\/v2\/product_brand?post=715150"},{"taxonomy":"product_cat","embeddable":true,"href":"https:\/\/roveyayinevi.com.tr\/index.php\/wp-json\/wp\/v2\/product_cat?post=715150"},{"taxonomy":"product_tag","embeddable":true,"href":"https:\/\/roveyayinevi.com.tr\/index.php\/wp-json\/wp\/v2\/product_tag?post=715150"}],"curies":[{"name":"wp","href":"https:\/\/api.w.org\/{rel}","templated":true}]}}