{"id":715148,"date":"2025-08-27T17:26:48","date_gmt":"2025-08-27T14:26:48","guid":{"rendered":"https:\/\/roveyayinevi.com.tr\/index.php\/urun\/dusme-korkusu\/"},"modified":"2026-04-13T02:29:04","modified_gmt":"2026-04-12T23:29:04","slug":"dusme-korkusu","status":"publish","type":"product","link":"https:\/\/roveyayinevi.com.tr\/index.php\/urun\/dusme-korkusu\/","title":{"rendered":"D\u00fc\u015fme Korkusu"},"content":{"rendered":"<p>\u201c\u015eimdi \u00f6yle bir \u015fey ki yazmak, sigara tiryakili\u011finden daha b\u00fcy\u00fck bir tiryakilik. Sahiden. Ben elimden d\u00fc\u015f\u00fcrmedi\u011fim sigaray\u0131 kolayca b\u0131rakt\u0131m, hi\u00e7 de aramad\u0131m. Fakat yazmay\u0131 b\u0131rakamad\u0131m, tiryakilik o dereceydi. \u015eimdi yakla\u015f\u0131k son iki y\u0131ld\u0131r evden d\u0131\u015far\u0131 \u00e7\u0131kam\u0131yorum, yine de yazmadan duram\u0131yorum. Yazmak, su i\u00e7er gibi i\u00e7imden geliyor hep. Son d\u00f6nemde yatakta daha s\u0131k zaman ge\u00e7iriyorum. \u00dc\u00e7 kere d\u00fc\u015fm\u00fc\u015f\u00fcm yere. Doktorlar taraf\u0131ndan s\u0131rt \u00fcst\u00fc yata\u011fa yat\u0131r\u0131lm\u0131\u015f\u0131m. Zaman i\u00e7inde yava\u015f yava\u015f kendime geldim. Fakat korkuyu yenemedim. O d\u00f6nemde i\u00e7imde b\u00fcy\u00fck bir d\u00fc\u015fme korkusu vard\u0131. Onu mutlaka bir bi\u00e7im alt\u0131nda anlatmak istiyordum. D\u00fc\u015fmek sadece yere d\u00fc\u015fmekten ibaret de\u011fil. Bir de manevi yan\u0131 var.D\u00fc\u015fme Korkusu ad\u0131 alt\u0131nda alt\u0131 tane hik\u00e2ye yazd\u0131m. \u00c7\u00fcnk\u00fc d\u00fc\u015fmenin \u00e7e\u015fitli anlamlar\u0131 var. Sayg\u0131nl\u0131\u011f\u0131n\u0131 kaybetmek var, de\u011ferini kaybetmek, g\u00f6zden d\u00fc\u015fmek, \u00e7aresizli\u011fe d\u00fc\u015fmek var. Bunun manevi yan\u0131n\u0131 g\u00f6z \u00f6n\u00fcnde tutarak d\u00fc\u015fme korkusunu yazmaya karar verdim.\u201d  Adalet A\u011fao\u011flu<\/p>\n","protected":false},"excerpt":{"rendered":"<p>\u201c\u015eimdi \u00f6yle bir \u015fey ki yazmak, sigara tiryakili\u011finden daha b\u00fcy\u00fck bir tiryakilik. Sahiden. Ben elimden d\u00fc\u015f\u00fcrmedi\u011fim sigaray\u0131 kolayca b\u0131rakt\u0131m, hi\u00e7 de aramad\u0131m. Fakat yazmay\u0131 b\u0131rakamad\u0131m, tiryakilik<span class=\"excerpt-hellip\"> [\u2026]<\/span><\/p>\n","protected":false},"featured_media":0,"template":"","meta":{"_monsterinsights_skip_tracking":false,"_monsterinsights_sitenote_active":false,"_monsterinsights_sitenote_note":"","_monsterinsights_sitenote_category":0},"product_brand":[],"product_cat":[12291,12711],"product_tag":[],"class_list":{"0":"post-715148","1":"product","2":"type-product","3":"status-publish","5":"product_cat-edebiyat","6":"product_cat-roman-oyku","7":"pa_cilt-ciltsiz","8":"pa_tur-kitap","9":"pa_yayinevi-everest-yayinlari","10":"pa_yazar-adalet-agaoglu","12":"first","13":"instock","14":"sale","15":"shipping-taxable","16":"purchasable","17":"product-type-simple"},"_links":{"self":[{"href":"https:\/\/roveyayinevi.com.tr\/index.php\/wp-json\/wp\/v2\/product\/715148","targetHints":{"allow":["GET"]}}],"collection":[{"href":"https:\/\/roveyayinevi.com.tr\/index.php\/wp-json\/wp\/v2\/product"}],"about":[{"href":"https:\/\/roveyayinevi.com.tr\/index.php\/wp-json\/wp\/v2\/types\/product"}],"wp:attachment":[{"href":"https:\/\/roveyayinevi.com.tr\/index.php\/wp-json\/wp\/v2\/media?parent=715148"}],"wp:term":[{"taxonomy":"product_brand","embeddable":true,"href":"https:\/\/roveyayinevi.com.tr\/index.php\/wp-json\/wp\/v2\/product_brand?post=715148"},{"taxonomy":"product_cat","embeddable":true,"href":"https:\/\/roveyayinevi.com.tr\/index.php\/wp-json\/wp\/v2\/product_cat?post=715148"},{"taxonomy":"product_tag","embeddable":true,"href":"https:\/\/roveyayinevi.com.tr\/index.php\/wp-json\/wp\/v2\/product_tag?post=715148"}],"curies":[{"name":"wp","href":"https:\/\/api.w.org\/{rel}","templated":true}]}}