{"id":715147,"date":"2025-08-27T17:26:48","date_gmt":"2025-08-27T14:26:48","guid":{"rendered":"https:\/\/roveyayinevi.com.tr\/index.php\/urun\/genleriniz-kaderiniz-degildir\/"},"modified":"2025-11-21T04:57:05","modified_gmt":"2025-11-21T01:57:05","slug":"genleriniz-kaderiniz-degildir","status":"publish","type":"product","link":"https:\/\/roveyayinevi.com.tr\/index.php\/urun\/genleriniz-kaderiniz-degildir\/","title":{"rendered":"Genleriniz Kaderiniz De\u011fildir"},"content":{"rendered":"<p>GENLERiNiZ KADER\u0130N\u0130Z DE\u011e\u0130LD\u0130R! Vitaminler, yeni a\u00e7\u0131lan su yer, bir avu\u00e7 ceviz, \u00fc\u00e7 badem, i\u015fyerinde terfi, be\u015f kilo vermek, evlenmek, oyunda bir basamak atlamak, limon dilimli su\u2026 Hi\u00e7biri ve hi\u00e7bir \u015fey o as\u0131l arad\u0131\u011f\u0131n\u0131z \u015feyi buldu\u011funuzu hissettirmedi, de\u011fil mi? G\u00fcn\u00fcn sonunda, bir \u015feylerin yolunda gitmedi\u011fi hissiyle ba\u015f ba\u015fa kald\u0131\u011f\u0131n\u0131z\u0131 m\u0131 d\u00fc\u015f\u00fcn\u00fcyorsunuz siz de? Genleriniz Kaderiniz De\u011fildir, g\u00fcn\u00fc kurtarmak gibi ge\u00e7ici y\u00fckseli\u015fler yerine sa\u011fl\u0131kl\u0131 ve iyi hissetme halini ya\u015fam\u0131n\u0131n geneline yaymak isteyenler i\u00e7in ger\u00e7ek bir kaynak kitap.G\u00fcnl\u00fck Rutinlerle Ya\u015fam\u0131n\u0131z\u0131 De\u011fi\u015ftirin \u2022 Stres Y\u00f6netimi \u2022 Zay\u0131flamak \u0130\u00e7in \u00d6neriler \u2022 Uykusuzluk \u0130\u00e7in \u00d6neriler \u2022 Duygusal Detoks Program\u0131\u2022 Sindirim Sistemi Sa\u011fl\u0131\u011f\u0131\u2022 Ayurvedik Beslenme \u2022 Baharatlar\u0131n Mucizevi Etkileri \u2022 \u00d6zel \u00c7ay Tarifleri ve Ev Yap\u0131m\u0131 Re\u00e7eteler\u2022 Omurga Sa\u011fl\u0131\u011f\u0131 \u0130\u00e7in Ev ve Ofis Yogas\u0131 Programlar\u0131 \u2022 Tek Ba\u015f\u0131na Uygulanan Masaj TeknikleriEbru \u015einik yepyeni ke\u015fiflerle dolu, fark\u0131ndal\u0131k y\u00fckselten ikinci kitab\u0131nda, hayat\u0131n\u0131za kataca\u011f\u0131n\u0131z basit g\u00fcnl\u00fck rutinlerle s\u00fcrd\u00fcr\u00fclebilir mutlulu\u011fun form\u00fcl\u00fcn\u00fc verirken, iyi bir arkada\u015f gibi her an yan\u0131n\u0131zda oluyor ve sizi y\u00fcreklendiriyor.G\u00dcN DE\u011e\u0130S\u0130NCE, SEN DE\u011e\u0130\u015e\u0130RS\u0130N!SEN DE\u011e\u0130\u015e\u0130NCE, GENLER\u0130N\u0130N \u0130FADES\u0130 DE\u011e\u0130\u015e\u0130R! .<\/p>\n","protected":false},"excerpt":{"rendered":"<p>GENLERiNiZ KADER\u0130N\u0130Z DE\u011e\u0130LD\u0130R! Vitaminler, yeni a\u00e7\u0131lan su yer, bir avu\u00e7 ceviz, \u00fc\u00e7 badem, i\u015fyerinde terfi, be\u015f kilo vermek, evlenmek, oyunda bir basamak atlamak, limon dilimli su\u2026<span class=\"excerpt-hellip\"> [\u2026]<\/span><\/p>\n","protected":false},"featured_media":0,"template":"","meta":{"_monsterinsights_skip_tracking":false,"_monsterinsights_sitenote_active":false,"_monsterinsights_sitenote_note":"","_monsterinsights_sitenote_category":0},"product_brand":[],"product_cat":[16965,13365],"product_tag":[],"class_list":{"0":"post-715147","1":"product","2":"type-product","3":"status-publish","5":"product_cat-genel-saglik-kitaplari","6":"product_cat-saglik","7":"pa_cilt-ciltsiz","8":"pa_tur-kitap","9":"pa_yayinevi-libros-yayinlari","10":"pa_yazar-ebru-sinik","12":"first","13":"instock","14":"sale","15":"shipping-taxable","16":"purchasable","17":"product-type-simple"},"_links":{"self":[{"href":"https:\/\/roveyayinevi.com.tr\/index.php\/wp-json\/wp\/v2\/product\/715147","targetHints":{"allow":["GET"]}}],"collection":[{"href":"https:\/\/roveyayinevi.com.tr\/index.php\/wp-json\/wp\/v2\/product"}],"about":[{"href":"https:\/\/roveyayinevi.com.tr\/index.php\/wp-json\/wp\/v2\/types\/product"}],"wp:attachment":[{"href":"https:\/\/roveyayinevi.com.tr\/index.php\/wp-json\/wp\/v2\/media?parent=715147"}],"wp:term":[{"taxonomy":"product_brand","embeddable":true,"href":"https:\/\/roveyayinevi.com.tr\/index.php\/wp-json\/wp\/v2\/product_brand?post=715147"},{"taxonomy":"product_cat","embeddable":true,"href":"https:\/\/roveyayinevi.com.tr\/index.php\/wp-json\/wp\/v2\/product_cat?post=715147"},{"taxonomy":"product_tag","embeddable":true,"href":"https:\/\/roveyayinevi.com.tr\/index.php\/wp-json\/wp\/v2\/product_tag?post=715147"}],"curies":[{"name":"wp","href":"https:\/\/api.w.org\/{rel}","templated":true}]}}