{"id":715146,"date":"2025-08-27T17:26:47","date_gmt":"2025-08-27T14:26:47","guid":{"rendered":"https:\/\/roveyayinevi.com.tr\/index.php\/urun\/mirasyediler\/"},"modified":"2026-04-16T02:23:21","modified_gmt":"2026-04-15T23:23:21","slug":"mirasyediler","status":"publish","type":"product","link":"https:\/\/roveyayinevi.com.tr\/index.php\/urun\/mirasyediler\/","title":{"rendered":"Mirasyediler"},"content":{"rendered":"<p>New York Times \u00c7okSatanlarlistesinegiren, People, Washington Post, San Fransisco Chronicle taraf\u0131ndanyay\u0131mland\u0131\u011f\u0131y\u0131l\u0131neniyikitab\u0131se\u00e7ilen, film haklar\u0131 Amazon Studios taraf\u0131ndan sat\u0131n al\u0131nanveyirmibe\u015ftenfazladile\u00e7evrilenkeyiflibiredebike\u015fif. \u201cMirasyediler\u2019dekid\u00f6rtyeti\u015fkinkarde\u015fivearalar\u0131ndapayla\u015ft\u0131r\u0131lanmiras\u0131anlatansahnelerdesinemasalbirtarafvar, kesinliklebir film gibie\u011flenceli.\u201d-Elle Her ailenins\u0131k\u0131nt\u0131lar\u0131olur.AncakPlumblarkadars\u0131k\u0131nt\u0131l\u0131s\u0131n\u0131bulmakger\u00e7ektenzor. Melody, Beatrice ve Jack Plumb karde\u015fleriny\u0131llard\u0131rbiriktirdi\u011fi\u00f6fkevek\u0131rg\u0131nl\u0131klar\u0131 o g\u00fcnpatlamanoktas\u0131nagelmi\u015fti.Karizmatikamasorumsuza\u011fabeyleri Leo ilerehabilitasyonmerkezinden\u00e7\u0131kt\u0131\u011f\u0131ndanberi ilk defag\u00f6r\u00fc\u015f\u00fcyorlard\u0131.Aylar\u00f6nce Leo sarho\u015fken, on dokuzya\u015f\u0131ndabirgarsonk\u0131zladireksiyonba\u015f\u0131nage\u00e7mi\u015fti.Yapt\u0131\u011f\u0131kaza da Plumb karde\u015flerin, babalar\u0131ndankalanortakbirikimfonunutehlikeyeatm\u0131\u015ft\u0131.\u00dcstelikparayaeri\u015fmelerinesadecebirka\u00e7 ay varken&#8230; Hepsiburadangelecekparayabukadarihtiya\u00e7duyarkena\u011fabeylerininsorumsuzlu\u011fuy\u00fcz\u00fcndenhayatlar\u0131yinetehlikelisularay\u00f6nelen Plumb karde\u015flerikomikoldu\u011fukadarac\u0131mas\u0131zg\u00fcnler de bekliyordu. Cynthia d\u2019Aprix Sweeney bu ilk roman\u0131ndaailening\u00fcc\u00fcn\u00fc, arkada\u015fl\u0131\u011f\u0131nta\u015f\u0131d\u0131\u011f\u0131ihtimalleri, birbirimizenas\u0131lg\u00fcvendi\u011fimizivebug\u00fcveninas\u0131l\u00e7ar\u00e7uretti\u011fimizianlat\u0131yor<\/p>\n","protected":false},"excerpt":{"rendered":"<p>New York Times \u00c7okSatanlarlistesinegiren, People, Washington Post, San Fransisco Chronicle taraf\u0131ndanyay\u0131mland\u0131\u011f\u0131y\u0131l\u0131neniyikitab\u0131se\u00e7ilen, film haklar\u0131 Amazon Studios taraf\u0131ndan sat\u0131n al\u0131nanveyirmibe\u015ftenfazladile\u00e7evrilenkeyiflibiredebike\u015fif. \u201cMirasyediler\u2019dekid\u00f6rtyeti\u015fkinkarde\u015fivearalar\u0131ndapayla\u015ft\u0131r\u0131lanmiras\u0131anlatansahnelerdesinemasalbirtarafvar, kesinliklebir film gibie\u011flenceli.\u201d-Elle Her ailenins\u0131k\u0131nt\u0131lar\u0131olur.AncakPlumblarkadars\u0131k\u0131nt\u0131l\u0131s\u0131n\u0131bulmakger\u00e7ektenzor. Melody, Beatrice<span class=\"excerpt-hellip\"> [\u2026]<\/span><\/p>\n","protected":false},"featured_media":0,"template":"","meta":{"_monsterinsights_skip_tracking":false,"_monsterinsights_sitenote_active":false,"_monsterinsights_sitenote_note":"","_monsterinsights_sitenote_category":0},"product_brand":[],"product_cat":[12291,12711],"product_tag":[],"class_list":{"0":"post-715146","1":"product","2":"type-product","3":"status-publish","5":"product_cat-edebiyat","6":"product_cat-roman-oyku","7":"pa_cilt-ciltsiz","8":"pa_tur-kitap","9":"pa_yayinevi-epsilon-yayinlari","10":"pa_yazar-cynthia-daprix-sweeney","12":"first","13":"instock","14":"sale","15":"shipping-taxable","16":"purchasable","17":"product-type-simple"},"_links":{"self":[{"href":"https:\/\/roveyayinevi.com.tr\/index.php\/wp-json\/wp\/v2\/product\/715146","targetHints":{"allow":["GET"]}}],"collection":[{"href":"https:\/\/roveyayinevi.com.tr\/index.php\/wp-json\/wp\/v2\/product"}],"about":[{"href":"https:\/\/roveyayinevi.com.tr\/index.php\/wp-json\/wp\/v2\/types\/product"}],"wp:attachment":[{"href":"https:\/\/roveyayinevi.com.tr\/index.php\/wp-json\/wp\/v2\/media?parent=715146"}],"wp:term":[{"taxonomy":"product_brand","embeddable":true,"href":"https:\/\/roveyayinevi.com.tr\/index.php\/wp-json\/wp\/v2\/product_brand?post=715146"},{"taxonomy":"product_cat","embeddable":true,"href":"https:\/\/roveyayinevi.com.tr\/index.php\/wp-json\/wp\/v2\/product_cat?post=715146"},{"taxonomy":"product_tag","embeddable":true,"href":"https:\/\/roveyayinevi.com.tr\/index.php\/wp-json\/wp\/v2\/product_tag?post=715146"}],"curies":[{"name":"wp","href":"https:\/\/api.w.org\/{rel}","templated":true}]}}