{"id":715144,"date":"2025-08-27T17:26:46","date_gmt":"2025-08-27T14:26:46","guid":{"rendered":"https:\/\/roveyayinevi.com.tr\/index.php\/urun\/eylul-biraz\/"},"modified":"2026-04-16T02:23:21","modified_gmt":"2026-04-15T23:23:21","slug":"eylul-biraz","status":"publish","type":"product","link":"https:\/\/roveyayinevi.com.tr\/index.php\/urun\/eylul-biraz\/","title":{"rendered":"Eyl\u00fcl Biraz"},"content":{"rendered":"<p>Bir tebess\u00fcm avucuna b\u0131rakt\u0131\u011f\u0131m\u0131z d\u00fc\u015fler Hesap soruyor \u015fimdi k\u0131r\u0131\u015fm\u0131\u015f al\u0131nlarda Yoruldu g\u00fcn, yakla\u015f\u0131yor ak\u015fam Bir eyvah ki ince bir marazd\u0131r tenhalarda \u015eiir yorgun insan i\u015fi Biraz da beceriksiz ya\u015famakta \u015eiirden \u00f6tesi susmaksa Sesimizi g\u00f6\u011fe as\u0131p \u0131smarlad\u0131k Allah&#8217;a <\/p>\n","protected":false},"excerpt":{"rendered":"<p>Bir tebess\u00fcm avucuna b\u0131rakt\u0131\u011f\u0131m\u0131z d\u00fc\u015fler Hesap soruyor \u015fimdi k\u0131r\u0131\u015fm\u0131\u015f al\u0131nlarda Yoruldu g\u00fcn, yakla\u015f\u0131yor ak\u015fam Bir eyvah ki ince bir marazd\u0131r tenhalarda \u015eiir yorgun insan i\u015fi Biraz<span class=\"excerpt-hellip\"> [\u2026]<\/span><\/p>\n","protected":false},"featured_media":0,"template":"","meta":{"_monsterinsights_skip_tracking":false,"_monsterinsights_sitenote_active":false,"_monsterinsights_sitenote_note":"","_monsterinsights_sitenote_category":0},"product_brand":[],"product_cat":[12291,12509],"product_tag":[],"class_list":{"0":"post-715144","1":"product","2":"type-product","3":"status-publish","5":"product_cat-edebiyat","6":"product_cat-siir","7":"pa_cilt-ciltsiz","8":"pa_tur-kitap","9":"pa_yayinevi-profil-kitap","10":"pa_yazar-serap-kadioglu","12":"first","13":"instock","14":"sale","15":"shipping-taxable","16":"purchasable","17":"product-type-simple"},"_links":{"self":[{"href":"https:\/\/roveyayinevi.com.tr\/index.php\/wp-json\/wp\/v2\/product\/715144","targetHints":{"allow":["GET"]}}],"collection":[{"href":"https:\/\/roveyayinevi.com.tr\/index.php\/wp-json\/wp\/v2\/product"}],"about":[{"href":"https:\/\/roveyayinevi.com.tr\/index.php\/wp-json\/wp\/v2\/types\/product"}],"wp:attachment":[{"href":"https:\/\/roveyayinevi.com.tr\/index.php\/wp-json\/wp\/v2\/media?parent=715144"}],"wp:term":[{"taxonomy":"product_brand","embeddable":true,"href":"https:\/\/roveyayinevi.com.tr\/index.php\/wp-json\/wp\/v2\/product_brand?post=715144"},{"taxonomy":"product_cat","embeddable":true,"href":"https:\/\/roveyayinevi.com.tr\/index.php\/wp-json\/wp\/v2\/product_cat?post=715144"},{"taxonomy":"product_tag","embeddable":true,"href":"https:\/\/roveyayinevi.com.tr\/index.php\/wp-json\/wp\/v2\/product_tag?post=715144"}],"curies":[{"name":"wp","href":"https:\/\/api.w.org\/{rel}","templated":true}]}}