{"id":715143,"date":"2025-08-27T17:26:45","date_gmt":"2025-08-27T14:26:45","guid":{"rendered":"https:\/\/roveyayinevi.com.tr\/index.php\/urun\/her-seyi-yanlis-anlayan-kedi\/"},"modified":"2026-04-16T02:23:21","modified_gmt":"2026-04-15T23:23:21","slug":"her-seyi-yanlis-anlayan-kedi","status":"publish","type":"product","link":"https:\/\/roveyayinevi.com.tr\/index.php\/urun\/her-seyi-yanlis-anlayan-kedi\/","title":{"rendered":"Her \u015eeyi Yanl\u0131\u015f Anlayan Kedi"},"content":{"rendered":"<p>\u0130nsanlar kokla\u015fa kokla\u015fa, kediler konu\u015fa konu\u015fa anla\u015f\u0131r.Behi\u00e7 Ak, \u00e7ocuklar\u0131n zengin i\u00e7d\u00fcnyalar\u0131n\u0131, ya\u015fam s\u0131n\u0131rlar\u0131n\u0131 geni\u015fletme isteklerini ve merakl\u0131 hallerini yans\u0131tt\u0131\u011f\u0131 \u00e7ocuk romanlar\u0131na bir yenisini ekledi. Yaz\u0131p resimledi\u011fi kitaplar\u0131nda, \u0130stanbul&#8217;un kedilerini, insanlar\u0131n\u0131 ve mek\u00e2nlar\u0131n\u0131 e\u015fsiz bir kurguyla bir araya getiren sanat\u00e7\u0131, bu kez okurlar\u0131n\u0131 Anadolu&#8217;da nostaljik bir \u00e7evreye, eski bir eve davet ediyor. Bir ev kedisinin h\u0131nz\u0131r zihninden, insanlar\u0131n ve hayvanlar\u0131n payla\u015ft\u0131\u011f\u0131 ya\u015fam alanlar\u0131n\u0131 ironik tasvirlerle ustaca donat\u0131yor. Canl\u0131lararas\u0131 ileti\u015fimin mutlakl\u0131\u011f\u0131na ve &#8220;bir arada ya\u015fayabiliriz&#8221; duygusuna g\u00f6z k\u0131rpan bir roman.Nazl\u0131 ad\u0131ndaki kedi \u00f6yle kendinden emindi ki, r\u00fczg\u00e2r\u0131n bile kendisi i\u00e7in esti\u011fini san\u0131yordu. T\u00fcm aile, onun k\u00f6lesiydi sanki. Mimar baban\u0131n yeni projesi nedeniyle ta\u015f\u0131nacak olmalar\u0131n\u0131 da \u00fcst\u00fcne al\u0131nm\u0131\u015ft\u0131. Oktay \u00f6nce okulundan ayr\u0131lacak olmas\u0131n\u0131 dert etmi\u015f ama d\u00fc\u015f\u00fcnd\u00fck\u00e7e k\u00fc\u00e7\u00fck bir kente ta\u015f\u0131nmak cazip gelmeye ba\u015flam\u0131\u015ft\u0131. Farkl\u0131 bir ev, geni\u015f oyun alanlar\u0131, ilgin\u00e7 kom\u015fular ve yeni kurulacak hayvanat bah\u00e7esi hepsinin al\u0131\u015fkanl\u0131klar\u0131n\u0131 de\u011fi\u015ftirecekti. Ya Nazl\u0131 Kedi&#8217;ninkileri?..<\/p>\n","protected":false},"excerpt":{"rendered":"<p>\u0130nsanlar kokla\u015fa kokla\u015fa, kediler konu\u015fa konu\u015fa anla\u015f\u0131r.Behi\u00e7 Ak, \u00e7ocuklar\u0131n zengin i\u00e7d\u00fcnyalar\u0131n\u0131, ya\u015fam s\u0131n\u0131rlar\u0131n\u0131 geni\u015fletme isteklerini ve merakl\u0131 hallerini yans\u0131tt\u0131\u011f\u0131 \u00e7ocuk romanlar\u0131na bir yenisini ekledi. Yaz\u0131p resimledi\u011fi<span class=\"excerpt-hellip\"> [\u2026]<\/span><\/p>\n","protected":false},"featured_media":0,"template":"","meta":{"_monsterinsights_skip_tracking":false,"_monsterinsights_sitenote_active":false,"_monsterinsights_sitenote_note":"","_monsterinsights_sitenote_category":0},"product_brand":[],"product_cat":[12275,12274],"product_tag":[],"class_list":{"0":"post-715143","1":"product","2":"type-product","3":"status-publish","5":"product_cat-6-12-yas-kitaplari","6":"product_cat-cocuk-ve-genclik-kitaplari","7":"pa_cilt-ciltsiz","8":"pa_tur-kitap","9":"pa_yayinevi-gunisigi-kitapligi","10":"pa_yazar-behic-ak","12":"first","13":"instock","14":"sale","15":"shipping-taxable","16":"purchasable","17":"product-type-simple"},"_links":{"self":[{"href":"https:\/\/roveyayinevi.com.tr\/index.php\/wp-json\/wp\/v2\/product\/715143","targetHints":{"allow":["GET"]}}],"collection":[{"href":"https:\/\/roveyayinevi.com.tr\/index.php\/wp-json\/wp\/v2\/product"}],"about":[{"href":"https:\/\/roveyayinevi.com.tr\/index.php\/wp-json\/wp\/v2\/types\/product"}],"wp:attachment":[{"href":"https:\/\/roveyayinevi.com.tr\/index.php\/wp-json\/wp\/v2\/media?parent=715143"}],"wp:term":[{"taxonomy":"product_brand","embeddable":true,"href":"https:\/\/roveyayinevi.com.tr\/index.php\/wp-json\/wp\/v2\/product_brand?post=715143"},{"taxonomy":"product_cat","embeddable":true,"href":"https:\/\/roveyayinevi.com.tr\/index.php\/wp-json\/wp\/v2\/product_cat?post=715143"},{"taxonomy":"product_tag","embeddable":true,"href":"https:\/\/roveyayinevi.com.tr\/index.php\/wp-json\/wp\/v2\/product_tag?post=715143"}],"curies":[{"name":"wp","href":"https:\/\/api.w.org\/{rel}","templated":true}]}}