{"id":715142,"date":"2025-08-27T17:26:45","date_gmt":"2025-08-27T14:26:45","guid":{"rendered":"https:\/\/roveyayinevi.com.tr\/index.php\/urun\/iyi-aile-yoktur\/"},"modified":"2026-04-16T02:23:21","modified_gmt":"2026-04-15T23:23:21","slug":"iyi-aile-yoktur","status":"publish","type":"product","link":"https:\/\/roveyayinevi.com.tr\/index.php\/urun\/iyi-aile-yoktur\/","title":{"rendered":"\u0130yi Aile Yoktur"},"content":{"rendered":"<p>\u0130yi aile yoktur. Ya da paradoks \u015fu ki iyi aile, &#8220;\u0130yi aile yoktur&#8221; d\u00fcsturuyla hareket edebilen ailedir. \u0130nsanlar \u00e7ocuk sahibi oldu\u011funda fark\u0131nda olmadan kendi \u00e7ocuklu\u011funa dair hisleri ya\u015far. \u00c7ocu\u011fumuzla ili\u015fkimiz, anne-babam\u0131zla ili\u015fkimizin devam\u0131d\u0131r.\u00c7ocu\u011fumuzla do\u011fru ba\u011f kurma, kendi \u00e7ocuklu\u011fumuzu ve i\u00e7imizdeki \u00e7ocu\u011fu tamir etmekle olur. Her insan\u0131n i\u00e7inde anne, baba, \u00e7ocuk vard\u0131r ve g\u00fc\u00e7l\u00fc psikoloji asl\u0131nda, i\u00e7imizdeki \u00e7ocu\u011fun g\u00fc\u00e7l\u00fc oldu\u011fu, sayg\u0131 g\u00f6rd\u00fc\u011f\u00fc psikolojidir.\u0130yi Aile Yoktur sadece  anne-babalar de\u011fil, \u00e7ocukluk ge\u00e7irmi\u015f ve kendisini daha iyi anlamak isteyen her ya\u015fta insan i\u00e7in yaz\u0131ld\u0131.Bu kitab\u0131n sundu\u011fu farkl\u0131 bak\u0131\u015f a\u00e7\u0131s\u0131yla, neden ac\u0131 \u00e7ekti\u011fimiz, sevilmeyi neden isteyip sevgiyi kaybetti\u011fimizde neden \u00fcz\u00fcld\u00fc\u011f\u00fcm\u00fcz, i\u015flerimizi neden erteledi\u011fimiz gibi kendimize dair bir\u00e7ok \u015feyin alt\u0131ndaki nedeni yepyeni bir g\u00f6zle, \u015fa\u015fk\u0131nl\u0131kla ke\u015ffedeceksiniz.\u0130ngiltere\u2019de Essex \u00dcniversitesi\u2019nde Psikanaliz y\u00fcksek lisans\u0131 yapan, Avrupa ve Amerika\u2019da psikoloji alan\u0131nda konferanslarda tebli\u011fler sunan ve \u00e7ocukluk at\u00f6lyeleriyle ebeveynlerle bulu\u015fan Nihan Kaya, y\u0131llarca s\u00fcren \u00e7al\u0131\u015fmalar\u0131n\u0131 bu kitapta derliyor.<\/p>\n","protected":false},"excerpt":{"rendered":"<p>\u0130yi aile yoktur. Ya da paradoks \u015fu ki iyi aile, &#8220;\u0130yi aile yoktur&#8221; d\u00fcsturuyla hareket edebilen ailedir. \u0130nsanlar \u00e7ocuk sahibi oldu\u011funda fark\u0131nda olmadan kendi \u00e7ocuklu\u011funa dair<span class=\"excerpt-hellip\"> [\u2026]<\/span><\/p>\n","protected":false},"featured_media":0,"template":"","meta":{"_monsterinsights_skip_tracking":false,"_monsterinsights_sitenote_active":false,"_monsterinsights_sitenote_note":"","_monsterinsights_sitenote_category":0},"product_brand":[],"product_cat":[20502,12357],"product_tag":[],"class_list":{"0":"post-715142","1":"product","2":"type-product","3":"status-publish","5":"product_cat-basvuru-kitaplari-psikoloji","6":"product_cat-psikoloji","7":"pa_cilt-ciltsiz","8":"pa_tur-kitap","9":"pa_yayinevi-ithaki-yayinlari","10":"pa_yazar-nihan-kaya","12":"first","13":"instock","14":"sale","15":"shipping-taxable","16":"purchasable","17":"product-type-simple"},"_links":{"self":[{"href":"https:\/\/roveyayinevi.com.tr\/index.php\/wp-json\/wp\/v2\/product\/715142","targetHints":{"allow":["GET"]}}],"collection":[{"href":"https:\/\/roveyayinevi.com.tr\/index.php\/wp-json\/wp\/v2\/product"}],"about":[{"href":"https:\/\/roveyayinevi.com.tr\/index.php\/wp-json\/wp\/v2\/types\/product"}],"wp:attachment":[{"href":"https:\/\/roveyayinevi.com.tr\/index.php\/wp-json\/wp\/v2\/media?parent=715142"}],"wp:term":[{"taxonomy":"product_brand","embeddable":true,"href":"https:\/\/roveyayinevi.com.tr\/index.php\/wp-json\/wp\/v2\/product_brand?post=715142"},{"taxonomy":"product_cat","embeddable":true,"href":"https:\/\/roveyayinevi.com.tr\/index.php\/wp-json\/wp\/v2\/product_cat?post=715142"},{"taxonomy":"product_tag","embeddable":true,"href":"https:\/\/roveyayinevi.com.tr\/index.php\/wp-json\/wp\/v2\/product_tag?post=715142"}],"curies":[{"name":"wp","href":"https:\/\/api.w.org\/{rel}","templated":true}]}}