{"id":715140,"date":"2025-08-27T17:26:43","date_gmt":"2025-08-27T14:26:43","guid":{"rendered":"https:\/\/roveyayinevi.com.tr\/index.php\/urun\/gulyabaninin-bahcesi\/"},"modified":"2026-04-16T02:23:21","modified_gmt":"2026-04-15T23:23:21","slug":"gulyabaninin-bahcesi","status":"publish","type":"product","link":"https:\/\/roveyayinevi.com.tr\/index.php\/urun\/gulyabaninin-bahcesi\/","title":{"rendered":"Gulyabaninin Bah\u00e7esi"},"content":{"rendered":"<p>Ad\u00e8le Paris\u2019te ya\u015fayan gen\u00e7 ve g\u00fczel bir kad\u0131nd\u0131r. Cerrah kocas\u0131 ve k\u00fc\u00e7\u00fck o\u011fluyla, g\u00f6r\u00fcn\u00fcrde kusursuz bir orta s\u0131n\u0131f hayat\u0131 s\u00fcrmektedir. G\u00f6r\u00fcnenin \u00f6tesinde ise Ad\u00e8le, yeniyetmeli\u011finde Milan Kundera\u2019n\u0131n Varolman\u0131n Dayan\u0131lmaz Hafifili\u011fi\u2019ni okuduktan sonra engel olamad\u0131\u011f\u0131 bir ba\u011f\u0131ml\u0131l\u0131\u011f\u0131n pen\u00e7esine d\u00fc\u015fm\u00fc\u015f ve kimli\u011fini, s\u00fcrd\u00fcrd\u00fc\u011f\u00fc iki farkl\u0131 hayat etraf\u0131nda kurmaya ba\u015flam\u0131\u015ft\u0131r: birinin \u00f6znesi sessiz, neredeyse silik e\u015f\/anne Ad\u00e8le iken di\u011ferininki cinsel itkilerini sonuna kadar takip eden, g\u00f6z\u00fc kara Ad\u00e8le\u2019dir. Fransa\u2019n\u0131n en \u00f6nemli edebiyat \u00f6d\u00fcl\u00fc Goncourt\u2019u alan Le\u00efla Slimani, hem i\u00e7erik hem de \u00fcslup a\u00e7\u0131s\u0131ndan hiddetli bu roman\u0131nda cinselli\u011fi, evli bir kad\u0131n olmay\u0131, Frans\u0131z orta s\u0131n\u0131f hayat\u0131n\u0131, anne olmay\u0131 sorguluyor; okurunu Paris\u2019in puslu ayaz\u0131na, Ad\u00e8le\u2019in pe\u015finde, dokunakl\u0131 bir ser\u00fcvene g\u00f6t\u00fcr\u00fcyor. <\/p>\n","protected":false},"excerpt":{"rendered":"<p>Ad\u00e8le Paris\u2019te ya\u015fayan gen\u00e7 ve g\u00fczel bir kad\u0131nd\u0131r. Cerrah kocas\u0131 ve k\u00fc\u00e7\u00fck o\u011fluyla, g\u00f6r\u00fcn\u00fcrde kusursuz bir orta s\u0131n\u0131f hayat\u0131 s\u00fcrmektedir. G\u00f6r\u00fcnenin \u00f6tesinde ise Ad\u00e8le, yeniyetmeli\u011finde Milan<span class=\"excerpt-hellip\"> [\u2026]<\/span><\/p>\n","protected":false},"featured_media":0,"template":"","meta":{"_monsterinsights_skip_tracking":false,"_monsterinsights_sitenote_active":false,"_monsterinsights_sitenote_note":"","_monsterinsights_sitenote_category":0},"product_brand":[],"product_cat":[12291,12711],"product_tag":[],"class_list":{"0":"post-715140","1":"product","2":"type-product","3":"status-publish","5":"product_cat-edebiyat","6":"product_cat-roman-oyku","7":"pa_cilt-ciltsiz","8":"pa_tur-kitap","9":"pa_yayinevi-ayrinti-yayinlari","10":"pa_yazar-leila-slimani","12":"first","13":"instock","14":"sale","15":"shipping-taxable","16":"purchasable","17":"product-type-simple"},"_links":{"self":[{"href":"https:\/\/roveyayinevi.com.tr\/index.php\/wp-json\/wp\/v2\/product\/715140","targetHints":{"allow":["GET"]}}],"collection":[{"href":"https:\/\/roveyayinevi.com.tr\/index.php\/wp-json\/wp\/v2\/product"}],"about":[{"href":"https:\/\/roveyayinevi.com.tr\/index.php\/wp-json\/wp\/v2\/types\/product"}],"wp:attachment":[{"href":"https:\/\/roveyayinevi.com.tr\/index.php\/wp-json\/wp\/v2\/media?parent=715140"}],"wp:term":[{"taxonomy":"product_brand","embeddable":true,"href":"https:\/\/roveyayinevi.com.tr\/index.php\/wp-json\/wp\/v2\/product_brand?post=715140"},{"taxonomy":"product_cat","embeddable":true,"href":"https:\/\/roveyayinevi.com.tr\/index.php\/wp-json\/wp\/v2\/product_cat?post=715140"},{"taxonomy":"product_tag","embeddable":true,"href":"https:\/\/roveyayinevi.com.tr\/index.php\/wp-json\/wp\/v2\/product_tag?post=715140"}],"curies":[{"name":"wp","href":"https:\/\/api.w.org\/{rel}","templated":true}]}}