{"id":715139,"date":"2025-08-27T17:26:43","date_gmt":"2025-08-27T14:26:43","guid":{"rendered":"https:\/\/roveyayinevi.com.tr\/index.php\/urun\/islamda-tasvir-sorunu-var-mi\/"},"modified":"2026-04-16T02:23:21","modified_gmt":"2026-04-15T23:23:21","slug":"islamda-tasvir-sorunu-var-mi","status":"publish","type":"product","link":"https:\/\/roveyayinevi.com.tr\/index.php\/urun\/islamda-tasvir-sorunu-var-mi\/","title":{"rendered":"\u0130slamda \u201cTasvir Sorunu\u201d Var m\u0131?"},"content":{"rendered":"<p>Bu kitap, s\u0131k s\u0131k tart\u0131\u015fmaya a\u00e7\u0131lan bir konuyu mercek alt\u0131na al\u0131yor: \u0130slam dini tasviri tabu olarak g\u00f6r\u00fcr m\u00fc? \u0130slam d\u00fcnyas\u0131nda tasvir olgusunu tarihsel bir perspektife oturtan SilviaNaef, \u0130slam gelene\u011finin tasviri b\u00fct\u00fcn\u00fcyle reddetti\u011fi fikrini hem g\u00fcncel hem de tarihsel verilerden yararlanarak tart\u0131\u015fmaya a\u00e7\u0131yor. \u0130slam\u2019\u0131n farkl\u0131 d\u00f6nemlerini ve ak\u0131mlar\u0131n\u0131 tarihsel ve co\u011frafi bir panoramada sunan Naef, M\u00fcsl\u00fcmanlar\u0131n ge\u00e7mi\u015ften bug\u00fcne, \u00f6zellikle de 19. y\u00fczy\u0131ldan itibaren canl\u0131 bir imge d\u00fcnyas\u0131na sahip oldu\u011funu ortaya koyuyor. Tasvire kar\u015f\u0131 cephe alan din adamlar\u0131 ile \u0130slam\u2019\u0131 pe\u00e7e ve sakal gibi kli\u015felere indirgeyen oryantalist bak\u0131\u015f\u0131n ayn\u0131 \u00f6l\u00e7\u00fcde tarafl\u0131 ve indirgemeci oldu\u011funu hat\u0131rlatan bu yarat\u0131c\u0131 ve ele\u015ftirel \u00e7al\u0131\u015fma okuru basmakal\u0131p cevaplar\u0131 bir kenara b\u0131rakmaya davet ediyor. <\/p>\n","protected":false},"excerpt":{"rendered":"<p>Bu kitap, s\u0131k s\u0131k tart\u0131\u015fmaya a\u00e7\u0131lan bir konuyu mercek alt\u0131na al\u0131yor: \u0130slam dini tasviri tabu olarak g\u00f6r\u00fcr m\u00fc? \u0130slam d\u00fcnyas\u0131nda tasvir olgusunu tarihsel bir perspektife oturtan<span class=\"excerpt-hellip\"> [\u2026]<\/span><\/p>\n","protected":false},"featured_media":0,"template":"","meta":{"_monsterinsights_skip_tracking":false,"_monsterinsights_sitenote_active":false,"_monsterinsights_sitenote_note":"","_monsterinsights_sitenote_category":0},"product_brand":[],"product_cat":[12718,12719],"product_tag":[],"class_list":{"0":"post-715139","1":"product","2":"type-product","3":"status-publish","5":"product_cat-din","6":"product_cat-islam","7":"pa_cilt-ciltsiz","8":"pa_tur-kitap","9":"pa_yayinevi-ayrinti-yayinlari","10":"pa_yazar-silvia-naef","12":"first","13":"instock","14":"sale","15":"shipping-taxable","16":"purchasable","17":"product-type-simple"},"_links":{"self":[{"href":"https:\/\/roveyayinevi.com.tr\/index.php\/wp-json\/wp\/v2\/product\/715139","targetHints":{"allow":["GET"]}}],"collection":[{"href":"https:\/\/roveyayinevi.com.tr\/index.php\/wp-json\/wp\/v2\/product"}],"about":[{"href":"https:\/\/roveyayinevi.com.tr\/index.php\/wp-json\/wp\/v2\/types\/product"}],"wp:attachment":[{"href":"https:\/\/roveyayinevi.com.tr\/index.php\/wp-json\/wp\/v2\/media?parent=715139"}],"wp:term":[{"taxonomy":"product_brand","embeddable":true,"href":"https:\/\/roveyayinevi.com.tr\/index.php\/wp-json\/wp\/v2\/product_brand?post=715139"},{"taxonomy":"product_cat","embeddable":true,"href":"https:\/\/roveyayinevi.com.tr\/index.php\/wp-json\/wp\/v2\/product_cat?post=715139"},{"taxonomy":"product_tag","embeddable":true,"href":"https:\/\/roveyayinevi.com.tr\/index.php\/wp-json\/wp\/v2\/product_tag?post=715139"}],"curies":[{"name":"wp","href":"https:\/\/api.w.org\/{rel}","templated":true}]}}