{"id":715138,"date":"2025-08-27T17:26:42","date_gmt":"2025-08-27T14:26:42","guid":{"rendered":"https:\/\/roveyayinevi.com.tr\/index.php\/urun\/tum-yazilari-konusmalari-1\/"},"modified":"2026-04-16T02:23:21","modified_gmt":"2026-04-15T23:23:21","slug":"tum-yazilari-konusmalari-1","status":"publish","type":"product","link":"https:\/\/roveyayinevi.com.tr\/index.php\/urun\/tum-yazilari-konusmalari-1\/","title":{"rendered":"T\u00fcm Yaz\u0131lar\u0131 Konu\u015fmalar\u0131 1"},"content":{"rendered":"<p>\u00d6zg\u00fcrl\u00fck sorunu \u00e7ok \u00f6nemli bir sorun. \u00d6zg\u00fcrl\u00fck her \u00e7a\u011fda, her toplum i\u00e7in \u00f6nemli olmu\u015ftur ama bizim i\u00e7in var olmak, yok olmak sorunudur. \u00d6zg\u00fcrl\u00fck, kendi sorunlar\u0131m\u0131z\u0131 \u00e7\u00f6zmemiz i\u00e7in, rahat\u00e7a konu\u015fabilmemiz, tart\u0131\u015fmam\u0131z, memleketin, halk\u0131n yarar\u0131na olan \u00e7\u00f6z\u00fcmlere varmam\u0131z i\u00e7in \u015fart. <\/p>\n","protected":false},"excerpt":{"rendered":"<p>\u00d6zg\u00fcrl\u00fck sorunu \u00e7ok \u00f6nemli bir sorun. \u00d6zg\u00fcrl\u00fck her \u00e7a\u011fda, her toplum i\u00e7in \u00f6nemli olmu\u015ftur ama bizim i\u00e7in var olmak, yok olmak sorunudur. \u00d6zg\u00fcrl\u00fck, kendi sorunlar\u0131m\u0131z\u0131 \u00e7\u00f6zmemiz<span class=\"excerpt-hellip\"> [\u2026]<\/span><\/p>\n","protected":false},"featured_media":0,"template":"","meta":{"_monsterinsights_skip_tracking":false,"_monsterinsights_sitenote_active":false,"_monsterinsights_sitenote_note":"","_monsterinsights_sitenote_category":0},"product_brand":[],"product_cat":[18545,12291],"product_tag":[],"class_list":{"0":"post-715138","1":"product","2":"type-product","3":"status-publish","5":"product_cat-anlati","6":"product_cat-edebiyat","7":"pa_cilt-ciltsiz","8":"pa_tur-kitap","9":"pa_yayinevi-ayrinti-yayinlari","10":"pa_yazar-vedat-turkali","12":"first","13":"instock","14":"sale","15":"shipping-taxable","16":"purchasable","17":"product-type-simple"},"_links":{"self":[{"href":"https:\/\/roveyayinevi.com.tr\/index.php\/wp-json\/wp\/v2\/product\/715138","targetHints":{"allow":["GET"]}}],"collection":[{"href":"https:\/\/roveyayinevi.com.tr\/index.php\/wp-json\/wp\/v2\/product"}],"about":[{"href":"https:\/\/roveyayinevi.com.tr\/index.php\/wp-json\/wp\/v2\/types\/product"}],"wp:attachment":[{"href":"https:\/\/roveyayinevi.com.tr\/index.php\/wp-json\/wp\/v2\/media?parent=715138"}],"wp:term":[{"taxonomy":"product_brand","embeddable":true,"href":"https:\/\/roveyayinevi.com.tr\/index.php\/wp-json\/wp\/v2\/product_brand?post=715138"},{"taxonomy":"product_cat","embeddable":true,"href":"https:\/\/roveyayinevi.com.tr\/index.php\/wp-json\/wp\/v2\/product_cat?post=715138"},{"taxonomy":"product_tag","embeddable":true,"href":"https:\/\/roveyayinevi.com.tr\/index.php\/wp-json\/wp\/v2\/product_tag?post=715138"}],"curies":[{"name":"wp","href":"https:\/\/api.w.org\/{rel}","templated":true}]}}