{"id":715137,"date":"2025-08-27T17:26:41","date_gmt":"2025-08-27T14:26:41","guid":{"rendered":"https:\/\/roveyayinevi.com.tr\/index.php\/urun\/ineklerin-gizli-hayati\/"},"modified":"2026-04-16T02:23:21","modified_gmt":"2026-04-15T23:23:21","slug":"ineklerin-gizli-hayati","status":"publish","type":"product","link":"https:\/\/roveyayinevi.com.tr\/index.php\/urun\/ineklerin-gizli-hayati\/","title":{"rendered":"\u0130neklerin Gizli Hayat\u0131"},"content":{"rendered":"<p>\u201c\u0130nsan\u0131n d\u00fcnyaya bak\u0131\u015f\u0131n\u0131 de\u011fi\u015ftiren bir kitap bu. Varl\u0131klara yakla\u015f\u0131m\u0131n\u0131 de\u011fi\u015ftiren bir kitap; \u00f6yle ki bug\u00fcnlerde ineklerin otlad\u0131\u011f\u0131 bir \u00e7ay\u0131r\u0131n yan\u0131ndan ge\u00e7sem, kendimi art\u0131k onlar\u0131n dostluklar\u0131na, g\u00f6r\u00fcn\u00fc\u015flerine kafa yorarken buluyorum. Young\u2019\u0131n kitab\u0131n\u0131 okumadan \u00f6nce hayal \u00fcr\u00fcn\u00fc olarak g\u00f6rece\u011fim, hatta sa\u00e7ma bulaca\u011f\u0131m d\u00fc\u015f\u00fcnceler&#8230; Ama art\u0131k de\u011fil.\u201d \u2013Alan Bennett Bu \u00e7iftlikte inekler serbest. Yavrular\u0131n\u0131 b\u00fcy\u00fctme, otlanma ve bar\u0131nma konusunda kararlar\u0131 kendileri veriyorlar. Ve bir ine\u011fe kendisi olma \u015fans\u0131 verildi\u011finde, \u201cNas\u0131l bir inek?\u201d sorusu, ka\u00e7 kilo etti\u011fi ya da ne kadar s\u00fct verdi\u011fi d\u0131\u015f\u0131nda da cevaplar bar\u0131nd\u0131rmaya ba\u015fl\u0131yor: \u015ei\u015fman \u015eapkal\u0131, erkekleri kad\u0131nlara tercih ediyor; ChippyMinton \u00e7amurlu bacaklarla uyumay\u0131 reddediyor ve her ak\u015fam uyku \u00f6ncesinde ki\u015fisel bak\u0131m i\u00e7in ah\u0131ra u\u011fruyor; Jake\u2019in Land Rover\u2019\u0131n egzoz borusundan \u00e7\u0131kan karbondioksit duman\u0131na tuhaf bir d\u00fc\u015fk\u00fcnl\u00fc\u011f\u00fc var; Gemima insanlar\u0131 atarl\u0131 bir kafa hareketi ile selaml\u0131yor ve \u00f6zg\u00fcrl\u00fc\u011f\u00fcnde fazlas\u0131yla \u0131srarc\u0131. Aralar\u0131nda zekisi de var anlama zorlu\u011fu \u00e7ekeni de; kibirlisi de var, d\u00fc\u015f\u00fcncelisi de. \u0130neklerin Gizli Hayat\u0131, hen\u00fcz organik kelimesinin bile ortalarda olmad\u0131\u011f\u0131 zamanlardan bug\u00fcne hayvanlar\u0131n \u00f6zel ilgi g\u00f6rd\u00fc\u011f\u00fc Kite\u2019sNest \u00c7iftli\u011fi\u2019ni idare eden RosamundYoung\u2019\u0131n y\u0131llar boyunca biriktirdi\u011fi g\u00f6zlem ve an\u0131lar\u0131ndan do\u011fan e\u015fsiz, e\u011flenceli ve fazlas\u0131yla ki\u015fisel bir kitap. B\u00fcy\u00fck \u00f6vg\u00fc toplayan ve pek \u00e7ok dile \u00e7evrilen kitab\u0131n s\u0131rr\u0131, yazar\u0131n b\u00fcy\u00fcleyici kaleminde gizli. \u201cHayvanlar \u00fczerine yaz\u0131lm\u0131\u015f en iyi kitaplardan. S\u00fcr\u00fckleyici ve duygu dolu.\u201d <\/p>\n","protected":false},"excerpt":{"rendered":"<p>\u201c\u0130nsan\u0131n d\u00fcnyaya bak\u0131\u015f\u0131n\u0131 de\u011fi\u015ftiren bir kitap bu. Varl\u0131klara yakla\u015f\u0131m\u0131n\u0131 de\u011fi\u015ftiren bir kitap; \u00f6yle ki bug\u00fcnlerde ineklerin otlad\u0131\u011f\u0131 bir \u00e7ay\u0131r\u0131n yan\u0131ndan ge\u00e7sem, kendimi art\u0131k onlar\u0131n dostluklar\u0131na, g\u00f6r\u00fcn\u00fc\u015flerine<span class=\"excerpt-hellip\"> [\u2026]<\/span><\/p>\n","protected":false},"featured_media":0,"template":"","meta":{"_monsterinsights_skip_tracking":false,"_monsterinsights_sitenote_active":false,"_monsterinsights_sitenote_note":"","_monsterinsights_sitenote_category":0},"product_brand":[],"product_cat":[13005,37328],"product_tag":[],"class_list":{"0":"post-715137","1":"product","2":"type-product","3":"status-publish","5":"product_cat-bilim-muhendislik","6":"product_cat-diger-bilim-muhendislik","7":"pa_cilt-ciltsiz","8":"pa_tur-kitap","9":"pa_yayinevi-domingo-yayinevi","10":"pa_yazar-rosamund-young","12":"first","13":"instock","14":"sale","15":"shipping-taxable","16":"purchasable","17":"product-type-simple"},"_links":{"self":[{"href":"https:\/\/roveyayinevi.com.tr\/index.php\/wp-json\/wp\/v2\/product\/715137","targetHints":{"allow":["GET"]}}],"collection":[{"href":"https:\/\/roveyayinevi.com.tr\/index.php\/wp-json\/wp\/v2\/product"}],"about":[{"href":"https:\/\/roveyayinevi.com.tr\/index.php\/wp-json\/wp\/v2\/types\/product"}],"wp:attachment":[{"href":"https:\/\/roveyayinevi.com.tr\/index.php\/wp-json\/wp\/v2\/media?parent=715137"}],"wp:term":[{"taxonomy":"product_brand","embeddable":true,"href":"https:\/\/roveyayinevi.com.tr\/index.php\/wp-json\/wp\/v2\/product_brand?post=715137"},{"taxonomy":"product_cat","embeddable":true,"href":"https:\/\/roveyayinevi.com.tr\/index.php\/wp-json\/wp\/v2\/product_cat?post=715137"},{"taxonomy":"product_tag","embeddable":true,"href":"https:\/\/roveyayinevi.com.tr\/index.php\/wp-json\/wp\/v2\/product_tag?post=715137"}],"curies":[{"name":"wp","href":"https:\/\/api.w.org\/{rel}","templated":true}]}}