{"id":715134,"date":"2025-08-27T17:26:40","date_gmt":"2025-08-27T14:26:40","guid":{"rendered":"https:\/\/roveyayinevi.com.tr\/index.php\/urun\/mismis-neredeymis-mutfakta\/"},"modified":"2026-04-16T02:23:21","modified_gmt":"2026-04-15T23:23:21","slug":"mismis-neredeymis-mutfakta","status":"publish","type":"product","link":"https:\/\/roveyayinevi.com.tr\/index.php\/urun\/mismis-neredeymis-mutfakta\/","title":{"rendered":"Mi\u015fmi\u015f Neredeymi\u015f Mutfakta"},"content":{"rendered":"<p>Merhaba sevgili okur. Benim ad\u0131m \u201cKanca.\u201d Ben bir \u201cMi\u015fmi\u015f\u201dim. Biz, \u201cMi\u015fmi\u015fler\u201d ortalama be\u015f santimetre boyunday\u0131z. Bu sebepten, sizlerle ayn\u0131 evde ya\u015fad\u0131\u011f\u0131m\u0131z halde bizi g\u00f6remezsiniz.   Mi\u015fmi\u015f de ne oluyor, dedi\u011finizi duyar gibiyim. Asl\u0131nda, \u015fu an b\u00fcy\u00fck bir kural\u0131 \u00e7i\u011fniyorum. \u201cY\u00fcce Mi\u015fmi\u015f\u201d kurallar\u0131na g\u00f6re Mi\u015fmi\u015flerin insanlarla konu\u015fmalar\u0131 yasak. Peki, ben sizinle mi konu\u015fuyorum? Yoo, hay\u0131r. Kim demi\u015f benim sizinle konu\u015ftu\u011fumu? Ben size yaz\u0131yorum ve siz de \u015fimdi benim hik\u00e2yemi okuyacaks\u0131n\u0131z.   Peki, ne oldu da ben size yazmaya karar verdim? \u00c7\u00fcnk\u00fc b\u0131kt\u0131m sizden. Dikkatsizli\u011finiz, unutkanl\u0131\u011f\u0131n\u0131z, acelecili\u011finiz&#8230; Art\u0131k yeter! Bu kadar da olmaz. Efendim? \u00c7ok mu sinirliyim? Kusura bakmay\u0131n ama sinirlenmekte hakl\u0131y\u0131m. Neden mi? Buyurun nedenlerini a\u00e7\u0131klayay\u0131m\u2026<\/p>\n","protected":false},"excerpt":{"rendered":"<p>Merhaba sevgili okur. Benim ad\u0131m \u201cKanca.\u201d Ben bir \u201cMi\u015fmi\u015f\u201dim. Biz, \u201cMi\u015fmi\u015fler\u201d ortalama be\u015f santimetre boyunday\u0131z. Bu sebepten, sizlerle ayn\u0131 evde ya\u015fad\u0131\u011f\u0131m\u0131z halde bizi g\u00f6remezsiniz. Mi\u015fmi\u015f de<span class=\"excerpt-hellip\"> [\u2026]<\/span><\/p>\n","protected":false},"featured_media":0,"template":"","meta":{"_monsterinsights_skip_tracking":false,"_monsterinsights_sitenote_active":false,"_monsterinsights_sitenote_note":"","_monsterinsights_sitenote_category":0},"product_brand":[],"product_cat":[12274,12518],"product_tag":[],"class_list":{"0":"post-715134","1":"product","2":"type-product","3":"status-publish","5":"product_cat-cocuk-ve-genclik-kitaplari","6":"product_cat-okul-oncesi-kitaplar","7":"pa_cilt-ciltsiz","8":"pa_tur-kitap","9":"pa_yayinevi-fom-kitap","10":"pa_yazar-lider-hepgenc","12":"first","13":"instock","14":"sale","15":"shipping-taxable","16":"purchasable","17":"product-type-simple"},"_links":{"self":[{"href":"https:\/\/roveyayinevi.com.tr\/index.php\/wp-json\/wp\/v2\/product\/715134","targetHints":{"allow":["GET"]}}],"collection":[{"href":"https:\/\/roveyayinevi.com.tr\/index.php\/wp-json\/wp\/v2\/product"}],"about":[{"href":"https:\/\/roveyayinevi.com.tr\/index.php\/wp-json\/wp\/v2\/types\/product"}],"wp:attachment":[{"href":"https:\/\/roveyayinevi.com.tr\/index.php\/wp-json\/wp\/v2\/media?parent=715134"}],"wp:term":[{"taxonomy":"product_brand","embeddable":true,"href":"https:\/\/roveyayinevi.com.tr\/index.php\/wp-json\/wp\/v2\/product_brand?post=715134"},{"taxonomy":"product_cat","embeddable":true,"href":"https:\/\/roveyayinevi.com.tr\/index.php\/wp-json\/wp\/v2\/product_cat?post=715134"},{"taxonomy":"product_tag","embeddable":true,"href":"https:\/\/roveyayinevi.com.tr\/index.php\/wp-json\/wp\/v2\/product_tag?post=715134"}],"curies":[{"name":"wp","href":"https:\/\/api.w.org\/{rel}","templated":true}]}}