{"id":715133,"date":"2025-08-27T17:26:39","date_gmt":"2025-08-27T14:26:39","guid":{"rendered":"https:\/\/roveyayinevi.com.tr\/index.php\/urun\/kapitalizm-olmeli\/"},"modified":"2026-04-16T02:23:21","modified_gmt":"2026-04-15T23:23:21","slug":"kapitalizm-olmeli","status":"publish","type":"product","link":"https:\/\/roveyayinevi.com.tr\/index.php\/urun\/kapitalizm-olmeli\/","title":{"rendered":"Kapitalizm \u00d6lmeli!"},"content":{"rendered":"<p>\u00d6zl\u00fc, renkli, \u00e7izgili ve iddial\u0131 bir anlat\u0131m: Kapitalizm \u00d6lmeli! Hem de bir an \u00f6nce \u00f6lmeli. \u00c7evremiz, d\u00fcnyam\u0131z, sa\u011fl\u0131\u011f\u0131m\u0131z, e\u011fitimimiz, \u00e7ocuklar\u0131m\u0131z, hayat\u0131m\u0131z i\u00e7in\u2026 Ama kendi kendine \u00f6lm\u00fcyor, birdenbire yok olmuyor. Stephanie McMillan Kapitalizm \u00d6lmeli!\u2019de, onun nas\u0131l ve ne zaman yok olabilece\u011fini, daha do\u011frusu yok edilebilece\u011fini, tepelenebilece\u011fini anlat\u0131yor. Sadece nesnel ko\u015fullara, kapitalizmin bug\u00fcnk\u00fc g\u00fc\u00e7l\u00fc ve zay\u0131f yanlar\u0131na de\u011fil, siyasi \u00f6zne cephesinde yap\u0131lmas\u0131 gerekenlere, \u201cNe Yapmal\u0131\u201dya da odaklan\u0131yor McMillan, propagandaya, ajitasyona, \u00f6rg\u00fctlenmeye\u2026 Hatta ayr\u0131nt\u0131lar\u0131yla \u201cdevrimci \u00f6rg\u00fct\u201de, \u201cara d\u00fczey \u00f6rg\u00fct\u201de, \u201ckitle \u00f6rg\u00fctleri\u201dne\u2026 Birle\u015fik Devletler\u2019in anti-kapitalist, anti-emperyalist \u00e7evreleri i\u00e7erisinde alabildi\u011fine militanca bir aray\u0131\u015f bu. Ve \u00e7izgilerin g\u00fcc\u00fc ad\u0131na, mizahi! \u201cE\u011flenceli olmaya devam ederken \u00e7ok da e\u011fitici.\u201d &#8211; Sean Michael Dodd \u201c\u00c7izimler bir hayli vurucu, tamamen anlad\u0131\u011f\u0131m\u0131 d\u00fc\u015f\u00fcnd\u00fc\u011f\u00fcm konular\u0131n i\u00e7 y\u00fcz\u00fcne dair yeni \u015feylerin fark\u0131na vard\u0131m. Geni\u015f konu ve kavramlar, olduk\u00e7a zekice, k\u0131sa ve \u00f6zl\u00fc bir bi\u00e7imde a\u00e7\u0131klanm\u0131\u015f.\u201d \u2013 Duccio<\/p>\n","protected":false},"excerpt":{"rendered":"<p>\u00d6zl\u00fc, renkli, \u00e7izgili ve iddial\u0131 bir anlat\u0131m: Kapitalizm \u00d6lmeli! Hem de bir an \u00f6nce \u00f6lmeli. \u00c7evremiz, d\u00fcnyam\u0131z, sa\u011fl\u0131\u011f\u0131m\u0131z, e\u011fitimimiz, \u00e7ocuklar\u0131m\u0131z, hayat\u0131m\u0131z i\u00e7in\u2026 Ama kendi kendine \u00f6lm\u00fcyor,<span class=\"excerpt-hellip\"> [\u2026]<\/span><\/p>\n","protected":false},"featured_media":0,"template":"","meta":{"_monsterinsights_skip_tracking":false,"_monsterinsights_sitenote_active":false,"_monsterinsights_sitenote_note":"","_monsterinsights_sitenote_category":0},"product_brand":[],"product_cat":[13590,12337],"product_tag":[],"class_list":{"0":"post-715133","1":"product","2":"type-product","3":"status-publish","5":"product_cat-arastirma-inceleme-politika-siyaset","6":"product_cat-politika-siyaset","7":"pa_cilt-ciltsiz","8":"pa_tur-kitap","9":"pa_yayinevi-yordam-kitap","10":"pa_yazar-stephanie-mcmillan","12":"first","13":"instock","14":"sale","15":"shipping-taxable","16":"purchasable","17":"product-type-simple"},"_links":{"self":[{"href":"https:\/\/roveyayinevi.com.tr\/index.php\/wp-json\/wp\/v2\/product\/715133","targetHints":{"allow":["GET"]}}],"collection":[{"href":"https:\/\/roveyayinevi.com.tr\/index.php\/wp-json\/wp\/v2\/product"}],"about":[{"href":"https:\/\/roveyayinevi.com.tr\/index.php\/wp-json\/wp\/v2\/types\/product"}],"wp:attachment":[{"href":"https:\/\/roveyayinevi.com.tr\/index.php\/wp-json\/wp\/v2\/media?parent=715133"}],"wp:term":[{"taxonomy":"product_brand","embeddable":true,"href":"https:\/\/roveyayinevi.com.tr\/index.php\/wp-json\/wp\/v2\/product_brand?post=715133"},{"taxonomy":"product_cat","embeddable":true,"href":"https:\/\/roveyayinevi.com.tr\/index.php\/wp-json\/wp\/v2\/product_cat?post=715133"},{"taxonomy":"product_tag","embeddable":true,"href":"https:\/\/roveyayinevi.com.tr\/index.php\/wp-json\/wp\/v2\/product_tag?post=715133"}],"curies":[{"name":"wp","href":"https:\/\/api.w.org\/{rel}","templated":true}]}}