{"id":715131,"date":"2025-08-27T17:26:38","date_gmt":"2025-08-27T14:26:38","guid":{"rendered":"https:\/\/roveyayinevi.com.tr\/index.php\/urun\/kuresellesmis-deger-yasasi-kiyisi-olmayan-marx\/"},"modified":"2026-04-16T02:23:21","modified_gmt":"2026-04-15T23:23:21","slug":"kuresellesmis-deger-yasasi-kiyisi-olmayan-marx","status":"publish","type":"product","link":"https:\/\/roveyayinevi.com.tr\/index.php\/urun\/kuresellesmis-deger-yasasi-kiyisi-olmayan-marx\/","title":{"rendered":"K\u00fcreselle\u015fmi\u015f De\u011fer Yasas\u0131 &#8211; K\u0131y\u0131s\u0131 Olmayan Marx"},"content":{"rendered":"<p>\u00c7a\u011f\u0131m\u0131z\u0131n \u00f6nde gelen Marksistlerinden Samir Amin, tarih\u00e7i, felsefeci, sosyolog ve siyaset bilimci kimliklerinin yan\u0131 s\u0131ra, bu eserinde a\u011f\u0131rl\u0131kla yetkin bir Marksist iktisat\u00e7\u0131 olarak \u00e7\u0131k\u0131yor kar\u015f\u0131m\u0131za. D\u00fcnyan\u0131n bug\u00fcn geldi\u011fi noktadaki sosyal adalet aray\u0131\u015f\u0131n\u0131n bilimsel temellerini, Marksist iktisad\u0131n cephaneli\u011finden dev\u015firiyor.  Marx i\u00e7in \u201ck\u0131y\u0131s\u0131 olmayan\u201d ifadesini kullanan ve onun \u00e7ok y\u00f6nl\u00fcl\u00fc\u011f\u00fcne dikkat \u00e7eken Amin, \u201cBenim i\u00e7in Marksist olmak, Marx\u2019\u0131n ba\u015flatt\u0131\u011f\u0131 \u00e7al\u0131\u015fmay\u0131 s\u00fcrd\u00fcrmek demektir; bu da, Marx\u2019ta durmak de\u011fil, ondan hareket etmektir. &#8230; Benim buradaki temel katk\u0131m, de\u011fer yasas\u0131ndan k\u00fcreselle\u015fmi\u015f de\u011fer yasas\u0131na ge\u00e7i\u015ftir\u201d diyerek koyuluyor yola. Ve yol boyunca, \u201cDe\u011fer yasas\u0131n\u0131n temel stat\u00fcs\u00fc\u201dn\u00fc, \u201cFaiz, para ve devlet\u201di, \u201cToprak rant\u0131 b\u00f6l\u00fcm\u00fc\u201dn\u00fc ve \u201cD\u00fcnya \u00f6l\u00e7e\u011finde birikim ve emperyalist rant\u201d\u0131 derinlemesine inceliyor. Bu g\u00f6rece k\u0131sa ama hayli zengin yap\u0131t\u0131nda, iktisad\u0131n zorlu matematiksel form\u00fcl ve denklemlerinin ortas\u0131nda, ak\u0131c\u0131 bir anlat\u0131m geli\u015ftiriyor. Kitab\u0131n yay\u0131na haz\u0131rl\u0131k s\u00fcrecinde, 12 A\u011fustos 2018 tarihinde kaybetti\u011fimiz Samir Amin i\u00e7in, Fikret Ba\u015fkaya\u2019n\u0131n s\u00f6zleriyle: \u201c\u0130nsan ve toplum ya\u015fam\u0131n\u0131n t\u00fcm ve\u00e7helerini bir b\u00fct\u00fcn olarak anlamaya ve anlatmaya \u00e7al\u0131\u015ft\u0131 hayat\u0131 boyunca\u2026 Geride kalan yakla\u015f\u0131k 70 y\u0131ll\u0131k d\u00f6nemin birka\u00e7 parlak beyninden biriydi\u2026 Muazzam bir kavray\u0131\u015fa ve tahlil yetene\u011fine sahipti\u2026 Hayat\u0131n\u0131 ezilen halklar\u0131n, s\u00f6m\u00fcr\u00fclen s\u0131n\u0131flar\u0131n kurtulu\u015funa adam\u0131\u015ft\u0131\u2026 Ya\u015fad\u0131\u011f\u0131 s\u00fcrece de onlar\u0131n g\u00f6z\u00fc, kula\u011f\u0131 ve y\u00fcre\u011fi oldu.\u201d <\/p>\n","protected":false},"excerpt":{"rendered":"<p>\u00c7a\u011f\u0131m\u0131z\u0131n \u00f6nde gelen Marksistlerinden Samir Amin, tarih\u00e7i, felsefeci, sosyolog ve siyaset bilimci kimliklerinin yan\u0131 s\u0131ra, bu eserinde a\u011f\u0131rl\u0131kla yetkin bir Marksist iktisat\u00e7\u0131 olarak \u00e7\u0131k\u0131yor kar\u015f\u0131m\u0131za. D\u00fcnyan\u0131n<span class=\"excerpt-hellip\"> [\u2026]<\/span><\/p>\n","protected":false},"featured_media":0,"template":"","meta":{"_monsterinsights_skip_tracking":false,"_monsterinsights_sitenote_active":false,"_monsterinsights_sitenote_note":"","_monsterinsights_sitenote_category":0},"product_brand":[],"product_cat":[13059,12337],"product_tag":[],"class_list":{"0":"post-715131","1":"product","2":"type-product","3":"status-publish","5":"product_cat-diger-politika-siyaset","6":"product_cat-politika-siyaset","7":"pa_cilt-ciltsiz","8":"pa_tur-kitap","9":"pa_yayinevi-yordam-kitap","10":"pa_yazar-samir-amin","12":"first","13":"instock","14":"sale","15":"shipping-taxable","16":"purchasable","17":"product-type-simple"},"_links":{"self":[{"href":"https:\/\/roveyayinevi.com.tr\/index.php\/wp-json\/wp\/v2\/product\/715131","targetHints":{"allow":["GET"]}}],"collection":[{"href":"https:\/\/roveyayinevi.com.tr\/index.php\/wp-json\/wp\/v2\/product"}],"about":[{"href":"https:\/\/roveyayinevi.com.tr\/index.php\/wp-json\/wp\/v2\/types\/product"}],"wp:attachment":[{"href":"https:\/\/roveyayinevi.com.tr\/index.php\/wp-json\/wp\/v2\/media?parent=715131"}],"wp:term":[{"taxonomy":"product_brand","embeddable":true,"href":"https:\/\/roveyayinevi.com.tr\/index.php\/wp-json\/wp\/v2\/product_brand?post=715131"},{"taxonomy":"product_cat","embeddable":true,"href":"https:\/\/roveyayinevi.com.tr\/index.php\/wp-json\/wp\/v2\/product_cat?post=715131"},{"taxonomy":"product_tag","embeddable":true,"href":"https:\/\/roveyayinevi.com.tr\/index.php\/wp-json\/wp\/v2\/product_tag?post=715131"}],"curies":[{"name":"wp","href":"https:\/\/api.w.org\/{rel}","templated":true}]}}